{"id":729,"date":"2021-12-22T11:52:58","date_gmt":"2021-12-22T10:52:58","guid":{"rendered":"https:\/\/dev.wisdomignite.pt\/testesofia\/produto\/sabonete-liquido-nevua-500ml\/"},"modified":"2021-12-22T11:52:58","modified_gmt":"2021-12-22T10:52:58","slug":"sabonete-liquido-nevua-500ml","status":"publish","type":"product","link":"https:\/\/dev.wisdomignite.pt\/testesofia\/produto\/sabonete-liquido-nevua-500ml\/","title":{"rendered":"Sabonete l\u00edquido Nevua &#8211; 500ml"},"content":{"rendered":"<p>Sabonete Liqu\u00eddo Nevua, Visa manter o equilibrio da pele,  deixa a sua pele macia,ahaidratada e deixando-a agaradalmente perfumada.<\/p>\n","protected":false},"excerpt":{"rendered":"<p>Sabonete Liqu\u00eddo Nevua, com fragr\u00e2ncia  de Ch\u00e1 Verde.<\/p>\n","protected":false},"featured_media":686,"comment_status":"closed","ping_status":"open","template":"","meta":[],"product_cat":[140,141,161],"product_tag":[139],"class_list":["post-729","product","type-product","status-publish","has-post-thumbnail","hentry","product_cat-consumiveis","product_cat-liquidos","product_cat-sabonete","product_tag-sabonete-liquido-nevua"],"_links":{"self":[{"href":"https:\/\/dev.wisdomignite.pt\/testesofia\/wp-json\/wp\/v2\/product\/729","targetHints":{"allow":["GET"]}}],"collection":[{"href":"https:\/\/dev.wisdomignite.pt\/testesofia\/wp-json\/wp\/v2\/product"}],"about":[{"href":"https:\/\/dev.wisdomignite.pt\/testesofia\/wp-json\/wp\/v2\/types\/product"}],"replies":[{"embeddable":true,"href":"https:\/\/dev.wisdomignite.pt\/testesofia\/wp-json\/wp\/v2\/comments?post=729"}],"wp:featuredmedia":[{"embeddable":true,"href":"https:\/\/dev.wisdomignite.pt\/testesofia\/wp-json\/wp\/v2\/media\/686"}],"wp:attachment":[{"href":"https:\/\/dev.wisdomignite.pt\/testesofia\/wp-json\/wp\/v2\/media?parent=729"}],"wp:term":[{"taxonomy":"product_cat","embeddable":true,"href":"https:\/\/dev.wisdomignite.pt\/testesofia\/wp-json\/wp\/v2\/product_cat?post=729"},{"taxonomy":"product_tag","embeddable":true,"href":"https:\/\/dev.wisdomignite.pt\/testesofia\/wp-json\/wp\/v2\/product_tag?post=729"}],"curies":[{"name":"wp","href":"https:\/\/api.w.org\/{rel}","templated":true}]}}