{"id":728,"date":"2021-12-22T11:52:58","date_gmt":"2021-12-22T10:52:58","guid":{"rendered":"https:\/\/dev.wisdomignite.pt\/testesofia\/produto\/copo-c-tampa-plastico-solo-591ml\/"},"modified":"2021-12-22T11:52:58","modified_gmt":"2021-12-22T10:52:58","slug":"copo-c-tampa-plastico-solo-591ml","status":"publish","type":"product","link":"https:\/\/dev.wisdomignite.pt\/testesofia\/produto\/copo-c-tampa-plastico-solo-591ml\/","title":{"rendered":"Copo c\/tampa Pl\u00e1stico Solo 591ml"},"content":{"rendered":"<p>Copo de Pl\u00e1stico C\/Tampa, Entender a diferen\u00e7a entre eles \u00e9 importante para saber como comprar o mais apropriado para o uso que lhe vai dar, n\u00e3o colocando em risco a sa\u00fade de quem o vai utilizar. H\u00e1 pl\u00e1sticos que podem ser t\u00f3xicos e outros que n\u00e3o s\u00e3o reutiliz\u00e1veis<\/p>\n","protected":false},"excerpt":{"rendered":"<p>Copo C\/ Tampa pl\u00e1stico,  \u00e9 o nome gen\u00e9rico para recipientes feitos de diversos tipos de pl\u00e1stico.<\/p>\n","protected":false},"featured_media":0,"comment_status":"closed","ping_status":"open","template":"","meta":[],"product_cat":[140,170],"product_tag":[138],"class_list":["post-728","product","type-product","status-publish","hentry","product_cat-consumiveis","product_cat-copos","product_tag-copo-plastico-c-tampa"],"_links":{"self":[{"href":"https:\/\/dev.wisdomignite.pt\/testesofia\/wp-json\/wp\/v2\/product\/728","targetHints":{"allow":["GET"]}}],"collection":[{"href":"https:\/\/dev.wisdomignite.pt\/testesofia\/wp-json\/wp\/v2\/product"}],"about":[{"href":"https:\/\/dev.wisdomignite.pt\/testesofia\/wp-json\/wp\/v2\/types\/product"}],"replies":[{"embeddable":true,"href":"https:\/\/dev.wisdomignite.pt\/testesofia\/wp-json\/wp\/v2\/comments?post=728"}],"wp:attachment":[{"href":"https:\/\/dev.wisdomignite.pt\/testesofia\/wp-json\/wp\/v2\/media?parent=728"}],"wp:term":[{"taxonomy":"product_cat","embeddable":true,"href":"https:\/\/dev.wisdomignite.pt\/testesofia\/wp-json\/wp\/v2\/product_cat?post=728"},{"taxonomy":"product_tag","embeddable":true,"href":"https:\/\/dev.wisdomignite.pt\/testesofia\/wp-json\/wp\/v2\/product_tag?post=728"}],"curies":[{"name":"wp","href":"https:\/\/api.w.org\/{rel}","templated":true}]}}