{"id":724,"date":"2021-12-22T11:52:57","date_gmt":"2021-12-22T10:52:57","guid":{"rendered":"https:\/\/dev.wisdomignite.pt\/testesofia\/produto\/tigela-de-sopa-plasticas-c-tampa-500ml\/"},"modified":"2021-12-22T11:52:58","modified_gmt":"2021-12-22T10:52:58","slug":"tigela-de-sopa-plasticas-c-tampa-500ml","status":"publish","type":"product","link":"https:\/\/dev.wisdomignite.pt\/testesofia\/produto\/tigela-de-sopa-plasticas-c-tampa-500ml\/","title":{"rendered":"Tigela de Sopa Pl\u00e1sticas c\/ tampa 500ml"},"content":{"rendered":"<p>Tigela se sopa Branca em Pl\u00e1tico, A\u00ed  est\u00e1 a solu\u00e7\u00e3o, estas tigelas descart\u00e1veis manter os alimentos em boas condi\u00e7\u00f5es, s\u00e3o adequados para geladeira, freezer ou microondas, e suas tampas robustas evitar derramamentos de alimentos.<\/p>\n","protected":false},"excerpt":{"rendered":"<p>Tigela de Sopa Branca em Pl\u00e1stico Poliestireno (descart\u00e1vel). Poliestireno Pr\u00f3prios para consumo alimentar, Recicl\u00e1veis, Produtos que podem ser reciclados ou usados para recupera\u00e7\u00e3o energ\u00e9tica.<\/p>\n","protected":false},"featured_media":679,"comment_status":"closed","ping_status":"open","template":"","meta":[],"product_cat":[140,172],"product_tag":[136],"class_list":["post-724","product","type-product","status-publish","has-post-thumbnail","hentry","product_cat-consumiveis","product_cat-tigelas","product_tag-tigela-de-sopa-500ml"],"_links":{"self":[{"href":"https:\/\/dev.wisdomignite.pt\/testesofia\/wp-json\/wp\/v2\/product\/724","targetHints":{"allow":["GET"]}}],"collection":[{"href":"https:\/\/dev.wisdomignite.pt\/testesofia\/wp-json\/wp\/v2\/product"}],"about":[{"href":"https:\/\/dev.wisdomignite.pt\/testesofia\/wp-json\/wp\/v2\/types\/product"}],"replies":[{"embeddable":true,"href":"https:\/\/dev.wisdomignite.pt\/testesofia\/wp-json\/wp\/v2\/comments?post=724"}],"wp:featuredmedia":[{"embeddable":true,"href":"https:\/\/dev.wisdomignite.pt\/testesofia\/wp-json\/wp\/v2\/media\/679"}],"wp:attachment":[{"href":"https:\/\/dev.wisdomignite.pt\/testesofia\/wp-json\/wp\/v2\/media?parent=724"}],"wp:term":[{"taxonomy":"product_cat","embeddable":true,"href":"https:\/\/dev.wisdomignite.pt\/testesofia\/wp-json\/wp\/v2\/product_cat?post=724"},{"taxonomy":"product_tag","embeddable":true,"href":"https:\/\/dev.wisdomignite.pt\/testesofia\/wp-json\/wp\/v2\/product_tag?post=724"}],"curies":[{"name":"wp","href":"https:\/\/api.w.org\/{rel}","templated":true}]}}