{"id":723,"date":"2021-12-22T11:52:57","date_gmt":"2021-12-22T10:52:57","guid":{"rendered":"https:\/\/dev.wisdomignite.pt\/testesofia\/produto\/taca-sobremesa-platico-50un\/"},"modified":"2021-12-22T11:52:58","modified_gmt":"2021-12-22T10:52:58","slug":"taca-sobremesa-platico-50un","status":"publish","type":"product","link":"https:\/\/dev.wisdomignite.pt\/testesofia\/produto\/taca-sobremesa-platico-50un\/","title":{"rendered":"Ta\u00e7a sobremesa pl\u00e1tico &#8211; 50un"},"content":{"rendered":"<p>Ta\u00e7a sobrimesa,  Pode ir \u00e0 m\u00e1quina de lavar lou\u00e7a, at\u00e9 50 lavagens Livre de BPA Material 100% recicl\u00e1vel martellato Portugal Ta\u00e7a de Plastico rigida com tampa para sobremesa de 175ml.<\/p>\n","protected":false},"excerpt":{"rendered":"<p>Ta\u00e7a sobremesa de pl\u00e1stico, rigido \u00e9 ideal para festas de anivers\u00e1rio, catering e outras festividades.<\/p>\n","protected":false},"featured_media":677,"comment_status":"closed","ping_status":"open","template":"","meta":[],"product_cat":[140,171],"product_tag":[134],"class_list":["post-723","product","type-product","status-publish","has-post-thumbnail","hentry","product_cat-consumiveis","product_cat-tacas","product_tag-taca-sobremesa-platica"],"_links":{"self":[{"href":"https:\/\/dev.wisdomignite.pt\/testesofia\/wp-json\/wp\/v2\/product\/723","targetHints":{"allow":["GET"]}}],"collection":[{"href":"https:\/\/dev.wisdomignite.pt\/testesofia\/wp-json\/wp\/v2\/product"}],"about":[{"href":"https:\/\/dev.wisdomignite.pt\/testesofia\/wp-json\/wp\/v2\/types\/product"}],"replies":[{"embeddable":true,"href":"https:\/\/dev.wisdomignite.pt\/testesofia\/wp-json\/wp\/v2\/comments?post=723"}],"wp:featuredmedia":[{"embeddable":true,"href":"https:\/\/dev.wisdomignite.pt\/testesofia\/wp-json\/wp\/v2\/media\/677"}],"wp:attachment":[{"href":"https:\/\/dev.wisdomignite.pt\/testesofia\/wp-json\/wp\/v2\/media?parent=723"}],"wp:term":[{"taxonomy":"product_cat","embeddable":true,"href":"https:\/\/dev.wisdomignite.pt\/testesofia\/wp-json\/wp\/v2\/product_cat?post=723"},{"taxonomy":"product_tag","embeddable":true,"href":"https:\/\/dev.wisdomignite.pt\/testesofia\/wp-json\/wp\/v2\/product_tag?post=723"}],"curies":[{"name":"wp","href":"https:\/\/api.w.org\/{rel}","templated":true}]}}