{"id":722,"date":"2021-12-22T11:52:57","date_gmt":"2021-12-22T10:52:57","guid":{"rendered":"https:\/\/dev.wisdomignite.pt\/testesofia\/produto\/copo-bebidas-quentes-50un\/"},"modified":"2021-12-22T11:52:58","modified_gmt":"2021-12-22T10:52:58","slug":"copo-bebidas-quentes-50un","status":"publish","type":"product","link":"https:\/\/dev.wisdomignite.pt\/testesofia\/produto\/copo-bebidas-quentes-50un\/","title":{"rendered":"Copo bebidas quentes &#8211; 50un"},"content":{"rendered":"<p>Copo bebidas quentes, isolam a temperatura e evitam queimar as m\u00e3os. Outros benef\u00edcios  \u00e9 o seu rebordo enrolado Para garantir a seguran\u00e7a, oferecemos Copos de Cart\u00e3o com Tampa. Os Copos de Cart\u00e3o para bebida quentes s\u00e3o aptos como Copos de Caf\u00e9 Take Away e Copos para Escrit\u00f3rio Descart\u00e1veis.<\/p>\n","protected":false},"excerpt":{"rendered":"<p>Copo bebida quentes, junto com as suas tampas, geralmente s\u00e3o utilizados como Copos de Caf\u00e9.para Levar embora n\u00e3o devemos esquecer que podemos transportar outro tipo de bebidas quentes como ch\u00e1 e capuccinos.<\/p>\n","protected":false},"featured_media":0,"comment_status":"closed","ping_status":"open","template":"","meta":[],"product_cat":[140,170],"product_tag":[132],"class_list":["post-722","product","type-product","status-publish","hentry","product_cat-consumiveis","product_cat-copos","product_tag-copo-bebidas-quentes"],"_links":{"self":[{"href":"https:\/\/dev.wisdomignite.pt\/testesofia\/wp-json\/wp\/v2\/product\/722","targetHints":{"allow":["GET"]}}],"collection":[{"href":"https:\/\/dev.wisdomignite.pt\/testesofia\/wp-json\/wp\/v2\/product"}],"about":[{"href":"https:\/\/dev.wisdomignite.pt\/testesofia\/wp-json\/wp\/v2\/types\/product"}],"replies":[{"embeddable":true,"href":"https:\/\/dev.wisdomignite.pt\/testesofia\/wp-json\/wp\/v2\/comments?post=722"}],"wp:attachment":[{"href":"https:\/\/dev.wisdomignite.pt\/testesofia\/wp-json\/wp\/v2\/media?parent=722"}],"wp:term":[{"taxonomy":"product_cat","embeddable":true,"href":"https:\/\/dev.wisdomignite.pt\/testesofia\/wp-json\/wp\/v2\/product_cat?post=722"},{"taxonomy":"product_tag","embeddable":true,"href":"https:\/\/dev.wisdomignite.pt\/testesofia\/wp-json\/wp\/v2\/product_tag?post=722"}],"curies":[{"name":"wp","href":"https:\/\/api.w.org\/{rel}","templated":true}]}}