{"id":719,"date":"2021-12-22T11:52:57","date_gmt":"2021-12-22T10:52:57","guid":{"rendered":"https:\/\/dev.wisdomignite.pt\/testesofia\/produto\/dispensador-toalha-de-mao-inox\/"},"modified":"2021-12-22T11:52:57","modified_gmt":"2021-12-22T10:52:57","slug":"dispensador-toalha-de-mao-inox","status":"publish","type":"product","link":"https:\/\/dev.wisdomignite.pt\/testesofia\/produto\/dispensador-toalha-de-mao-inox\/","title":{"rendered":"Dispensador toalha de m\u00e3o Inox"},"content":{"rendered":"<p>Dispensador  toalha de m\u00e3o A\u00e7o Inox, Com a capacidade de acomodar grande quantidade de papel, ele tem trava lateral e n\u00e3o precisa de qualquer tipo de ferramenta para abertura ou fechamento. Seu material \u00e9 nobre, diferente do pl\u00e1stico comum no mercado, e ele \u00e9 compat\u00edvel com diferentes tamanhos de papel.<\/p>\n","protected":false},"excerpt":{"rendered":"<p>Dispensador  toalha de m\u00e3o A\u00e7o Inox com  tem design moderno, \u00e9 totalmente fabricado em a\u00e7o inox e n\u00e3o apresenta dificuldades para manter a higiene.<\/p>\n","protected":false},"featured_media":671,"comment_status":"closed","ping_status":"open","template":"","meta":[],"product_cat":[168],"product_tag":[127],"class_list":["post-719","product","type-product","status-publish","has-post-thumbnail","hentry","product_cat-dispensadores","product_tag-dispensador-toalha-de-mao"],"_links":{"self":[{"href":"https:\/\/dev.wisdomignite.pt\/testesofia\/wp-json\/wp\/v2\/product\/719","targetHints":{"allow":["GET"]}}],"collection":[{"href":"https:\/\/dev.wisdomignite.pt\/testesofia\/wp-json\/wp\/v2\/product"}],"about":[{"href":"https:\/\/dev.wisdomignite.pt\/testesofia\/wp-json\/wp\/v2\/types\/product"}],"replies":[{"embeddable":true,"href":"https:\/\/dev.wisdomignite.pt\/testesofia\/wp-json\/wp\/v2\/comments?post=719"}],"wp:featuredmedia":[{"embeddable":true,"href":"https:\/\/dev.wisdomignite.pt\/testesofia\/wp-json\/wp\/v2\/media\/671"}],"wp:attachment":[{"href":"https:\/\/dev.wisdomignite.pt\/testesofia\/wp-json\/wp\/v2\/media?parent=719"}],"wp:term":[{"taxonomy":"product_cat","embeddable":true,"href":"https:\/\/dev.wisdomignite.pt\/testesofia\/wp-json\/wp\/v2\/product_cat?post=719"},{"taxonomy":"product_tag","embeddable":true,"href":"https:\/\/dev.wisdomignite.pt\/testesofia\/wp-json\/wp\/v2\/product_tag?post=719"}],"curies":[{"name":"wp","href":"https:\/\/api.w.org\/{rel}","templated":true}]}}