{"id":718,"date":"2021-12-22T11:52:57","date_gmt":"2021-12-22T10:52:57","guid":{"rendered":"https:\/\/dev.wisdomignite.pt\/testesofia\/produto\/toalhete-de-mesa\/"},"modified":"2021-12-22T11:52:57","modified_gmt":"2021-12-22T10:52:57","slug":"toalhete-de-mesa","status":"publish","type":"product","link":"https:\/\/dev.wisdomignite.pt\/testesofia\/produto\/toalhete-de-mesa\/","title":{"rendered":"Toalhete de mesa"},"content":{"rendered":"<p>Toalhete de mesa, s\u00e3o produzidos em papel reciclado de 40 gr com um elevado n\u00edvel de brancura e uma excelente capacidade de absor\u00e7\u00e3o.<\/p>\n","protected":false},"excerpt":{"rendered":"<p>Toalhete de mesa, Ideais para utiliza\u00e7\u00e3o em balc\u00e3o, com o formato standard de 30\u00d745 cm.<\/p>\n","protected":false},"featured_media":669,"comment_status":"closed","ping_status":"open","template":"","meta":[],"product_cat":[140,167],"product_tag":[125],"class_list":["post-718","product","type-product","status-publish","has-post-thumbnail","hentry","product_cat-consumiveis","product_cat-toalhetes","product_tag-toalhete-de-mesa"],"_links":{"self":[{"href":"https:\/\/dev.wisdomignite.pt\/testesofia\/wp-json\/wp\/v2\/product\/718","targetHints":{"allow":["GET"]}}],"collection":[{"href":"https:\/\/dev.wisdomignite.pt\/testesofia\/wp-json\/wp\/v2\/product"}],"about":[{"href":"https:\/\/dev.wisdomignite.pt\/testesofia\/wp-json\/wp\/v2\/types\/product"}],"replies":[{"embeddable":true,"href":"https:\/\/dev.wisdomignite.pt\/testesofia\/wp-json\/wp\/v2\/comments?post=718"}],"wp:featuredmedia":[{"embeddable":true,"href":"https:\/\/dev.wisdomignite.pt\/testesofia\/wp-json\/wp\/v2\/media\/669"}],"wp:attachment":[{"href":"https:\/\/dev.wisdomignite.pt\/testesofia\/wp-json\/wp\/v2\/media?parent=718"}],"wp:term":[{"taxonomy":"product_cat","embeddable":true,"href":"https:\/\/dev.wisdomignite.pt\/testesofia\/wp-json\/wp\/v2\/product_cat?post=718"},{"taxonomy":"product_tag","embeddable":true,"href":"https:\/\/dev.wisdomignite.pt\/testesofia\/wp-json\/wp\/v2\/product_tag?post=718"}],"curies":[{"name":"wp","href":"https:\/\/api.w.org\/{rel}","templated":true}]}}