{"id":717,"date":"2021-12-22T11:52:57","date_gmt":"2021-12-22T10:52:57","guid":{"rendered":"https:\/\/dev.wisdomignite.pt\/testesofia\/produto\/palito-redondo-individual-maxi-madera\/"},"modified":"2021-12-22T11:52:57","modified_gmt":"2021-12-22T10:52:57","slug":"palito-redondo-individual-maxi-madera","status":"publish","type":"product","link":"https:\/\/dev.wisdomignite.pt\/testesofia\/produto\/palito-redondo-individual-maxi-madera\/","title":{"rendered":"Palito Redondo Individual Maxi madera"},"content":{"rendered":"<p>Palito Individual,  \u00e9 pr\u00e1tico, enconomico, hegi\u00e9nico e \u00f3timo para ser diponiblezado em restaurante, bares, lanchonetes, cafet\u00e1ias e Hotel.<\/p>\n","protected":false},"excerpt":{"rendered":"<p>Palito Individual, embalado um a um, apresenta mat\u00e9rial de \u00f3tima  qualidade, resist\u00eancia al\u00e9m de n\u00e3o desfiar<\/p>\n","protected":false},"featured_media":667,"comment_status":"closed","ping_status":"open","template":"","meta":[],"product_cat":[140,166],"product_tag":[123],"class_list":["post-717","product","type-product","status-publish","has-post-thumbnail","hentry","product_cat-consumiveis","product_cat-palitos","product_tag-palito-individual"],"_links":{"self":[{"href":"https:\/\/dev.wisdomignite.pt\/testesofia\/wp-json\/wp\/v2\/product\/717","targetHints":{"allow":["GET"]}}],"collection":[{"href":"https:\/\/dev.wisdomignite.pt\/testesofia\/wp-json\/wp\/v2\/product"}],"about":[{"href":"https:\/\/dev.wisdomignite.pt\/testesofia\/wp-json\/wp\/v2\/types\/product"}],"replies":[{"embeddable":true,"href":"https:\/\/dev.wisdomignite.pt\/testesofia\/wp-json\/wp\/v2\/comments?post=717"}],"wp:featuredmedia":[{"embeddable":true,"href":"https:\/\/dev.wisdomignite.pt\/testesofia\/wp-json\/wp\/v2\/media\/667"}],"wp:attachment":[{"href":"https:\/\/dev.wisdomignite.pt\/testesofia\/wp-json\/wp\/v2\/media?parent=717"}],"wp:term":[{"taxonomy":"product_cat","embeddable":true,"href":"https:\/\/dev.wisdomignite.pt\/testesofia\/wp-json\/wp\/v2\/product_cat?post=717"},{"taxonomy":"product_tag","embeddable":true,"href":"https:\/\/dev.wisdomignite.pt\/testesofia\/wp-json\/wp\/v2\/product_tag?post=717"}],"curies":[{"name":"wp","href":"https:\/\/api.w.org\/{rel}","templated":true}]}}