{"id":716,"date":"2021-12-22T11:52:57","date_gmt":"2021-12-22T10:52:57","guid":{"rendered":"https:\/\/dev.wisdomignite.pt\/testesofia\/produto\/papel-higienico-jumbo-12un\/"},"modified":"2021-12-22T11:52:57","modified_gmt":"2021-12-22T10:52:57","slug":"papel-higienico-jumbo-12un","status":"publish","type":"product","link":"https:\/\/dev.wisdomignite.pt\/testesofia\/produto\/papel-higienico-jumbo-12un\/","title":{"rendered":"Papel Higi\u00e9nico Jumbo &#8211; 12un"},"content":{"rendered":"<p>Papel Higi\u00e9nico,  \u00e9 Macio, forte e maior absor\u00e7\u00e3o refor\u00e7o de 40%. A vantagem destes rolos \u00e9 o seu tamanho, sendo ideal para empresas em geral, e a rela\u00e7\u00e3o do pre\u00e7o com a qualidade.<\/p>\n","protected":false},"excerpt":{"rendered":"<p>O Papel Higi\u00e9nico industrial ou papel higi\u00e9nico jumbo, tem v\u00e1rios tipos de qualidade, desde, eco pasta, pasta pura, de folha duplas, etc..<\/p>\n","protected":false},"featured_media":665,"comment_status":"closed","ping_status":"open","template":"","meta":[],"product_cat":[140,147],"product_tag":[121],"class_list":["post-716","product","type-product","status-publish","has-post-thumbnail","hentry","product_cat-consumiveis","product_cat-papel-higienico","product_tag-papel-higienico-jumbo"],"_links":{"self":[{"href":"https:\/\/dev.wisdomignite.pt\/testesofia\/wp-json\/wp\/v2\/product\/716","targetHints":{"allow":["GET"]}}],"collection":[{"href":"https:\/\/dev.wisdomignite.pt\/testesofia\/wp-json\/wp\/v2\/product"}],"about":[{"href":"https:\/\/dev.wisdomignite.pt\/testesofia\/wp-json\/wp\/v2\/types\/product"}],"replies":[{"embeddable":true,"href":"https:\/\/dev.wisdomignite.pt\/testesofia\/wp-json\/wp\/v2\/comments?post=716"}],"wp:featuredmedia":[{"embeddable":true,"href":"https:\/\/dev.wisdomignite.pt\/testesofia\/wp-json\/wp\/v2\/media\/665"}],"wp:attachment":[{"href":"https:\/\/dev.wisdomignite.pt\/testesofia\/wp-json\/wp\/v2\/media?parent=716"}],"wp:term":[{"taxonomy":"product_cat","embeddable":true,"href":"https:\/\/dev.wisdomignite.pt\/testesofia\/wp-json\/wp\/v2\/product_cat?post=716"},{"taxonomy":"product_tag","embeddable":true,"href":"https:\/\/dev.wisdomignite.pt\/testesofia\/wp-json\/wp\/v2\/product_tag?post=716"}],"curies":[{"name":"wp","href":"https:\/\/api.w.org\/{rel}","templated":true}]}}