{"id":715,"date":"2021-12-22T11:52:57","date_gmt":"2021-12-22T10:52:57","guid":{"rendered":"https:\/\/dev.wisdomignite.pt\/testesofia\/produto\/saco-de-alca\/"},"modified":"2021-12-22T11:52:57","modified_gmt":"2021-12-22T10:52:57","slug":"saco-de-alca","status":"publish","type":"product","link":"https:\/\/dev.wisdomignite.pt\/testesofia\/produto\/saco-de-alca\/","title":{"rendered":"Saco de Al\u00e7a"},"content":{"rendered":"<p>Saco de Al\u00e7a,  em especial para supermercados, padarias, papelarias, restaurantes, take away, farm\u00e1cias, entre outros. Devido \u00e0 sua estrutura e para manter a sua rela\u00e7\u00e3o pre\u00e7o\/qualidade, n\u00e3o s\u00e3o aconselhadas impress\u00f5es a mais do que duas cores.<\/p>\n","protected":false},"excerpt":{"rendered":"<p>Saco de Al\u00e7a, \u00e9 um saco com uma \u00f3tima rela\u00e7\u00e3o qualidade e  ideal para todo tipo de comercio.<\/p>\n","protected":false},"featured_media":663,"comment_status":"closed","ping_status":"open","template":"","meta":[],"product_cat":[140,165],"product_tag":[120],"class_list":["post-715","product","type-product","status-publish","has-post-thumbnail","hentry","product_cat-consumiveis","product_cat-sacos","product_tag-sacao-de-alca"],"_links":{"self":[{"href":"https:\/\/dev.wisdomignite.pt\/testesofia\/wp-json\/wp\/v2\/product\/715","targetHints":{"allow":["GET"]}}],"collection":[{"href":"https:\/\/dev.wisdomignite.pt\/testesofia\/wp-json\/wp\/v2\/product"}],"about":[{"href":"https:\/\/dev.wisdomignite.pt\/testesofia\/wp-json\/wp\/v2\/types\/product"}],"replies":[{"embeddable":true,"href":"https:\/\/dev.wisdomignite.pt\/testesofia\/wp-json\/wp\/v2\/comments?post=715"}],"wp:featuredmedia":[{"embeddable":true,"href":"https:\/\/dev.wisdomignite.pt\/testesofia\/wp-json\/wp\/v2\/media\/663"}],"wp:attachment":[{"href":"https:\/\/dev.wisdomignite.pt\/testesofia\/wp-json\/wp\/v2\/media?parent=715"}],"wp:term":[{"taxonomy":"product_cat","embeddable":true,"href":"https:\/\/dev.wisdomignite.pt\/testesofia\/wp-json\/wp\/v2\/product_cat?post=715"},{"taxonomy":"product_tag","embeddable":true,"href":"https:\/\/dev.wisdomignite.pt\/testesofia\/wp-json\/wp\/v2\/product_tag?post=715"}],"curies":[{"name":"wp","href":"https:\/\/api.w.org\/{rel}","templated":true}]}}