{"id":712,"date":"2021-12-22T11:52:57","date_gmt":"2021-12-22T10:52:57","guid":{"rendered":"https:\/\/dev.wisdomignite.pt\/testesofia\/produto\/rolo-de-marquesa-joker\/"},"modified":"2021-12-22T11:52:57","modified_gmt":"2021-12-22T10:52:57","slug":"rolo-de-marquesa-joker","status":"publish","type":"product","link":"https:\/\/dev.wisdomignite.pt\/testesofia\/produto\/rolo-de-marquesa-joker\/","title":{"rendered":"Rolo de Marquesa Joker"},"content":{"rendered":"<p>Rolo de marquesa, produzido em tecido n\u00e3o tecido (TNT), marca Paper7. Este material confere uma resist\u00eancia extra a este papel de marquesa, bem como confere uma prote\u00e7\u00e3o extra contra flu\u00eddos corporais.<\/p>\n","protected":false},"excerpt":{"rendered":"<p>Rolo de Marquesa, fabricados especificamente para os mercados hospitalar e da est\u00e9tica.<\/p>\n","protected":false},"featured_media":657,"comment_status":"closed","ping_status":"open","template":"","meta":[],"product_cat":[140,163],"product_tag":[115],"class_list":["post-712","product","type-product","status-publish","has-post-thumbnail","hentry","product_cat-consumiveis","product_cat-rolos","product_tag-rolo-de-marquesa"],"_links":{"self":[{"href":"https:\/\/dev.wisdomignite.pt\/testesofia\/wp-json\/wp\/v2\/product\/712","targetHints":{"allow":["GET"]}}],"collection":[{"href":"https:\/\/dev.wisdomignite.pt\/testesofia\/wp-json\/wp\/v2\/product"}],"about":[{"href":"https:\/\/dev.wisdomignite.pt\/testesofia\/wp-json\/wp\/v2\/types\/product"}],"replies":[{"embeddable":true,"href":"https:\/\/dev.wisdomignite.pt\/testesofia\/wp-json\/wp\/v2\/comments?post=712"}],"wp:featuredmedia":[{"embeddable":true,"href":"https:\/\/dev.wisdomignite.pt\/testesofia\/wp-json\/wp\/v2\/media\/657"}],"wp:attachment":[{"href":"https:\/\/dev.wisdomignite.pt\/testesofia\/wp-json\/wp\/v2\/media?parent=712"}],"wp:term":[{"taxonomy":"product_cat","embeddable":true,"href":"https:\/\/dev.wisdomignite.pt\/testesofia\/wp-json\/wp\/v2\/product_cat?post=712"},{"taxonomy":"product_tag","embeddable":true,"href":"https:\/\/dev.wisdomignite.pt\/testesofia\/wp-json\/wp\/v2\/product_tag?post=712"}],"curies":[{"name":"wp","href":"https:\/\/api.w.org\/{rel}","templated":true}]}}