{"id":709,"date":"2021-12-22T11:52:57","date_gmt":"2021-12-22T10:52:57","guid":{"rendered":"https:\/\/dev.wisdomignite.pt\/testesofia\/produto\/sabonete-concept-5l\/"},"modified":"2021-12-22T11:52:57","modified_gmt":"2021-12-22T10:52:57","slug":"sabonete-concept-5l","status":"publish","type":"product","link":"https:\/\/dev.wisdomignite.pt\/testesofia\/produto\/sabonete-concept-5l\/","title":{"rendered":"Sabonete Concept &#8211; 5l"},"content":{"rendered":"<p>Sabonete,  Aplicar o produto directamente nas m\u00e3os molhadas(atrav\u00e9s de dispensador). Esfregar as m\u00e3os e por \u00faltimo enxaguar com \u00e1gua abundante.<\/p>\n","protected":false},"excerpt":{"rendered":"<p>Sabonete, Produto especialmente desenvolvido como sabonete l\u00edquido das m\u00e3os.<\/p>\n","protected":false},"featured_media":651,"comment_status":"closed","ping_status":"open","template":"","meta":[],"product_cat":[140,141,161],"product_tag":[111],"class_list":["post-709","product","type-product","status-publish","has-post-thumbnail","hentry","product_cat-consumiveis","product_cat-liquidos","product_cat-sabonete","product_tag-sabonete"],"_links":{"self":[{"href":"https:\/\/dev.wisdomignite.pt\/testesofia\/wp-json\/wp\/v2\/product\/709","targetHints":{"allow":["GET"]}}],"collection":[{"href":"https:\/\/dev.wisdomignite.pt\/testesofia\/wp-json\/wp\/v2\/product"}],"about":[{"href":"https:\/\/dev.wisdomignite.pt\/testesofia\/wp-json\/wp\/v2\/types\/product"}],"replies":[{"embeddable":true,"href":"https:\/\/dev.wisdomignite.pt\/testesofia\/wp-json\/wp\/v2\/comments?post=709"}],"wp:featuredmedia":[{"embeddable":true,"href":"https:\/\/dev.wisdomignite.pt\/testesofia\/wp-json\/wp\/v2\/media\/651"}],"wp:attachment":[{"href":"https:\/\/dev.wisdomignite.pt\/testesofia\/wp-json\/wp\/v2\/media?parent=709"}],"wp:term":[{"taxonomy":"product_cat","embeddable":true,"href":"https:\/\/dev.wisdomignite.pt\/testesofia\/wp-json\/wp\/v2\/product_cat?post=709"},{"taxonomy":"product_tag","embeddable":true,"href":"https:\/\/dev.wisdomignite.pt\/testesofia\/wp-json\/wp\/v2\/product_tag?post=709"}],"curies":[{"name":"wp","href":"https:\/\/api.w.org\/{rel}","templated":true}]}}