{"id":704,"date":"2021-12-22T11:52:56","date_gmt":"2021-12-22T10:52:56","guid":{"rendered":"https:\/\/dev.wisdomignite.pt\/testesofia\/produto\/lixivia-concept-5l\/"},"modified":"2021-12-22T11:52:57","modified_gmt":"2021-12-22T10:52:57","slug":"lixivia-concept-5l","status":"publish","type":"product","link":"https:\/\/dev.wisdomignite.pt\/testesofia\/produto\/lixivia-concept-5l\/","title":{"rendered":"Lix\u00edvia Concept &#8211; 5l"},"content":{"rendered":"<p>Lix\u00edvia, A sua f\u00f3rmula \u00e9 indicada para a remo\u00e7\u00e3o de n\u00f3doas e sujo dif\u00edceis da sua roupa branca. Quando \u00e9 utilizada na limpeza, bancadas e azulejos, permite uma limpeza e desinfec\u00e7\u00e3o totais.<\/p>\n","protected":false},"excerpt":{"rendered":"<p>Lix\u00edvia, \u00c9 um produto recomendado para a desinfec\u00e7\u00e3o de todas as superf\u00edcies e para o branqueamento da sua roupa.<\/p>\n","protected":false},"featured_media":641,"comment_status":"closed","ping_status":"open","template":"","meta":[],"product_cat":[140,141,157],"product_tag":[104],"class_list":["post-704","product","type-product","status-publish","has-post-thumbnail","hentry","product_cat-consumiveis","product_cat-liquidos","product_cat-lixivia","product_tag-lixivia-concept"],"_links":{"self":[{"href":"https:\/\/dev.wisdomignite.pt\/testesofia\/wp-json\/wp\/v2\/product\/704","targetHints":{"allow":["GET"]}}],"collection":[{"href":"https:\/\/dev.wisdomignite.pt\/testesofia\/wp-json\/wp\/v2\/product"}],"about":[{"href":"https:\/\/dev.wisdomignite.pt\/testesofia\/wp-json\/wp\/v2\/types\/product"}],"replies":[{"embeddable":true,"href":"https:\/\/dev.wisdomignite.pt\/testesofia\/wp-json\/wp\/v2\/comments?post=704"}],"wp:featuredmedia":[{"embeddable":true,"href":"https:\/\/dev.wisdomignite.pt\/testesofia\/wp-json\/wp\/v2\/media\/641"}],"wp:attachment":[{"href":"https:\/\/dev.wisdomignite.pt\/testesofia\/wp-json\/wp\/v2\/media?parent=704"}],"wp:term":[{"taxonomy":"product_cat","embeddable":true,"href":"https:\/\/dev.wisdomignite.pt\/testesofia\/wp-json\/wp\/v2\/product_cat?post=704"},{"taxonomy":"product_tag","embeddable":true,"href":"https:\/\/dev.wisdomignite.pt\/testesofia\/wp-json\/wp\/v2\/product_tag?post=704"}],"curies":[{"name":"wp","href":"https:\/\/api.w.org\/{rel}","templated":true}]}}