{"id":703,"date":"2021-12-22T11:52:56","date_gmt":"2021-12-22T10:52:56","guid":{"rendered":"https:\/\/dev.wisdomignite.pt\/testesofia\/produto\/luvas-latex-neogloves\/"},"modified":"2021-12-22T11:52:57","modified_gmt":"2021-12-22T10:52:57","slug":"luvas-latex-neogloves","status":"publish","type":"product","link":"https:\/\/dev.wisdomignite.pt\/testesofia\/produto\/luvas-latex-neogloves\/","title":{"rendered":"Luvas Latex Neogloves"},"content":{"rendered":"<p>Luvas Latex, Sua utiliza\u00e7\u00e3o \u00e9 recomendada nas ind\u00fastrias da constru\u00e7\u00e3o civil, limpeza mais pesada, jardinagem, aliment\u00edcia, paisagismo, etc.<\/p>\n","protected":false},"excerpt":{"rendered":"<p>Luvas Latex, \u00e9  proporcionada uma prote\u00e7\u00e3o mec\u00e2nica ao mesmo tempo que garante firmeza na hora de agarrar um objeto.<\/p>\n","protected":false},"featured_media":639,"comment_status":"closed","ping_status":"open","template":"","meta":[],"product_cat":[140,156],"product_tag":[102],"class_list":["post-703","product","type-product","status-publish","has-post-thumbnail","hentry","product_cat-consumiveis","product_cat-luvas","product_tag-luvas-latex"],"_links":{"self":[{"href":"https:\/\/dev.wisdomignite.pt\/testesofia\/wp-json\/wp\/v2\/product\/703","targetHints":{"allow":["GET"]}}],"collection":[{"href":"https:\/\/dev.wisdomignite.pt\/testesofia\/wp-json\/wp\/v2\/product"}],"about":[{"href":"https:\/\/dev.wisdomignite.pt\/testesofia\/wp-json\/wp\/v2\/types\/product"}],"replies":[{"embeddable":true,"href":"https:\/\/dev.wisdomignite.pt\/testesofia\/wp-json\/wp\/v2\/comments?post=703"}],"wp:featuredmedia":[{"embeddable":true,"href":"https:\/\/dev.wisdomignite.pt\/testesofia\/wp-json\/wp\/v2\/media\/639"}],"wp:attachment":[{"href":"https:\/\/dev.wisdomignite.pt\/testesofia\/wp-json\/wp\/v2\/media?parent=703"}],"wp:term":[{"taxonomy":"product_cat","embeddable":true,"href":"https:\/\/dev.wisdomignite.pt\/testesofia\/wp-json\/wp\/v2\/product_cat?post=703"},{"taxonomy":"product_tag","embeddable":true,"href":"https:\/\/dev.wisdomignite.pt\/testesofia\/wp-json\/wp\/v2\/product_tag?post=703"}],"curies":[{"name":"wp","href":"https:\/\/api.w.org\/{rel}","templated":true}]}}