{"id":702,"date":"2021-12-22T11:52:56","date_gmt":"2021-12-22T10:52:56","guid":{"rendered":"https:\/\/dev.wisdomignite.pt\/testesofia\/produto\/luva-palhaco-raha-100un\/"},"modified":"2021-12-22T11:52:57","modified_gmt":"2021-12-22T10:52:57","slug":"luva-palhaco-raha-100un","status":"publish","type":"product","link":"https:\/\/dev.wisdomignite.pt\/testesofia\/produto\/luva-palhaco-raha-100un\/","title":{"rendered":"Luva Palha\u00e7o Raha &#8211; 100un"},"content":{"rendered":"<p>As luvas de  Palha\u00e7o descart\u00e1veis s\u00e3o indicadas para diversos tipos de utiliza\u00e7\u00f5es: manipula\u00e7\u00e3o de alimentos, ind\u00fastria, supermercados ou gasolineiras.<\/p>\n","protected":false},"excerpt":{"rendered":"<p>Luvas Palha\u00e7o,  Caixa 100 unidades,uso \u00fanico e Tamanho \u00fanico<\/p>\n","protected":false},"featured_media":637,"comment_status":"closed","ping_status":"open","template":"","meta":[],"product_cat":[140,156],"product_tag":[101],"class_list":["post-702","product","type-product","status-publish","has-post-thumbnail","hentry","product_cat-consumiveis","product_cat-luvas","product_tag-luvas-palhaco"],"_links":{"self":[{"href":"https:\/\/dev.wisdomignite.pt\/testesofia\/wp-json\/wp\/v2\/product\/702","targetHints":{"allow":["GET"]}}],"collection":[{"href":"https:\/\/dev.wisdomignite.pt\/testesofia\/wp-json\/wp\/v2\/product"}],"about":[{"href":"https:\/\/dev.wisdomignite.pt\/testesofia\/wp-json\/wp\/v2\/types\/product"}],"replies":[{"embeddable":true,"href":"https:\/\/dev.wisdomignite.pt\/testesofia\/wp-json\/wp\/v2\/comments?post=702"}],"wp:featuredmedia":[{"embeddable":true,"href":"https:\/\/dev.wisdomignite.pt\/testesofia\/wp-json\/wp\/v2\/media\/637"}],"wp:attachment":[{"href":"https:\/\/dev.wisdomignite.pt\/testesofia\/wp-json\/wp\/v2\/media?parent=702"}],"wp:term":[{"taxonomy":"product_cat","embeddable":true,"href":"https:\/\/dev.wisdomignite.pt\/testesofia\/wp-json\/wp\/v2\/product_cat?post=702"},{"taxonomy":"product_tag","embeddable":true,"href":"https:\/\/dev.wisdomignite.pt\/testesofia\/wp-json\/wp\/v2\/product_tag?post=702"}],"curies":[{"name":"wp","href":"https:\/\/api.w.org\/{rel}","templated":true}]}}