{"id":701,"date":"2021-12-22T11:52:56","date_gmt":"2021-12-22T10:52:56","guid":{"rendered":"https:\/\/dev.wisdomignite.pt\/testesofia\/produto\/bloco-sanitario-sonasol-wc-50g\/"},"modified":"2021-12-22T11:52:57","modified_gmt":"2021-12-22T10:52:57","slug":"bloco-sanitario-sonasol-wc-50g","status":"publish","type":"product","link":"https:\/\/dev.wisdomignite.pt\/testesofia\/produto\/bloco-sanitario-sonasol-wc-50g\/","title":{"rendered":"Bloco Sanit\u00e1rio Sonasol WC &#8211; 50g"},"content":{"rendered":"<p>Bloco Sanit\u00e1rio, previne a forma\u00e7\u00e3o de calc\u00e1rio na Sanita, previne a acumula\u00e7\u00e3o de manchas e proporciona um perfume fresco e duradouro e cada descarga<\/p>\n","protected":false},"excerpt":{"rendered":"<p>Blocos Sanit\u00e1rio, 50% brilho e limpa a sua sanita a cada descarga<\/p>\n","protected":false},"featured_media":635,"comment_status":"closed","ping_status":"open","template":"","meta":[],"product_cat":[154,140,155],"product_tag":[99],"class_list":["post-701","product","type-product","status-publish","has-post-thumbnail","hentry","product_cat-ambientadores","product_cat-consumiveis","product_cat-solido","product_tag-bloco-sanitario"],"_links":{"self":[{"href":"https:\/\/dev.wisdomignite.pt\/testesofia\/wp-json\/wp\/v2\/product\/701","targetHints":{"allow":["GET"]}}],"collection":[{"href":"https:\/\/dev.wisdomignite.pt\/testesofia\/wp-json\/wp\/v2\/product"}],"about":[{"href":"https:\/\/dev.wisdomignite.pt\/testesofia\/wp-json\/wp\/v2\/types\/product"}],"replies":[{"embeddable":true,"href":"https:\/\/dev.wisdomignite.pt\/testesofia\/wp-json\/wp\/v2\/comments?post=701"}],"wp:featuredmedia":[{"embeddable":true,"href":"https:\/\/dev.wisdomignite.pt\/testesofia\/wp-json\/wp\/v2\/media\/635"}],"wp:attachment":[{"href":"https:\/\/dev.wisdomignite.pt\/testesofia\/wp-json\/wp\/v2\/media?parent=701"}],"wp:term":[{"taxonomy":"product_cat","embeddable":true,"href":"https:\/\/dev.wisdomignite.pt\/testesofia\/wp-json\/wp\/v2\/product_cat?post=701"},{"taxonomy":"product_tag","embeddable":true,"href":"https:\/\/dev.wisdomignite.pt\/testesofia\/wp-json\/wp\/v2\/product_tag?post=701"}],"curies":[{"name":"wp","href":"https:\/\/api.w.org\/{rel}","templated":true}]}}