{"id":699,"date":"2021-12-22T11:52:56","date_gmt":"2021-12-22T10:52:56","guid":{"rendered":"https:\/\/dev.wisdomignite.pt\/testesofia\/produto\/limpa-vidros-fascinante-1l\/"},"modified":"2021-12-22T11:52:57","modified_gmt":"2021-12-22T10:52:57","slug":"limpa-vidros-fascinante-1l","status":"publish","type":"product","link":"https:\/\/dev.wisdomignite.pt\/testesofia\/produto\/limpa-vidros-fascinante-1l\/","title":{"rendered":"Limpa Vidros Fascinante &#8211; 1l"},"content":{"rendered":"<p>Limpa Vidros, cont\u00e9m uma  f\u00f3rmula secante e incolor, permite uma f\u00e1cil e r\u00e1pida elimina\u00e7\u00e3o da sujidade das janelas, vidros e espelhos sem deixar manchas e proporcionando uma limpeza duradoura.<\/p>\n","protected":false},"excerpt":{"rendered":"<p>Limpa Vidros, \u00c9 um produto recomendado para a limpeza de vidros.<\/p>\n","protected":false},"featured_media":631,"comment_status":"closed","ping_status":"open","template":"","meta":[],"product_cat":[140,153,141],"product_tag":[95],"class_list":["post-699","product","type-product","status-publish","has-post-thumbnail","hentry","product_cat-consumiveis","product_cat-limpa-vidros","product_cat-liquidos","product_tag-limpa-vidros"],"_links":{"self":[{"href":"https:\/\/dev.wisdomignite.pt\/testesofia\/wp-json\/wp\/v2\/product\/699","targetHints":{"allow":["GET"]}}],"collection":[{"href":"https:\/\/dev.wisdomignite.pt\/testesofia\/wp-json\/wp\/v2\/product"}],"about":[{"href":"https:\/\/dev.wisdomignite.pt\/testesofia\/wp-json\/wp\/v2\/types\/product"}],"replies":[{"embeddable":true,"href":"https:\/\/dev.wisdomignite.pt\/testesofia\/wp-json\/wp\/v2\/comments?post=699"}],"wp:featuredmedia":[{"embeddable":true,"href":"https:\/\/dev.wisdomignite.pt\/testesofia\/wp-json\/wp\/v2\/media\/631"}],"wp:attachment":[{"href":"https:\/\/dev.wisdomignite.pt\/testesofia\/wp-json\/wp\/v2\/media?parent=699"}],"wp:term":[{"taxonomy":"product_cat","embeddable":true,"href":"https:\/\/dev.wisdomignite.pt\/testesofia\/wp-json\/wp\/v2\/product_cat?post=699"},{"taxonomy":"product_tag","embeddable":true,"href":"https:\/\/dev.wisdomignite.pt\/testesofia\/wp-json\/wp\/v2\/product_tag?post=699"}],"curies":[{"name":"wp","href":"https:\/\/api.w.org\/{rel}","templated":true}]}}