{"id":698,"date":"2021-12-22T11:52:56","date_gmt":"2021-12-22T10:52:56","guid":{"rendered":"https:\/\/dev.wisdomignite.pt\/testesofia\/produto\/multusos-ultra-500ml\/"},"modified":"2021-12-22T11:52:56","modified_gmt":"2021-12-22T10:52:56","slug":"multusos-ultra-500ml","status":"publish","type":"product","link":"https:\/\/dev.wisdomignite.pt\/testesofia\/produto\/multusos-ultra-500ml\/","title":{"rendered":"Multusos Ultra &#8211; 500ml"},"content":{"rendered":"<p>O Multiusos, tem a sua formula neutraliza a electricidade est\u00e1tica que atra\u00ed o p\u00f3 a sujidade da atmosfera e \u00e9 eficaz contra as dedadas e manchas gordurosas.<\/p>\n","protected":false},"excerpt":{"rendered":"<p>Multiusos, \u00c9 um produto recomendado para a limpeza de todo o tipo de superf\u00edcies tais como: janelas, espelhos, vidros, cristais, p\u00e1ra-brisas de carros, entre outros.<\/p>\n","protected":false},"featured_media":629,"comment_status":"closed","ping_status":"open","template":"","meta":[],"product_cat":[140,141,152],"product_tag":[93],"class_list":["post-698","product","type-product","status-publish","has-post-thumbnail","hentry","product_cat-consumiveis","product_cat-liquidos","product_cat-multiusos","product_tag-multiusos"],"_links":{"self":[{"href":"https:\/\/dev.wisdomignite.pt\/testesofia\/wp-json\/wp\/v2\/product\/698","targetHints":{"allow":["GET"]}}],"collection":[{"href":"https:\/\/dev.wisdomignite.pt\/testesofia\/wp-json\/wp\/v2\/product"}],"about":[{"href":"https:\/\/dev.wisdomignite.pt\/testesofia\/wp-json\/wp\/v2\/types\/product"}],"replies":[{"embeddable":true,"href":"https:\/\/dev.wisdomignite.pt\/testesofia\/wp-json\/wp\/v2\/comments?post=698"}],"wp:featuredmedia":[{"embeddable":true,"href":"https:\/\/dev.wisdomignite.pt\/testesofia\/wp-json\/wp\/v2\/media\/629"}],"wp:attachment":[{"href":"https:\/\/dev.wisdomignite.pt\/testesofia\/wp-json\/wp\/v2\/media?parent=698"}],"wp:term":[{"taxonomy":"product_cat","embeddable":true,"href":"https:\/\/dev.wisdomignite.pt\/testesofia\/wp-json\/wp\/v2\/product_cat?post=698"},{"taxonomy":"product_tag","embeddable":true,"href":"https:\/\/dev.wisdomignite.pt\/testesofia\/wp-json\/wp\/v2\/product_tag?post=698"}],"curies":[{"name":"wp","href":"https:\/\/api.w.org\/{rel}","templated":true}]}}