{"id":695,"date":"2021-12-22T11:52:56","date_gmt":"2021-12-22T10:52:56","guid":{"rendered":"https:\/\/dev.wisdomignite.pt\/testesofia\/produto\/limpa-forno-ultra-desinfectante-500ml\/"},"modified":"2021-12-22T11:52:56","modified_gmt":"2021-12-22T10:52:56","slug":"limpa-forno-ultra-desinfectante-500ml","status":"publish","type":"product","link":"https:\/\/dev.wisdomignite.pt\/testesofia\/produto\/limpa-forno-ultra-desinfectante-500ml\/","title":{"rendered":"Limpa Forno Ultra Desinfectante &#8211; 500ml"},"content":{"rendered":"<p>Limpa Forno, al\u00e9m de remover 100% das gorduras, remove 99,9%  das bact\u00e9rias, virus, fungos e deixando um agrad\u00e1vel perfume fresco<\/p>\n","protected":false},"excerpt":{"rendered":"<p>Limpa Forno,  permite remover 100% da gordura no seu fog\u00e3o, placas vitrocer\u00e2micas e principalmente do seu forno.<\/p>\n","protected":false},"featured_media":624,"comment_status":"closed","ping_status":"open","template":"","meta":[],"product_cat":[140,141,148],"product_tag":[87],"class_list":["post-695","product","type-product","status-publish","has-post-thumbnail","hentry","product_cat-consumiveis","product_cat-liquidos","product_cat-tira-gorduras","product_tag-limpa-forno"],"_links":{"self":[{"href":"https:\/\/dev.wisdomignite.pt\/testesofia\/wp-json\/wp\/v2\/product\/695","targetHints":{"allow":["GET"]}}],"collection":[{"href":"https:\/\/dev.wisdomignite.pt\/testesofia\/wp-json\/wp\/v2\/product"}],"about":[{"href":"https:\/\/dev.wisdomignite.pt\/testesofia\/wp-json\/wp\/v2\/types\/product"}],"replies":[{"embeddable":true,"href":"https:\/\/dev.wisdomignite.pt\/testesofia\/wp-json\/wp\/v2\/comments?post=695"}],"wp:featuredmedia":[{"embeddable":true,"href":"https:\/\/dev.wisdomignite.pt\/testesofia\/wp-json\/wp\/v2\/media\/624"}],"wp:attachment":[{"href":"https:\/\/dev.wisdomignite.pt\/testesofia\/wp-json\/wp\/v2\/media?parent=695"}],"wp:term":[{"taxonomy":"product_cat","embeddable":true,"href":"https:\/\/dev.wisdomignite.pt\/testesofia\/wp-json\/wp\/v2\/product_cat?post=695"},{"taxonomy":"product_tag","embeddable":true,"href":"https:\/\/dev.wisdomignite.pt\/testesofia\/wp-json\/wp\/v2\/product_tag?post=695"}],"curies":[{"name":"wp","href":"https:\/\/api.w.org\/{rel}","templated":true}]}}