{"id":691,"date":"2021-12-22T11:52:56","date_gmt":"2021-12-22T10:52:56","guid":{"rendered":"https:\/\/dev.wisdomignite.pt\/testesofia\/produto\/papel-higienico-morena-4-un\/"},"modified":"2021-12-22T11:52:56","modified_gmt":"2021-12-22T10:52:56","slug":"papel-higienico-morena-4-un","status":"publish","type":"product","link":"https:\/\/dev.wisdomignite.pt\/testesofia\/produto\/papel-higienico-morena-4-un\/","title":{"rendered":"Papel Higi\u00e9nico Morena &#8211; 4 un"},"content":{"rendered":"<p>Papel Higi\u00e9nico,  \u00e9 Macio, forte e maior absor\u00e7\u00e3o refor\u00e7o de 40%<\/p>\n","protected":false},"excerpt":{"rendered":"<p>Papel Higi\u00e9nico, 2 folhas e 100%<\/p>\n","protected":false},"featured_media":616,"comment_status":"closed","ping_status":"open","template":"","meta":[],"product_cat":[140,147],"product_tag":[81],"class_list":["post-691","product","type-product","status-publish","has-post-thumbnail","hentry","product_cat-consumiveis","product_cat-papel-higienico","product_tag-papel-higienico"],"_links":{"self":[{"href":"https:\/\/dev.wisdomignite.pt\/testesofia\/wp-json\/wp\/v2\/product\/691","targetHints":{"allow":["GET"]}}],"collection":[{"href":"https:\/\/dev.wisdomignite.pt\/testesofia\/wp-json\/wp\/v2\/product"}],"about":[{"href":"https:\/\/dev.wisdomignite.pt\/testesofia\/wp-json\/wp\/v2\/types\/product"}],"replies":[{"embeddable":true,"href":"https:\/\/dev.wisdomignite.pt\/testesofia\/wp-json\/wp\/v2\/comments?post=691"}],"wp:featuredmedia":[{"embeddable":true,"href":"https:\/\/dev.wisdomignite.pt\/testesofia\/wp-json\/wp\/v2\/media\/616"}],"wp:attachment":[{"href":"https:\/\/dev.wisdomignite.pt\/testesofia\/wp-json\/wp\/v2\/media?parent=691"}],"wp:term":[{"taxonomy":"product_cat","embeddable":true,"href":"https:\/\/dev.wisdomignite.pt\/testesofia\/wp-json\/wp\/v2\/product_cat?post=691"},{"taxonomy":"product_tag","embeddable":true,"href":"https:\/\/dev.wisdomignite.pt\/testesofia\/wp-json\/wp\/v2\/product_tag?post=691"}],"curies":[{"name":"wp","href":"https:\/\/api.w.org\/{rel}","templated":true}]}}