{"id":39307,"date":"2023-07-01T11:35:49","date_gmt":"2023-07-01T10:35:49","guid":{"rendered":"https:\/\/dev.wisdomignite.pt\/marpel\/produto\/colchao-coocum-nature\/"},"modified":"2023-07-01T11:35:55","modified_gmt":"2023-07-01T10:35:55","slug":"colchao-coocum-nature","status":"publish","type":"product","link":"https:\/\/dev.wisdomignite.pt\/marpel\/produto\/colchao-coocum-nature\/","title":{"rendered":"Colch\u00e3o Coocum Nature"},"content":{"rendered":"<p>Altura: 35cm<\/p>\n<p>Este colch\u00e3o \u00e9 composto por:<br \/>\n1. Tecido Stretch Algod\u00e3o<br \/>\n2. Fibra de Algod\u00e3o<br \/>\n3. Gel T\u00e9rmico 45kg 3cm<br \/>\n4. Fibra H Soft<br \/>\n5. HR 35kg 3,5cm<br \/>\n6. Filtro Protetor de Algod\u00e3o<br \/>\n7. Mola Ensacada 1,4mm 18cm<br \/>\n8. Filtro Portetor de Algod\u00e3o<br \/>\n9. HR 35kg 3,5cm<br \/>\n10.Fibra H Soft<br \/>\n11. L\u00e1tex Natural 65kg 2cm<br \/>\n12. Fibra de Algod\u00e3o<br \/>\n13. Tecido Stretch de L\u00e3<br \/>\n14. Caixa de Refor\u00e7o 40kg<\/p>\n<p>\u00c9 um colch\u00e3o de sono independente, ergon\u00f3mico, l\u00e1tex micro perforado e respir\u00e1vel. De firmeza interm\u00e9dia e temperatura interm\u00e9dia.<\/p>\n","protected":false},"excerpt":{"rendered":"<p>O colch\u00e3o Coocum Nature pode ser o conforto perfeito para si. Combina materiais naturais como o algod\u00e3o, l\u00e3 e latex natural com sistema de molas ensacadas. Em adi\u00e7\u00e3o, tem Gel T\u00e9rmico de 45kg e um refor\u00e7o lateral extra forte. Um colch\u00e3o de dupla face (Ver\u00e3o\/Inverno), ergon\u00f3mico e respir\u00e1vel tr\u00e1s sensa\u00e7\u00f5es de descanso incompar\u00e1veis.<\/p>\n","protected":false},"featured_media":39701,"comment_status":"closed","ping_status":"open","template":"","meta":[],"product_cat":[318,320],"product_tag":[296,298,297,299],"class_list":["post-39307","product","type-product","status-publish","has-post-thumbnail","hentry","product_cat-colchao","product_cat-mola-ensacada","product_tag-algodao","product_tag-gel-termico","product_tag-la","product_tag-latex","product_shipping_class-volumosos","pa_firmeza-intermedia-soft","pa_medidas-190x135","pa_medidas-190x140","pa_medidas-190x150","pa_medidas-190x90","pa_medidas-200x120","pa_medidas-200x140","pa_medidas-200x150","pa_medidas-200x160","pa_medidas-200x180","pa_medidas-200x200","pa_medidas-200x80","pa_medidas-200x90","pa_medidas-180x105","pa_medidas-180x120","pa_medidas-180x135","pa_medidas-180x140","pa_medidas-180x150","pa_medidas-180x160","pa_medidas-180x180","pa_medidas-180x80","pa_medidas-180x90","pa_medidas-190x105","pa_medidas-190x120","pa_medidas-190x160","pa_medidas-190x180","pa_medidas-190x200","pa_medidas-190x80","pa_medidas-200x105","pa_medidas-200x135"],"_links":{"self":[{"href":"https:\/\/dev.wisdomignite.pt\/marpel\/wp-json\/wp\/v2\/product\/39307","targetHints":{"allow":["GET"]}}],"collection":[{"href":"https:\/\/dev.wisdomignite.pt\/marpel\/wp-json\/wp\/v2\/product"}],"about":[{"href":"https:\/\/dev.wisdomignite.pt\/marpel\/wp-json\/wp\/v2\/types\/product"}],"replies":[{"embeddable":true,"href":"https:\/\/dev.wisdomignite.pt\/marpel\/wp-json\/wp\/v2\/comments?post=39307"}],"version-history":[{"count":1,"href":"https:\/\/dev.wisdomignite.pt\/marpel\/wp-json\/wp\/v2\/product\/39307\/revisions"}],"predecessor-version":[{"id":39308,"href":"https:\/\/dev.wisdomignite.pt\/marpel\/wp-json\/wp\/v2\/product\/39307\/revisions\/39308"}],"wp:featuredmedia":[{"embeddable":true,"href":"https:\/\/dev.wisdomignite.pt\/marpel\/wp-json\/wp\/v2\/media\/39701"}],"wp:attachment":[{"href":"https:\/\/dev.wisdomignite.pt\/marpel\/wp-json\/wp\/v2\/media?parent=39307"}],"wp:term":[{"taxonomy":"product_cat","embeddable":true,"href":"https:\/\/dev.wisdomignite.pt\/marpel\/wp-json\/wp\/v2\/product_cat?post=39307"},{"taxonomy":"product_tag","embeddable":true,"href":"https:\/\/dev.wisdomignite.pt\/marpel\/wp-json\/wp\/v2\/product_tag?post=39307"}],"curies":[{"name":"wp","href":"https:\/\/api.w.org\/{rel}","templated":true}]}}