{"id":39233,"date":"2023-07-01T11:35:35","date_gmt":"2023-07-01T10:35:35","guid":{"rendered":"https:\/\/dev.wisdomignite.pt\/marpel\/produto\/colchao-seaqual-multi\/"},"modified":"2023-07-01T11:35:44","modified_gmt":"2023-07-01T10:35:44","slug":"colchao-seaqual-multi","status":"publish","type":"product","link":"https:\/\/dev.wisdomignite.pt\/marpel\/produto\/colchao-seaqual-multi\/","title":{"rendered":"Colch\u00e3o SEAQUAL Multi"},"content":{"rendered":"<p>Altura &#8211; Aproximada: 31cm<\/p>\n<p>Este colch\u00e3o \u00e9 composto por:<br \/>\n1. Tecido Seaqual<br \/>\n2. Fibras Hipoalerg\u00e9nicas<br \/>\n3. Sistema DDS (Souble Soft Sense)<br \/>\n4. Sistema Commodo+<br \/>\n5.T\u00eaxtil NT<br \/>\n6. Confort System +<br \/>\n7. Encapsulado<br \/>\n8. Mola Cont\u00ednua Multiel\u00e1stic<\/p>\n<p>\u00c9 um colch\u00e3o com a mesma face em ambos os lados do colch\u00e3o e com comportamento Optigrade.<\/p>\n","protected":false},"excerpt":{"rendered":"<p>Seaqual transforma pl\u00e1sticos retirados do oceano em fibras sustent\u00e1veis de qualidade superior que garantem o melhor descanso.<br \/>\nAs suas noites n\u00e3o podiam ser mais tranquilas. O colch\u00e3o SEAQUAL Multi para al\u00e9m da componente sustent\u00e1vel, oferece o melhor desempenho e termos de resist\u00eancia, durabilidade e respirabilidade gra\u00e7as \u00e0 sua mola cont\u00ednua Multiel\u00e1stic exclusiva Molaflex.<br \/>\n\u00c9 um colch\u00e3o de alta independ\u00eancia no descanso, com uma \u00f3tima firmeza, alto n\u00edvel de conforto, altamente resistente e dur\u00e1vel, com materiais sustent\u00e1veis e positivo para o ambiente.<\/p>\n<p>Todos os dias pl\u00e1sticos capturados no mar s\u00e3o trazidos a terra. Esses pl\u00e1sticos s\u00e3o transformados em fibras sustent\u00e1veis de m\u00e1xima qualidade, 100% recicladas, que s\u00e3o utilizados na produ\u00e7ao destes colch\u00f5es para que possa desfrutar de uma noite de sono com a consci\u00eancia limpa. Porque 8M de toneladas de pl\u00e1stico v\u00e3o parar ao oceano, todos os anos, e mais de 100 mil mam\u00edferos marinhos e 1 milh\u00e3o de aves morrem, todos os anos, por causa do lixo no mar. Algumas esp\u00e9cies em extins\u00e3o, outras podemos nunca vir a conhecer.<\/p>\n","protected":false},"featured_media":39698,"comment_status":"closed","ping_status":"open","template":"","meta":[],"product_cat":[318,323],"product_tag":[295],"class_list":["post-39233","product","type-product","status-publish","has-post-thumbnail","hentry","product_cat-colchao","product_cat-mola","product_tag-molaflex","product_shipping_class-molaflex","pa_firmeza-intermedia","pa_medidas-183x118","pa_medidas-183x123","pa_medidas-183x128","pa_medidas-183x133","pa_medidas-183x80","pa_medidas-183x88","pa_medidas-183x98","pa_medidas-190x140","pa_medidas-190x150","pa_medidas-190x90","pa_medidas-190x95","pa_medidas-195x140","pa_medidas-195x150","pa_medidas-195x160","pa_medidas-195x80","pa_medidas-195x90","pa_medidas-195x95","pa_medidas-200x120","pa_medidas-200x140","pa_medidas-200x150","pa_medidas-200x160","pa_medidas-200x180","pa_medidas-200x200","pa_medidas-200x80","pa_medidas-200x90","pa_medidas-200x95","pa_medidas-190x105","pa_medidas-190x120","pa_medidas-190x160","pa_medidas-190x180","pa_medidas-190x80","pa_medidas-195x105","pa_medidas-195x120","pa_medidas-195x180","pa_medidas-200x105"],"_links":{"self":[{"href":"https:\/\/dev.wisdomignite.pt\/marpel\/wp-json\/wp\/v2\/product\/39233","targetHints":{"allow":["GET"]}}],"collection":[{"href":"https:\/\/dev.wisdomignite.pt\/marpel\/wp-json\/wp\/v2\/product"}],"about":[{"href":"https:\/\/dev.wisdomignite.pt\/marpel\/wp-json\/wp\/v2\/types\/product"}],"replies":[{"embeddable":true,"href":"https:\/\/dev.wisdomignite.pt\/marpel\/wp-json\/wp\/v2\/comments?post=39233"}],"version-history":[{"count":1,"href":"https:\/\/dev.wisdomignite.pt\/marpel\/wp-json\/wp\/v2\/product\/39233\/revisions"}],"predecessor-version":[{"id":39234,"href":"https:\/\/dev.wisdomignite.pt\/marpel\/wp-json\/wp\/v2\/product\/39233\/revisions\/39234"}],"wp:featuredmedia":[{"embeddable":true,"href":"https:\/\/dev.wisdomignite.pt\/marpel\/wp-json\/wp\/v2\/media\/39698"}],"wp:attachment":[{"href":"https:\/\/dev.wisdomignite.pt\/marpel\/wp-json\/wp\/v2\/media?parent=39233"}],"wp:term":[{"taxonomy":"product_cat","embeddable":true,"href":"https:\/\/dev.wisdomignite.pt\/marpel\/wp-json\/wp\/v2\/product_cat?post=39233"},{"taxonomy":"product_tag","embeddable":true,"href":"https:\/\/dev.wisdomignite.pt\/marpel\/wp-json\/wp\/v2\/product_tag?post=39233"}],"curies":[{"name":"wp","href":"https:\/\/api.w.org\/{rel}","templated":true}]}}