{"id":39225,"date":"2023-07-01T11:35:35","date_gmt":"2023-07-01T10:35:35","guid":{"rendered":"https:\/\/dev.wisdomignite.pt\/marpel\/produto\/colchao-baby-soft\/"},"modified":"2023-07-01T11:35:37","modified_gmt":"2023-07-01T10:35:37","slug":"colchao-baby-soft","status":"publish","type":"product","link":"https:\/\/dev.wisdomignite.pt\/marpel\/produto\/colchao-baby-soft\/","title":{"rendered":"Colch\u00e3o Baby Soft"},"content":{"rendered":"<p>Altura &#8211; Aprox. 11 cm<br \/>\nTecido &#8211; Stretch Health Guard<br \/>\nPropriedades &#8211; N\u00facleo, Viscoel\u00e1stica, Antial\u00e9rgico, Antiacaros<\/p>\n<p>Caracter\u00edsticas t\u00e9cnicas<br \/>\nTecido stretch Health Guard.<br \/>\nViscoel\u00e1stica de 10mm densidade 50kg\/m3.<br \/>\nN\u00facleo espuma polieter densidade 23kg\/m3.<\/p>\n","protected":false},"excerpt":{"rendered":"<p>Com uma adapta\u00e7\u00e3o total ao corpo e uma total liberdade de movimentos.<\/p>\n","protected":false},"featured_media":39696,"comment_status":"closed","ping_status":"open","template":"","meta":[],"product_cat":[324,318],"product_tag":[],"class_list":["post-39225","product","type-product","status-publish","has-post-thumbnail","hentry","product_cat-bebe","product_cat-colchao","product_shipping_class-volumosos","pa_firmeza-intermedia","pa_medidas-118x58","pa_medidas-120x60"],"_links":{"self":[{"href":"https:\/\/dev.wisdomignite.pt\/marpel\/wp-json\/wp\/v2\/product\/39225","targetHints":{"allow":["GET"]}}],"collection":[{"href":"https:\/\/dev.wisdomignite.pt\/marpel\/wp-json\/wp\/v2\/product"}],"about":[{"href":"https:\/\/dev.wisdomignite.pt\/marpel\/wp-json\/wp\/v2\/types\/product"}],"replies":[{"embeddable":true,"href":"https:\/\/dev.wisdomignite.pt\/marpel\/wp-json\/wp\/v2\/comments?post=39225"}],"version-history":[{"count":2,"href":"https:\/\/dev.wisdomignite.pt\/marpel\/wp-json\/wp\/v2\/product\/39225\/revisions"}],"predecessor-version":[{"id":39838,"href":"https:\/\/dev.wisdomignite.pt\/marpel\/wp-json\/wp\/v2\/product\/39225\/revisions\/39838"}],"wp:featuredmedia":[{"embeddable":true,"href":"https:\/\/dev.wisdomignite.pt\/marpel\/wp-json\/wp\/v2\/media\/39696"}],"wp:attachment":[{"href":"https:\/\/dev.wisdomignite.pt\/marpel\/wp-json\/wp\/v2\/media?parent=39225"}],"wp:term":[{"taxonomy":"product_cat","embeddable":true,"href":"https:\/\/dev.wisdomignite.pt\/marpel\/wp-json\/wp\/v2\/product_cat?post=39225"},{"taxonomy":"product_tag","embeddable":true,"href":"https:\/\/dev.wisdomignite.pt\/marpel\/wp-json\/wp\/v2\/product_tag?post=39225"}],"curies":[{"name":"wp","href":"https:\/\/api.w.org\/{rel}","templated":true}]}}