{"id":39184,"date":"2023-07-01T11:35:28","date_gmt":"2023-07-01T10:35:28","guid":{"rendered":"https:\/\/dev.wisdomignite.pt\/marpel\/produto\/topper-hr-topper\/"},"modified":"2023-07-01T11:35:33","modified_gmt":"2023-07-01T10:35:33","slug":"topper-hr-topper","status":"publish","type":"product","link":"https:\/\/dev.wisdomignite.pt\/marpel\/produto\/topper-hr-topper\/","title":{"rendered":"Topper HR Topper"},"content":{"rendered":"<p>Altura &#8211; Aprox. 6cmTecido &#8211; StretchPropriedades &#8211; Anti\u00e1caros, Faixa transpir\u00e1vel 3D, Embalado em v\u00e1cuo, F\u00e1cil transporteCaracter\u00edsticas t\u00e9cnicasTecido stretch.2 espumas 10mm densidade 20kg\/m3.N\u00facleo espuma polieter de alta densidade 23kg\/m3 com 4cm.<\/p>\n","protected":false},"excerpt":{"rendered":"<p>Sobrecolch\u00e3o perfeito para o descanso suave<\/p>\n","protected":false},"featured_media":39690,"comment_status":"closed","ping_status":"open","template":"","meta":[],"product_cat":[332],"product_tag":[],"class_list":["post-39184","product","type-product","status-publish","has-post-thumbnail","hentry","product_cat-toppers","product_shipping_class-volumosos","pa_medidas-183x133","pa_medidas-183x88","pa_medidas-183x98","pa_medidas-190x140","pa_medidas-190x150","pa_medidas-190x90","pa_medidas-195x110","pa_medidas-195x140","pa_medidas-195x150","pa_medidas-195x160","pa_medidas-195x90","pa_medidas-195x95","pa_medidas-200x100","pa_medidas-200x110","pa_medidas-200x120","pa_medidas-200x140","pa_medidas-200x150","pa_medidas-200x160","pa_medidas-200x180","pa_medidas-200x90","pa_medidas-intermedia"],"_links":{"self":[{"href":"https:\/\/dev.wisdomignite.pt\/marpel\/wp-json\/wp\/v2\/product\/39184","targetHints":{"allow":["GET"]}}],"collection":[{"href":"https:\/\/dev.wisdomignite.pt\/marpel\/wp-json\/wp\/v2\/product"}],"about":[{"href":"https:\/\/dev.wisdomignite.pt\/marpel\/wp-json\/wp\/v2\/types\/product"}],"replies":[{"embeddable":true,"href":"https:\/\/dev.wisdomignite.pt\/marpel\/wp-json\/wp\/v2\/comments?post=39184"}],"version-history":[{"count":2,"href":"https:\/\/dev.wisdomignite.pt\/marpel\/wp-json\/wp\/v2\/product\/39184\/revisions"}],"predecessor-version":[{"id":39836,"href":"https:\/\/dev.wisdomignite.pt\/marpel\/wp-json\/wp\/v2\/product\/39184\/revisions\/39836"}],"wp:featuredmedia":[{"embeddable":true,"href":"https:\/\/dev.wisdomignite.pt\/marpel\/wp-json\/wp\/v2\/media\/39690"}],"wp:attachment":[{"href":"https:\/\/dev.wisdomignite.pt\/marpel\/wp-json\/wp\/v2\/media?parent=39184"}],"wp:term":[{"taxonomy":"product_cat","embeddable":true,"href":"https:\/\/dev.wisdomignite.pt\/marpel\/wp-json\/wp\/v2\/product_cat?post=39184"},{"taxonomy":"product_tag","embeddable":true,"href":"https:\/\/dev.wisdomignite.pt\/marpel\/wp-json\/wp\/v2\/product_tag?post=39184"}],"curies":[{"name":"wp","href":"https:\/\/api.w.org\/{rel}","templated":true}]}}