{"id":39118,"date":"2023-07-01T11:35:18","date_gmt":"2023-07-01T10:35:18","guid":{"rendered":"https:\/\/dev.wisdomignite.pt\/marpel\/produto\/colchao-zurique\/"},"modified":"2023-07-01T11:35:23","modified_gmt":"2023-07-01T10:35:23","slug":"colchao-zurique","status":"publish","type":"product","link":"https:\/\/dev.wisdomignite.pt\/marpel\/produto\/colchao-zurique\/","title":{"rendered":"Colch\u00e3o Zurique"},"content":{"rendered":"<p>Altura &#8211; Aprox. 24cm<br \/>\nTecido &#8211; Stretch<br \/>\nPropriedades &#8211; Ventilado, Antial\u00e9rgico, Anat\u00f3mico, Laterais refor\u00e7adas, Pegas laterais, Ortop\u00e9dico<\/p>\n<p>Caracter\u00edsticas t\u00e9cnicas<br \/>\nTecido stretch.<br \/>\n1 capa fibra termofusionada 80gr\/m2.<br \/>\n1 espuma 15mm densidade 20kg\/m3.<br \/>\n1 espuma 10mm densidade 20kg\/m3.<br \/>\n1 espuma 15mm densidade 50kg\/m3.<br \/>\nFeltro termofus\u00e3o 1200gr\/m2.<br \/>\nCarca\u00e7a mola bonel em arame 2,30mm.<br \/>\n4 pegas laterais.<br \/>\nVivo bordeaux.<\/p>\n","protected":false},"excerpt":{"rendered":"<p>Conforto, firmeza e eleg\u00e2ncia.<\/p>\n","protected":false},"featured_media":39680,"comment_status":"closed","ping_status":"open","template":"","meta":[],"product_cat":[318,323],"product_tag":[],"class_list":["post-39118","product","type-product","status-publish","has-post-thumbnail","hentry","product_cat-colchao","product_cat-mola","product_shipping_class-volumosos","pa_firmeza-intermedia-soft","pa_medidas-183x133","pa_medidas-183x88","pa_medidas-183x98","pa_medidas-190x140","pa_medidas-190x150","pa_medidas-190x90","pa_medidas-195x110","pa_medidas-195x140","pa_medidas-195x150","pa_medidas-195x160","pa_medidas-195x90","pa_medidas-195x95","pa_medidas-200x100","pa_medidas-200x110","pa_medidas-200x120","pa_medidas-200x140","pa_medidas-200x150","pa_medidas-200x160","pa_medidas-200x180","pa_medidas-200x90"],"_links":{"self":[{"href":"https:\/\/dev.wisdomignite.pt\/marpel\/wp-json\/wp\/v2\/product\/39118","targetHints":{"allow":["GET"]}}],"collection":[{"href":"https:\/\/dev.wisdomignite.pt\/marpel\/wp-json\/wp\/v2\/product"}],"about":[{"href":"https:\/\/dev.wisdomignite.pt\/marpel\/wp-json\/wp\/v2\/types\/product"}],"replies":[{"embeddable":true,"href":"https:\/\/dev.wisdomignite.pt\/marpel\/wp-json\/wp\/v2\/comments?post=39118"}],"version-history":[{"count":2,"href":"https:\/\/dev.wisdomignite.pt\/marpel\/wp-json\/wp\/v2\/product\/39118\/revisions"}],"predecessor-version":[{"id":39833,"href":"https:\/\/dev.wisdomignite.pt\/marpel\/wp-json\/wp\/v2\/product\/39118\/revisions\/39833"}],"wp:featuredmedia":[{"embeddable":true,"href":"https:\/\/dev.wisdomignite.pt\/marpel\/wp-json\/wp\/v2\/media\/39680"}],"wp:attachment":[{"href":"https:\/\/dev.wisdomignite.pt\/marpel\/wp-json\/wp\/v2\/media?parent=39118"}],"wp:term":[{"taxonomy":"product_cat","embeddable":true,"href":"https:\/\/dev.wisdomignite.pt\/marpel\/wp-json\/wp\/v2\/product_cat?post=39118"},{"taxonomy":"product_tag","embeddable":true,"href":"https:\/\/dev.wisdomignite.pt\/marpel\/wp-json\/wp\/v2\/product_tag?post=39118"}],"curies":[{"name":"wp","href":"https:\/\/api.w.org\/{rel}","templated":true}]}}