{"id":39096,"date":"2023-07-01T11:35:14","date_gmt":"2023-07-01T10:35:14","guid":{"rendered":"https:\/\/dev.wisdomignite.pt\/marpel\/produto\/colchao-thermal\/"},"modified":"2023-07-01T11:35:19","modified_gmt":"2023-07-01T10:35:19","slug":"colchao-thermal","status":"publish","type":"product","link":"https:\/\/dev.wisdomignite.pt\/marpel\/produto\/colchao-thermal\/","title":{"rendered":"Colch\u00e3o Thermal"},"content":{"rendered":"<p>Altura &#8211; Aprox. 27 cmTecido &#8211; Stretch HealthguardPropriedades &#8211; Healthguard, Antial\u00e9rgico, Anat\u00f3mico, Laterais refor\u00e7adas, Viscoel\u00e1stica, Pegas laterais, MicromassagemPegas &#8211; 4 Pegas LateraisCaracter\u00edsticas t\u00e9cnicasTecido stretch Healthguard.1 espuma viscoel\u00e1stica 10mm densidade 50kg\/m3.1 espuma soft 20mm densidade 20kg\/m3.1 espuma perfilada 23,5mm densidade 20kg\/m3.1 espuma 15mm densidade 50kg\/m3.Feltro termofus\u00e3o1200gr\/m2.Carca\u00e7a mola bonel em arame 2,30mm.4 pegas laterais.Vivo castanho.<\/p>\n","protected":false},"excerpt":{"rendered":"<p>Colch\u00e3o de molas com viscoel\u00e1stica e com tecido stretch health guard. Protege os tecidos dos fungos, bact\u00e9rias e \u00e1caros. Repele mosquitos e outros insectos. N\u00e3o permite a forma\u00e7\u00e3o de odores desagrad\u00e1veis.<\/p>\n","protected":false},"featured_media":39677,"comment_status":"closed","ping_status":"open","template":"","meta":[],"product_cat":[318,323],"product_tag":[],"class_list":["post-39096","product","type-product","status-publish","has-post-thumbnail","hentry","product_cat-colchao","product_cat-mola","product_shipping_class-volumosos","pa_firmeza-intermedia","pa_medidas-183x133","pa_medidas-183x88","pa_medidas-183x98","pa_medidas-190x140","pa_medidas-190x150","pa_medidas-190x90","pa_medidas-195x110","pa_medidas-195x140","pa_medidas-195x150","pa_medidas-195x160","pa_medidas-195x90","pa_medidas-195x95","pa_medidas-200x100","pa_medidas-200x110","pa_medidas-200x120","pa_medidas-200x140","pa_medidas-200x150","pa_medidas-200x160","pa_medidas-200x180","pa_medidas-200x90"],"_links":{"self":[{"href":"https:\/\/dev.wisdomignite.pt\/marpel\/wp-json\/wp\/v2\/product\/39096","targetHints":{"allow":["GET"]}}],"collection":[{"href":"https:\/\/dev.wisdomignite.pt\/marpel\/wp-json\/wp\/v2\/product"}],"about":[{"href":"https:\/\/dev.wisdomignite.pt\/marpel\/wp-json\/wp\/v2\/types\/product"}],"replies":[{"embeddable":true,"href":"https:\/\/dev.wisdomignite.pt\/marpel\/wp-json\/wp\/v2\/comments?post=39096"}],"version-history":[{"count":2,"href":"https:\/\/dev.wisdomignite.pt\/marpel\/wp-json\/wp\/v2\/product\/39096\/revisions"}],"predecessor-version":[{"id":39832,"href":"https:\/\/dev.wisdomignite.pt\/marpel\/wp-json\/wp\/v2\/product\/39096\/revisions\/39832"}],"wp:featuredmedia":[{"embeddable":true,"href":"https:\/\/dev.wisdomignite.pt\/marpel\/wp-json\/wp\/v2\/media\/39677"}],"wp:attachment":[{"href":"https:\/\/dev.wisdomignite.pt\/marpel\/wp-json\/wp\/v2\/media?parent=39096"}],"wp:term":[{"taxonomy":"product_cat","embeddable":true,"href":"https:\/\/dev.wisdomignite.pt\/marpel\/wp-json\/wp\/v2\/product_cat?post=39096"},{"taxonomy":"product_tag","embeddable":true,"href":"https:\/\/dev.wisdomignite.pt\/marpel\/wp-json\/wp\/v2\/product_tag?post=39096"}],"curies":[{"name":"wp","href":"https:\/\/api.w.org\/{rel}","templated":true}]}}