{"id":39074,"date":"2023-07-01T11:35:11","date_gmt":"2023-07-01T10:35:11","guid":{"rendered":"https:\/\/dev.wisdomignite.pt\/marpel\/produto\/colchao-ergosoft\/"},"modified":"2023-07-01T11:35:16","modified_gmt":"2023-07-01T10:35:16","slug":"colchao-ergosoft","status":"publish","type":"product","link":"https:\/\/dev.wisdomignite.pt\/marpel\/produto\/colchao-ergosoft\/","title":{"rendered":"Colch\u00e3o Ergosoft"},"content":{"rendered":"<p>Altura &#8211; Aprox. 25 cm<br \/>\nTecido &#8211; Stretch<br \/>\nPropriedades &#8211; Anti\u00e1caros, Antial\u00e9rgico, Anat\u00f3mico, Zonas Independentes de descanco, Moldura Estabilizadora<br \/>\nPegas laterais &#8211; Faixa Transpir\u00e1vel 3D<br \/>\nPegas &#8211; 4 Pegas Laterais<\/p>\n<p>Caracter\u00edsticas t\u00e9cnicas<br \/>\nTecido stretch.<br \/>\n1 capa fibra termofusionada 80gr\/m2.<br \/>\n1 espuma 15mm densidade 20kg\/m3.<br \/>\n1 espuma 10mm densidade 20kg\/m3.<br \/>\nCarca\u00e7a mola ensacada com aro e com feltro 1100gr\/m2.<br \/>\n4 pegas laterais.<\/p>\n","protected":false},"excerpt":{"rendered":"<p>Zonas de descanso independentes que proporcionam o m\u00e1ximo conforto.<\/p>\n","protected":false},"featured_media":39666,"comment_status":"closed","ping_status":"open","template":"","meta":[],"product_cat":[318,319],"product_tag":[],"class_list":["post-39074","product","type-product","status-publish","has-post-thumbnail","hentry","product_cat-colchao","product_cat-nucleo","product_shipping_class-volumosos","pa_firmeza-firme","pa_medidas-183x133","pa_medidas-183x88","pa_medidas-183x98","pa_medidas-190x140","pa_medidas-190x150","pa_medidas-190x90","pa_medidas-195x110","pa_medidas-195x140","pa_medidas-195x150","pa_medidas-195x160","pa_medidas-195x90","pa_medidas-195x95","pa_medidas-200x100","pa_medidas-200x110","pa_medidas-200x120","pa_medidas-200x140","pa_medidas-200x150","pa_medidas-200x160","pa_medidas-200x180","pa_medidas-200x90"],"_links":{"self":[{"href":"https:\/\/dev.wisdomignite.pt\/marpel\/wp-json\/wp\/v2\/product\/39074","targetHints":{"allow":["GET"]}}],"collection":[{"href":"https:\/\/dev.wisdomignite.pt\/marpel\/wp-json\/wp\/v2\/product"}],"about":[{"href":"https:\/\/dev.wisdomignite.pt\/marpel\/wp-json\/wp\/v2\/types\/product"}],"replies":[{"embeddable":true,"href":"https:\/\/dev.wisdomignite.pt\/marpel\/wp-json\/wp\/v2\/comments?post=39074"}],"version-history":[{"count":2,"href":"https:\/\/dev.wisdomignite.pt\/marpel\/wp-json\/wp\/v2\/product\/39074\/revisions"}],"predecessor-version":[{"id":39831,"href":"https:\/\/dev.wisdomignite.pt\/marpel\/wp-json\/wp\/v2\/product\/39074\/revisions\/39831"}],"wp:featuredmedia":[{"embeddable":true,"href":"https:\/\/dev.wisdomignite.pt\/marpel\/wp-json\/wp\/v2\/media\/39666"}],"wp:attachment":[{"href":"https:\/\/dev.wisdomignite.pt\/marpel\/wp-json\/wp\/v2\/media?parent=39074"}],"wp:term":[{"taxonomy":"product_cat","embeddable":true,"href":"https:\/\/dev.wisdomignite.pt\/marpel\/wp-json\/wp\/v2\/product_cat?post=39074"},{"taxonomy":"product_tag","embeddable":true,"href":"https:\/\/dev.wisdomignite.pt\/marpel\/wp-json\/wp\/v2\/product_tag?post=39074"}],"curies":[{"name":"wp","href":"https:\/\/api.w.org\/{rel}","templated":true}]}}