{"id":39031,"date":"2023-07-01T11:35:04","date_gmt":"2023-07-01T10:35:04","guid":{"rendered":"https:\/\/dev.wisdomignite.pt\/marpel\/produto\/colchao-viscobox\/"},"modified":"2023-07-01T11:35:09","modified_gmt":"2023-07-01T10:35:09","slug":"colchao-viscobox","status":"publish","type":"product","link":"https:\/\/dev.wisdomignite.pt\/marpel\/produto\/colchao-viscobox\/","title":{"rendered":"Colch\u00e3o Viscobox"},"content":{"rendered":"<p>Altura &#8211; Aprox. 27 cm<br \/>\nTecido &#8211; Stretch<br \/>\nPropriedades &#8211; Anat\u00f3mico, Viscoel\u00e1stica, Moldura Estabilizadora<br \/>\nDesign &#8211; Vivo branco e Pegas bordadas<br \/>\nPegas &#8211; Pegas laterias<br \/>\nCaracter\u00edsticas t\u00e9cnicas<br \/>\nTecido stretch Alo\u00e9 Vera.<br \/>\nCapa termofusionada de 200gr\/m2 branca.<br \/>\nEspuma viscoel\u00e1stica de 20mm densidade 50kg\/m3.<br \/>\nEspuma soft 20mm densidade 20kg\/m3.<br \/>\nEspuma perfilada 23,5mm densidade 20kg\/m3.<br \/>\nFeltro termofus\u00e3o de 1200gr\/m2.<br \/>\nCarca\u00e7a mola bonel em arame 2,30mm (com cunhas totais).<br \/>\nFaixa bordada no topo do colch\u00e3o.<br \/>\n4 pegas laterais.<\/p>\n","protected":false},"excerpt":{"rendered":"<p>O sistema feltrobox refor\u00e7a todo o per\u00edmetro do colch\u00e3o para que n\u00e3o deforme, mesmo quando o peso \u00e9 aplicado junto ao rebordo. O topo em viscoel\u00e1stica confere-lhe uma adaptabilidade perfeita.<\/p>\n","protected":false},"featured_media":39671,"comment_status":"closed","ping_status":"open","template":"","meta":[],"product_cat":[318,323],"product_tag":[],"class_list":["post-39031","product","type-product","status-publish","has-post-thumbnail","hentry","product_cat-colchao","product_cat-mola","product_shipping_class-volumosos","pa_firmeza-firme","pa_medidas-183x133","pa_medidas-183x98","pa_medidas-190x140","pa_medidas-190x150","pa_medidas-190x90","pa_medidas-195x110","pa_medidas-195x140","pa_medidas-195x150","pa_medidas-195x160","pa_medidas-195x90","pa_medidas-195x95","pa_medidas-200x100","pa_medidas-200x110","pa_medidas-200x120","pa_medidas-200x140","pa_medidas-200x150","pa_medidas-200x160","pa_medidas-200x180","pa_medidas-200x90"],"_links":{"self":[{"href":"https:\/\/dev.wisdomignite.pt\/marpel\/wp-json\/wp\/v2\/product\/39031","targetHints":{"allow":["GET"]}}],"collection":[{"href":"https:\/\/dev.wisdomignite.pt\/marpel\/wp-json\/wp\/v2\/product"}],"about":[{"href":"https:\/\/dev.wisdomignite.pt\/marpel\/wp-json\/wp\/v2\/types\/product"}],"replies":[{"embeddable":true,"href":"https:\/\/dev.wisdomignite.pt\/marpel\/wp-json\/wp\/v2\/comments?post=39031"}],"version-history":[{"count":2,"href":"https:\/\/dev.wisdomignite.pt\/marpel\/wp-json\/wp\/v2\/product\/39031\/revisions"}],"predecessor-version":[{"id":39829,"href":"https:\/\/dev.wisdomignite.pt\/marpel\/wp-json\/wp\/v2\/product\/39031\/revisions\/39829"}],"wp:featuredmedia":[{"embeddable":true,"href":"https:\/\/dev.wisdomignite.pt\/marpel\/wp-json\/wp\/v2\/media\/39671"}],"wp:attachment":[{"href":"https:\/\/dev.wisdomignite.pt\/marpel\/wp-json\/wp\/v2\/media?parent=39031"}],"wp:term":[{"taxonomy":"product_cat","embeddable":true,"href":"https:\/\/dev.wisdomignite.pt\/marpel\/wp-json\/wp\/v2\/product_cat?post=39031"},{"taxonomy":"product_tag","embeddable":true,"href":"https:\/\/dev.wisdomignite.pt\/marpel\/wp-json\/wp\/v2\/product_tag?post=39031"}],"curies":[{"name":"wp","href":"https:\/\/api.w.org\/{rel}","templated":true}]}}