{"id":38989,"date":"2023-07-01T11:34:57","date_gmt":"2023-07-01T10:34:57","guid":{"rendered":"https:\/\/dev.wisdomignite.pt\/marpel\/produto\/colchao-sublime-visco\/"},"modified":"2023-07-01T11:35:02","modified_gmt":"2023-07-01T10:35:02","slug":"colchao-sublime-visco","status":"publish","type":"product","link":"https:\/\/dev.wisdomignite.pt\/marpel\/produto\/colchao-sublime-visco\/","title":{"rendered":"Colch\u00e3o Sublime Visco"},"content":{"rendered":"<p>Molas bic\u00f3nicas. Colch\u00e3o Revers\u00edvel. Oeko Tex. V\u00e1lvulas de Ventila\u00e7\u00e3o. Altura 25cm. Placas Termofixadas 1500gr. Espuma Viscoel\u00e1stica.<\/p>\n","protected":false},"excerpt":{"rendered":"<p>Colch\u00e3o de molas, com elevada circula\u00e7\u00e3o de ar com o conforto do visco e da espuma perfilada.<\/p>\n","protected":false},"featured_media":39724,"comment_status":"closed","ping_status":"open","template":"","meta":[],"product_cat":[318,323],"product_tag":[287],"class_list":["post-38989","product","type-product","status-publish","has-post-thumbnail","hentry","product_cat-colchao","product_cat-mola","product_tag-viscoelastico","product_shipping_class-volumosos","pa_firmeza-intermedia-firme","pa_medidas-183x118","pa_medidas-183x123","pa_medidas-183x128","pa_medidas-183x133","pa_medidas-183x88","pa_medidas-183x98","pa_medidas-190x140","pa_medidas-190x150","pa_medidas-190x90","pa_medidas-195x140","pa_medidas-195x150","pa_medidas-195x95","pa_medidas-200x150","pa_medidas-200x160","pa_medidas-200x180","pa_medidas-200x200"],"_links":{"self":[{"href":"https:\/\/dev.wisdomignite.pt\/marpel\/wp-json\/wp\/v2\/product\/38989","targetHints":{"allow":["GET"]}}],"collection":[{"href":"https:\/\/dev.wisdomignite.pt\/marpel\/wp-json\/wp\/v2\/product"}],"about":[{"href":"https:\/\/dev.wisdomignite.pt\/marpel\/wp-json\/wp\/v2\/types\/product"}],"replies":[{"embeddable":true,"href":"https:\/\/dev.wisdomignite.pt\/marpel\/wp-json\/wp\/v2\/comments?post=38989"}],"version-history":[{"count":1,"href":"https:\/\/dev.wisdomignite.pt\/marpel\/wp-json\/wp\/v2\/product\/38989\/revisions"}],"predecessor-version":[{"id":38990,"href":"https:\/\/dev.wisdomignite.pt\/marpel\/wp-json\/wp\/v2\/product\/38989\/revisions\/38990"}],"wp:featuredmedia":[{"embeddable":true,"href":"https:\/\/dev.wisdomignite.pt\/marpel\/wp-json\/wp\/v2\/media\/39724"}],"wp:attachment":[{"href":"https:\/\/dev.wisdomignite.pt\/marpel\/wp-json\/wp\/v2\/media?parent=38989"}],"wp:term":[{"taxonomy":"product_cat","embeddable":true,"href":"https:\/\/dev.wisdomignite.pt\/marpel\/wp-json\/wp\/v2\/product_cat?post=38989"},{"taxonomy":"product_tag","embeddable":true,"href":"https:\/\/dev.wisdomignite.pt\/marpel\/wp-json\/wp\/v2\/product_tag?post=38989"}],"curies":[{"name":"wp","href":"https:\/\/api.w.org\/{rel}","templated":true}]}}