{"id":38929,"date":"2023-07-01T11:34:45","date_gmt":"2023-07-01T10:34:45","guid":{"rendered":"https:\/\/dev.wisdomignite.pt\/marpel\/produto\/capa-protetora-emma\/"},"modified":"2023-07-01T11:34:49","modified_gmt":"2023-07-01T10:34:49","slug":"capa-protetora-emma","status":"publish","type":"product","link":"https:\/\/dev.wisdomignite.pt\/marpel\/produto\/capa-protetora-emma\/","title":{"rendered":"Capa Protetora Emma"},"content":{"rendered":"<p>A capa protetora Emma<br \/>\nA nossa capa protetora \u00e9 a combina\u00e7\u00e3o perfeita para o teu colch\u00e3o Emma: proporciona m\u00e1xima prote\u00e7\u00e3o, permite-te dormir sem alergias e \u00e9 excecionalmente confort\u00e1vel.<\/p>\n<p>M\u00e1xima prote\u00e7\u00e3o<br \/>\nA nossa capa protetora tem uma camada EmmaGuard 100% imperme\u00e1vel que protege o teu colch\u00e3o de animais, comida e acidentes do dia-a-dia. E caso precises de a lavar, simplesmente coloca-a na tua m\u00e1quina de lavar!<\/p>\n<p>Dorme sem alergias<br \/>\nSabias que os \u00e1caros provocam 70% das alergias respirat\u00f3rias bem como asma? A nossa capa protetora \u00e9 feita com uma tecnologia revolucion\u00e1ria AllergyShield e \u00e9 clinicamente testada para proteger-te de \u00e1caros e de alerg\u00e9nicos de pelo de gato e c\u00e3o.<\/p>\n<p>Excecionalmente confort\u00e1vel<br \/>\nA nossa capa protetora incrivelmente macia \u00e9 altamente respir\u00e1vel e mantem-te fresco durante toda a noite. Envolve o teu colch\u00e3o na perfei\u00e7\u00e3o com a 360\u00baGrip e sem rugas \u2013 vais sentir o conforto mas sem ouvir nada.<\/p>\n<p>Composi\u00e7\u00e3o da capa protectora<br \/>\nMaterial inovador com tecnologia Purotex\u00ae aplicada<\/p>\n","protected":false},"excerpt":{"rendered":"<p>Uma protec\u00e7\u00e3o m\u00e1xima para o teu colch\u00e3o Emma. Uma capa imperme\u00e1vel e probi\u00f3tica que reduz as tuas alergias. Uma inova\u00e7\u00e3o patenteada pela Emma<br \/>\nIMPORTANTE: Consulta o tempo de envio, algumas medidas podem demorar at\u00e9 21 dias.<\/p>\n","protected":false},"featured_media":39660,"comment_status":"closed","ping_status":"open","template":"","meta":[],"product_cat":[321],"product_tag":[280],"class_list":["post-38929","product","type-product","status-publish","has-post-thumbnail","hentry","product_cat-protetores","product_tag-emma","product_shipping_class-frete-grais-1","pa_medidas-190x135","pa_medidas-190x140","pa_medidas-190x150","pa_medidas-190x90","pa_medidas-200x140","pa_medidas-200x150","pa_medidas-200x160","pa_medidas-200x180","pa_medidas-200x200","pa_medidas-200x90"],"_links":{"self":[{"href":"https:\/\/dev.wisdomignite.pt\/marpel\/wp-json\/wp\/v2\/product\/38929","targetHints":{"allow":["GET"]}}],"collection":[{"href":"https:\/\/dev.wisdomignite.pt\/marpel\/wp-json\/wp\/v2\/product"}],"about":[{"href":"https:\/\/dev.wisdomignite.pt\/marpel\/wp-json\/wp\/v2\/types\/product"}],"replies":[{"embeddable":true,"href":"https:\/\/dev.wisdomignite.pt\/marpel\/wp-json\/wp\/v2\/comments?post=38929"}],"version-history":[{"count":2,"href":"https:\/\/dev.wisdomignite.pt\/marpel\/wp-json\/wp\/v2\/product\/38929\/revisions"}],"predecessor-version":[{"id":39827,"href":"https:\/\/dev.wisdomignite.pt\/marpel\/wp-json\/wp\/v2\/product\/38929\/revisions\/39827"}],"wp:featuredmedia":[{"embeddable":true,"href":"https:\/\/dev.wisdomignite.pt\/marpel\/wp-json\/wp\/v2\/media\/39660"}],"wp:attachment":[{"href":"https:\/\/dev.wisdomignite.pt\/marpel\/wp-json\/wp\/v2\/media?parent=38929"}],"wp:term":[{"taxonomy":"product_cat","embeddable":true,"href":"https:\/\/dev.wisdomignite.pt\/marpel\/wp-json\/wp\/v2\/product_cat?post=38929"},{"taxonomy":"product_tag","embeddable":true,"href":"https:\/\/dev.wisdomignite.pt\/marpel\/wp-json\/wp\/v2\/product_tag?post=38929"}],"curies":[{"name":"wp","href":"https:\/\/api.w.org\/{rel}","templated":true}]}}