{"id":38339,"date":"2023-07-01T11:32:46","date_gmt":"2023-07-01T10:32:46","guid":{"rendered":"https:\/\/dev.wisdomignite.pt\/marpel\/produto\/cabeceira-elegance\/"},"modified":"2023-07-01T11:33:16","modified_gmt":"2023-07-01T10:33:16","slug":"cabeceira-elegance","status":"publish","type":"product","link":"https:\/\/dev.wisdomignite.pt\/marpel\/produto\/cabeceira-elegance\/","title":{"rendered":"Cabeceira Elegance"},"content":{"rendered":"<p>Minimalista, a cabeceira Elegance apresenta um mdelo elegante e depurado, de costura simples.<\/p>\n","protected":false},"excerpt":{"rendered":"<p>Cabeceira inclu\u00ed sistema de fixa\u00e7\u00e3o \u00e0 parede &#8211; opcional.<\/p>\n","protected":false},"featured_media":39571,"comment_status":"closed","ping_status":"open","template":"","meta":[],"product_cat":[317,313],"product_tag":[],"class_list":["post-38339","product","type-product","status-publish","has-post-thumbnail","hentry","product_cat-cabeceira","product_cat-camas","product_shipping_class-volumosos","pa_cor-azul","pa_cor-beje","pa_cor-castanho","pa_cor-cinza","pa_cor-cinza-claro","pa_cor-cinza-escuro","pa_cor-creme","pa_cor-menta","pa_cor-mostaza","pa_cor-perola","pa_cor-preto","pa_cor-rosa","pa_cor-salmao","pa_cor-taupe","pa_cor-verde","pa_cor-verde-agua","pa_medidas-150","pa_medidas-145","pa_medidas-146","pa_medidas-147","pa_medidas-148","pa_medidas-149","pa_tecido-letto","pa_tecido-magia","pa_tecido-solar"],"_links":{"self":[{"href":"https:\/\/dev.wisdomignite.pt\/marpel\/wp-json\/wp\/v2\/product\/38339","targetHints":{"allow":["GET"]}}],"collection":[{"href":"https:\/\/dev.wisdomignite.pt\/marpel\/wp-json\/wp\/v2\/product"}],"about":[{"href":"https:\/\/dev.wisdomignite.pt\/marpel\/wp-json\/wp\/v2\/types\/product"}],"replies":[{"embeddable":true,"href":"https:\/\/dev.wisdomignite.pt\/marpel\/wp-json\/wp\/v2\/comments?post=38339"}],"version-history":[{"count":1,"href":"https:\/\/dev.wisdomignite.pt\/marpel\/wp-json\/wp\/v2\/product\/38339\/revisions"}],"predecessor-version":[{"id":38340,"href":"https:\/\/dev.wisdomignite.pt\/marpel\/wp-json\/wp\/v2\/product\/38339\/revisions\/38340"}],"wp:featuredmedia":[{"embeddable":true,"href":"https:\/\/dev.wisdomignite.pt\/marpel\/wp-json\/wp\/v2\/media\/39571"}],"wp:attachment":[{"href":"https:\/\/dev.wisdomignite.pt\/marpel\/wp-json\/wp\/v2\/media?parent=38339"}],"wp:term":[{"taxonomy":"product_cat","embeddable":true,"href":"https:\/\/dev.wisdomignite.pt\/marpel\/wp-json\/wp\/v2\/product_cat?post=38339"},{"taxonomy":"product_tag","embeddable":true,"href":"https:\/\/dev.wisdomignite.pt\/marpel\/wp-json\/wp\/v2\/product_tag?post=38339"}],"curies":[{"name":"wp","href":"https:\/\/api.w.org\/{rel}","templated":true}]}}