{"id":37341,"date":"2023-07-01T11:29:16","date_gmt":"2023-07-01T10:29:16","guid":{"rendered":"https:\/\/dev.wisdomignite.pt\/marpel\/produto\/sommier-estofado-dividido\/"},"modified":"2023-07-01T11:30:40","modified_gmt":"2023-07-01T10:30:40","slug":"sommier-estofado-dividido","status":"publish","type":"product","link":"https:\/\/dev.wisdomignite.pt\/marpel\/produto\/sommier-estofado-dividido\/","title":{"rendered":"Sommier Estofado Dividido"},"content":{"rendered":"<p>Altura &#8211; 30cm aprox.<br \/>\nCaracter\u00edsticas<br \/>\nEstrutura com sistema de abertura f\u00e1cil frontal atrav\u00e9s de eleva\u00e7\u00e3o com amortecedores<br \/>\nEspa\u00e7osa caixa de arruma\u00e7\u00e3o<br \/>\nEstrutura interior em tubo de ferro<br \/>\nFundo interior de melamina<br \/>\nTampo com suporte em MDF de 6mm<br \/>\nTecido &#8211; Revestimento estofado em microfibras e tecido transpir\u00e1vel 3D<\/p>\n","protected":false},"excerpt":{"rendered":"<p>Espa\u00e7osa caixa de arruma\u00e7\u00e3o<\/p>\n","protected":false},"featured_media":39483,"comment_status":"closed","ping_status":"open","template":"","meta":[],"product_cat":[313,331],"product_tag":[],"class_list":["post-37341","product","type-product","status-publish","has-post-thumbnail","hentry","product_cat-camas","product_cat-elevatorias","product_shipping_class-volumosos","pa_cor-azul","pa_cor-beje","pa_cor-castanho","pa_cor-castanho-escuro","pa_cor-cinza","pa_cor-cinza-claro","pa_cor-cinza-escuro","pa_cor-creme","pa_cor-menta","pa_cor-mostaza","pa_cor-perola","pa_cor-preto","pa_cor-rosa","pa_cor-salmao","pa_cor-taupe","pa_cor-verde","pa_cor-verde-agua","pa_medidas-183x133","pa_medidas-183x98","pa_medidas-190x140","pa_medidas-190x150","pa_medidas-190x90","pa_medidas-195x110","pa_medidas-195x140","pa_medidas-195x150","pa_medidas-195x160","pa_medidas-195x90","pa_medidas-195x95","pa_medidas-200x100","pa_medidas-200x150","pa_medidas-200x160","pa_medidas-200x180","pa_tecido-letto","pa_tecido-magia","pa_tecido-solar"],"_links":{"self":[{"href":"https:\/\/dev.wisdomignite.pt\/marpel\/wp-json\/wp\/v2\/product\/37341","targetHints":{"allow":["GET"]}}],"collection":[{"href":"https:\/\/dev.wisdomignite.pt\/marpel\/wp-json\/wp\/v2\/product"}],"about":[{"href":"https:\/\/dev.wisdomignite.pt\/marpel\/wp-json\/wp\/v2\/types\/product"}],"replies":[{"embeddable":true,"href":"https:\/\/dev.wisdomignite.pt\/marpel\/wp-json\/wp\/v2\/comments?post=37341"}],"version-history":[{"count":2,"href":"https:\/\/dev.wisdomignite.pt\/marpel\/wp-json\/wp\/v2\/product\/37341\/revisions"}],"predecessor-version":[{"id":39821,"href":"https:\/\/dev.wisdomignite.pt\/marpel\/wp-json\/wp\/v2\/product\/37341\/revisions\/39821"}],"wp:featuredmedia":[{"embeddable":true,"href":"https:\/\/dev.wisdomignite.pt\/marpel\/wp-json\/wp\/v2\/media\/39483"}],"wp:attachment":[{"href":"https:\/\/dev.wisdomignite.pt\/marpel\/wp-json\/wp\/v2\/media?parent=37341"}],"wp:term":[{"taxonomy":"product_cat","embeddable":true,"href":"https:\/\/dev.wisdomignite.pt\/marpel\/wp-json\/wp\/v2\/product_cat?post=37341"},{"taxonomy":"product_tag","embeddable":true,"href":"https:\/\/dev.wisdomignite.pt\/marpel\/wp-json\/wp\/v2\/product_tag?post=37341"}],"curies":[{"name":"wp","href":"https:\/\/api.w.org\/{rel}","templated":true}]}}