{"id":37189,"date":"2023-07-01T11:28:51","date_gmt":"2023-07-01T10:28:51","guid":{"rendered":"https:\/\/dev.wisdomignite.pt\/marpel\/produto\/sommier-big-box\/"},"modified":"2023-07-01T11:29:20","modified_gmt":"2023-07-01T10:29:20","slug":"sommier-big-box","status":"publish","type":"product","link":"https:\/\/dev.wisdomignite.pt\/marpel\/produto\/sommier-big-box\/","title":{"rendered":"Sommier Big Box"},"content":{"rendered":"<p>Altura &#8211; 36cm aprox.<br \/>\nCaracter\u00edsticas<br \/>\nEspa\u00e7osa caixa de arruma\u00e7\u00e3o com 30cm<br \/>\nEstrutura interior em tubo de ferro dividido em 2<br \/>\nFundo interior de melamina<br \/>\nTampo com suporte em MDF de 6mm<br \/>\nSistema de abertura f\u00e1cil frontal atrav\u00e9s de eleva\u00e7\u00e3o com amortecedores<br \/>\nTecido &#8211; Revestimento estofado em microfibras, tecido transpir\u00e1vel 3D.<\/p>\n","protected":false},"excerpt":{"rendered":"<p>Sommier elevat\u00f3rio estofado<\/p>\n","protected":false},"featured_media":39456,"comment_status":"closed","ping_status":"open","template":"","meta":[],"product_cat":[313,331],"product_tag":[],"class_list":["post-37189","product","type-product","status-publish","has-post-thumbnail","hentry","product_cat-camas","product_cat-elevatorias","product_shipping_class-volumosos","pa_cor-azul","pa_cor-beje","pa_cor-castanho","pa_cor-castanho-escuro","pa_cor-cinza","pa_cor-cinza-claro","pa_cor-cinza-escuro","pa_cor-creme","pa_cor-menta","pa_cor-mostaza","pa_cor-perola","pa_cor-preto","pa_cor-rosa","pa_cor-salmao","pa_cor-taupe","pa_cor-verde","pa_cor-verde-agua","pa_medidas-190x140","pa_medidas-190x90","pa_medidas-200x140","pa_medidas-200x150","pa_medidas-200x160","pa_medidas-200x180","pa_tecido-letto","pa_tecido-magia","pa_tecido-solar"],"_links":{"self":[{"href":"https:\/\/dev.wisdomignite.pt\/marpel\/wp-json\/wp\/v2\/product\/37189","targetHints":{"allow":["GET"]}}],"collection":[{"href":"https:\/\/dev.wisdomignite.pt\/marpel\/wp-json\/wp\/v2\/product"}],"about":[{"href":"https:\/\/dev.wisdomignite.pt\/marpel\/wp-json\/wp\/v2\/types\/product"}],"replies":[{"embeddable":true,"href":"https:\/\/dev.wisdomignite.pt\/marpel\/wp-json\/wp\/v2\/comments?post=37189"}],"version-history":[{"count":2,"href":"https:\/\/dev.wisdomignite.pt\/marpel\/wp-json\/wp\/v2\/product\/37189\/revisions"}],"predecessor-version":[{"id":39820,"href":"https:\/\/dev.wisdomignite.pt\/marpel\/wp-json\/wp\/v2\/product\/37189\/revisions\/39820"}],"wp:featuredmedia":[{"embeddable":true,"href":"https:\/\/dev.wisdomignite.pt\/marpel\/wp-json\/wp\/v2\/media\/39456"}],"wp:attachment":[{"href":"https:\/\/dev.wisdomignite.pt\/marpel\/wp-json\/wp\/v2\/media?parent=37189"}],"wp:term":[{"taxonomy":"product_cat","embeddable":true,"href":"https:\/\/dev.wisdomignite.pt\/marpel\/wp-json\/wp\/v2\/product_cat?post=37189"},{"taxonomy":"product_tag","embeddable":true,"href":"https:\/\/dev.wisdomignite.pt\/marpel\/wp-json\/wp\/v2\/product_tag?post=37189"}],"curies":[{"name":"wp","href":"https:\/\/api.w.org\/{rel}","templated":true}]}}