{"id":37171,"date":"2023-07-01T11:28:47","date_gmt":"2023-07-01T10:28:47","guid":{"rendered":"https:\/\/dev.wisdomignite.pt\/marpel\/produto\/sommier-elevatorio-sion\/"},"modified":"2023-07-01T11:28:51","modified_gmt":"2023-07-01T10:28:51","slug":"sommier-elevatorio-sion","status":"publish","type":"product","link":"https:\/\/dev.wisdomignite.pt\/marpel\/produto\/sommier-elevatorio-sion\/","title":{"rendered":"Sommier Elevat\u00f3rio Sion"},"content":{"rendered":"<p>Altura &#8211; 37cm aprox.<br \/>\nCaracter\u00edsticas<br \/>\nEstrutura em aglomerado com acabamento termoprensado<br \/>\nTampo em MDF de 6mm com aberturas e tecido 3D<br \/>\nFundo interior de melamina<br \/>\nAbertura f\u00e1cil frontal com sistema de eleva\u00e7\u00e3o com amortecedores<br \/>\nEspa\u00e7osa caixa de arruma\u00e7\u00e3o<\/p>\n","protected":false},"excerpt":{"rendered":"<p>Espa\u00e7osa caixa de arruma\u00e7\u00e3o<\/p>\n","protected":false},"featured_media":39452,"comment_status":"closed","ping_status":"open","template":"","meta":[],"product_cat":[313,331],"product_tag":[],"class_list":["post-37171","product","type-product","status-publish","has-post-thumbnail","hentry","product_cat-camas","product_cat-elevatorias","product_shipping_class-volumosos","pa_cor-carvalho-cinza","pa_cor-carvalho-natura","pa_medidas-190x140","pa_medidas-190x150","pa_medidas-190x90","pa_medidas-195x150","pa_medidas-195x160","pa_medidas-200x100","pa_medidas-200x150","pa_medidas-200x160"],"_links":{"self":[{"href":"https:\/\/dev.wisdomignite.pt\/marpel\/wp-json\/wp\/v2\/product\/37171","targetHints":{"allow":["GET"]}}],"collection":[{"href":"https:\/\/dev.wisdomignite.pt\/marpel\/wp-json\/wp\/v2\/product"}],"about":[{"href":"https:\/\/dev.wisdomignite.pt\/marpel\/wp-json\/wp\/v2\/types\/product"}],"replies":[{"embeddable":true,"href":"https:\/\/dev.wisdomignite.pt\/marpel\/wp-json\/wp\/v2\/comments?post=37171"}],"version-history":[{"count":2,"href":"https:\/\/dev.wisdomignite.pt\/marpel\/wp-json\/wp\/v2\/product\/37171\/revisions"}],"predecessor-version":[{"id":39819,"href":"https:\/\/dev.wisdomignite.pt\/marpel\/wp-json\/wp\/v2\/product\/37171\/revisions\/39819"}],"wp:featuredmedia":[{"embeddable":true,"href":"https:\/\/dev.wisdomignite.pt\/marpel\/wp-json\/wp\/v2\/media\/39452"}],"wp:attachment":[{"href":"https:\/\/dev.wisdomignite.pt\/marpel\/wp-json\/wp\/v2\/media?parent=37171"}],"wp:term":[{"taxonomy":"product_cat","embeddable":true,"href":"https:\/\/dev.wisdomignite.pt\/marpel\/wp-json\/wp\/v2\/product_cat?post=37171"},{"taxonomy":"product_tag","embeddable":true,"href":"https:\/\/dev.wisdomignite.pt\/marpel\/wp-json\/wp\/v2\/product_tag?post=37171"}],"curies":[{"name":"wp","href":"https:\/\/api.w.org\/{rel}","templated":true}]}}