{"id":37114,"date":"2023-07-01T11:28:35","date_gmt":"2023-07-01T10:28:35","guid":{"rendered":"https:\/\/dev.wisdomignite.pt\/marpel\/produto\/estrado-metalico\/"},"modified":"2023-07-01T11:28:42","modified_gmt":"2023-07-01T10:28:42","slug":"estrado-metalico","status":"publish","type":"product","link":"https:\/\/dev.wisdomignite.pt\/marpel\/produto\/estrado-metalico\/","title":{"rendered":"Estrado Met\u00e1lico"},"content":{"rendered":"","protected":false},"excerpt":{"rendered":"<p>Estrado fixo com r\u00e9guas de madeira e estrutura met\u00e1lica<\/p>\n","protected":false},"featured_media":39444,"comment_status":"closed","ping_status":"open","template":"","meta":[],"product_cat":[313,314],"product_tag":[],"class_list":["post-37114","product","type-product","status-publish","has-post-thumbnail","hentry","product_cat-camas","product_cat-estrado","pa_medidas-183x118","pa_medidas-183x123","pa_medidas-183x128","pa_medidas-183x130","pa_medidas-183x133","pa_medidas-183x80","pa_medidas-183x88","pa_medidas-183x94","pa_medidas-183x98","pa_medidas-190x135","pa_medidas-190x137","pa_medidas-190x140","pa_medidas-190x150","pa_medidas-190x90","pa_medidas-190x95","pa_medidas-195x110","pa_medidas-195x140","pa_medidas-195x145","pa_medidas-195x150","pa_medidas-195x160","pa_medidas-195x95","pa_medidas-198x100","pa_medidas-200x100","pa_medidas-200x120","pa_medidas-200x150","pa_medidas-200x160","pa_medidas-200x170","pa_medidas-200x180","pa_medidas-200x90"],"_links":{"self":[{"href":"https:\/\/dev.wisdomignite.pt\/marpel\/wp-json\/wp\/v2\/product\/37114","targetHints":{"allow":["GET"]}}],"collection":[{"href":"https:\/\/dev.wisdomignite.pt\/marpel\/wp-json\/wp\/v2\/product"}],"about":[{"href":"https:\/\/dev.wisdomignite.pt\/marpel\/wp-json\/wp\/v2\/types\/product"}],"replies":[{"embeddable":true,"href":"https:\/\/dev.wisdomignite.pt\/marpel\/wp-json\/wp\/v2\/comments?post=37114"}],"version-history":[{"count":1,"href":"https:\/\/dev.wisdomignite.pt\/marpel\/wp-json\/wp\/v2\/product\/37114\/revisions"}],"predecessor-version":[{"id":37115,"href":"https:\/\/dev.wisdomignite.pt\/marpel\/wp-json\/wp\/v2\/product\/37114\/revisions\/37115"}],"wp:featuredmedia":[{"embeddable":true,"href":"https:\/\/dev.wisdomignite.pt\/marpel\/wp-json\/wp\/v2\/media\/39444"}],"wp:attachment":[{"href":"https:\/\/dev.wisdomignite.pt\/marpel\/wp-json\/wp\/v2\/media?parent=37114"}],"wp:term":[{"taxonomy":"product_cat","embeddable":true,"href":"https:\/\/dev.wisdomignite.pt\/marpel\/wp-json\/wp\/v2\/product_cat?post=37114"},{"taxonomy":"product_tag","embeddable":true,"href":"https:\/\/dev.wisdomignite.pt\/marpel\/wp-json\/wp\/v2\/product_tag?post=37114"}],"curies":[{"name":"wp","href":"https:\/\/api.w.org\/{rel}","templated":true}]}}