{"id":37110,"date":"2023-07-01T11:28:35","date_gmt":"2023-07-01T10:28:35","guid":{"rendered":"https:\/\/dev.wisdomignite.pt\/marpel\/produto\/almofada-arco-carbono\/"},"modified":"2023-07-01T11:28:37","modified_gmt":"2023-07-01T10:28:37","slug":"almofada-arco-carbono","status":"publish","type":"product","link":"https:\/\/dev.wisdomignite.pt\/marpel\/produto\/almofada-arco-carbono\/","title":{"rendered":"Almofada Arco Carbono"},"content":{"rendered":"<p>A almofada Arco Carbono \u00e9 composta por visco-grafeno. \u00c9 uma almofada viscoel\u00e1stica, ergon\u00f3mica e antibacteriana.<\/p>\n","protected":false},"excerpt":{"rendered":"<p>A almofada Cervical em Visco-grafeno serve para apoio da zona cervical contribu\u00edndo para uma melhor postura durante o sono.<\/p>\n","protected":false},"featured_media":39439,"comment_status":"closed","ping_status":"open","template":"","meta":[],"product_cat":[330],"product_tag":[],"class_list":["post-37110","product","type-product","status-publish","has-post-thumbnail","hentry","product_cat-almofadas","pa_firmeza-intermedia","pa_medidas-58x38"],"_links":{"self":[{"href":"https:\/\/dev.wisdomignite.pt\/marpel\/wp-json\/wp\/v2\/product\/37110","targetHints":{"allow":["GET"]}}],"collection":[{"href":"https:\/\/dev.wisdomignite.pt\/marpel\/wp-json\/wp\/v2\/product"}],"about":[{"href":"https:\/\/dev.wisdomignite.pt\/marpel\/wp-json\/wp\/v2\/types\/product"}],"replies":[{"embeddable":true,"href":"https:\/\/dev.wisdomignite.pt\/marpel\/wp-json\/wp\/v2\/comments?post=37110"}],"version-history":[{"count":1,"href":"https:\/\/dev.wisdomignite.pt\/marpel\/wp-json\/wp\/v2\/product\/37110\/revisions"}],"predecessor-version":[{"id":37111,"href":"https:\/\/dev.wisdomignite.pt\/marpel\/wp-json\/wp\/v2\/product\/37110\/revisions\/37111"}],"wp:featuredmedia":[{"embeddable":true,"href":"https:\/\/dev.wisdomignite.pt\/marpel\/wp-json\/wp\/v2\/media\/39439"}],"wp:attachment":[{"href":"https:\/\/dev.wisdomignite.pt\/marpel\/wp-json\/wp\/v2\/media?parent=37110"}],"wp:term":[{"taxonomy":"product_cat","embeddable":true,"href":"https:\/\/dev.wisdomignite.pt\/marpel\/wp-json\/wp\/v2\/product_cat?post=37110"},{"taxonomy":"product_tag","embeddable":true,"href":"https:\/\/dev.wisdomignite.pt\/marpel\/wp-json\/wp\/v2\/product_tag?post=37110"}],"curies":[{"name":"wp","href":"https:\/\/api.w.org\/{rel}","templated":true}]}}