{"id":37108,"date":"2023-07-01T11:28:35","date_gmt":"2023-07-01T10:28:35","guid":{"rendered":"https:\/\/dev.wisdomignite.pt\/marpel\/produto\/almofada-viscogel\/"},"modified":"2023-07-01T11:28:37","modified_gmt":"2023-07-01T10:28:37","slug":"almofada-viscogel","status":"publish","type":"product","link":"https:\/\/dev.wisdomignite.pt\/marpel\/produto\/almofada-viscogel\/","title":{"rendered":"Almofada Viscogel"},"content":{"rendered":"<p>Observa\u00e7\u00f5es: Adapt\u00e1vel e Hipoalerg\u00e9nica;<br \/>\nAcabamento\/Tipo de p\u00e9: Visco<br \/>\nComprimento: 60 cm<br \/>\nLargura: 40 cm<br \/>\nAcabamento: Visco<\/p>\n","protected":false},"excerpt":{"rendered":"<p>Almofada male\u00e1vel de visco-gel. Visco para a moldagem perfeita e gel para ajudar a manter a temperatura ideal durante o seu denscanso.<\/p>\n","protected":false},"featured_media":39438,"comment_status":"closed","ping_status":"open","template":"","meta":[],"product_cat":[330],"product_tag":[],"class_list":["post-37108","product","type-product","status-publish","has-post-thumbnail","hentry","product_cat-almofadas","pa_firmeza-intermedia","pa_medidas-60x40"],"_links":{"self":[{"href":"https:\/\/dev.wisdomignite.pt\/marpel\/wp-json\/wp\/v2\/product\/37108","targetHints":{"allow":["GET"]}}],"collection":[{"href":"https:\/\/dev.wisdomignite.pt\/marpel\/wp-json\/wp\/v2\/product"}],"about":[{"href":"https:\/\/dev.wisdomignite.pt\/marpel\/wp-json\/wp\/v2\/types\/product"}],"replies":[{"embeddable":true,"href":"https:\/\/dev.wisdomignite.pt\/marpel\/wp-json\/wp\/v2\/comments?post=37108"}],"version-history":[{"count":2,"href":"https:\/\/dev.wisdomignite.pt\/marpel\/wp-json\/wp\/v2\/product\/37108\/revisions"}],"predecessor-version":[{"id":39816,"href":"https:\/\/dev.wisdomignite.pt\/marpel\/wp-json\/wp\/v2\/product\/37108\/revisions\/39816"}],"wp:featuredmedia":[{"embeddable":true,"href":"https:\/\/dev.wisdomignite.pt\/marpel\/wp-json\/wp\/v2\/media\/39438"}],"wp:attachment":[{"href":"https:\/\/dev.wisdomignite.pt\/marpel\/wp-json\/wp\/v2\/media?parent=37108"}],"wp:term":[{"taxonomy":"product_cat","embeddable":true,"href":"https:\/\/dev.wisdomignite.pt\/marpel\/wp-json\/wp\/v2\/product_cat?post=37108"},{"taxonomy":"product_tag","embeddable":true,"href":"https:\/\/dev.wisdomignite.pt\/marpel\/wp-json\/wp\/v2\/product_tag?post=37108"}],"curies":[{"name":"wp","href":"https:\/\/api.w.org\/{rel}","templated":true}]}}