{"id":37106,"date":"2023-07-01T11:28:35","date_gmt":"2023-07-01T10:28:35","guid":{"rendered":"https:\/\/dev.wisdomignite.pt\/marpel\/produto\/almofada-modelavel\/"},"modified":"2023-07-01T11:28:36","modified_gmt":"2023-07-01T10:28:36","slug":"almofada-modelavel","status":"publish","type":"product","link":"https:\/\/dev.wisdomignite.pt\/marpel\/produto\/almofada-modelavel\/","title":{"rendered":"Almofada Model\u00e1vel"},"content":{"rendered":"<p>Almofada de camadas, firme, est\u00e1vel e com uma sensa\u00e7\u00e3o de espessura est\u00e1vel, sem um ceder f\u00e1cil.<\/p>\n","protected":false},"excerpt":{"rendered":"<p>Ideal para quem procura uma almofada est\u00e1vel firme e relativamente alta.<\/p>\n","protected":false},"featured_media":39861,"comment_status":"closed","ping_status":"open","template":"","meta":[],"product_cat":[330],"product_tag":[277],"class_list":["post-37106","product","type-product","status-publish","has-post-thumbnail","hentry","product_cat-almofadas","product_tag-almofada-de-camadas","pa_firmeza-firme","pa_medidas-60x40"],"_links":{"self":[{"href":"https:\/\/dev.wisdomignite.pt\/marpel\/wp-json\/wp\/v2\/product\/37106","targetHints":{"allow":["GET"]}}],"collection":[{"href":"https:\/\/dev.wisdomignite.pt\/marpel\/wp-json\/wp\/v2\/product"}],"about":[{"href":"https:\/\/dev.wisdomignite.pt\/marpel\/wp-json\/wp\/v2\/types\/product"}],"replies":[{"embeddable":true,"href":"https:\/\/dev.wisdomignite.pt\/marpel\/wp-json\/wp\/v2\/comments?post=37106"}],"version-history":[{"count":1,"href":"https:\/\/dev.wisdomignite.pt\/marpel\/wp-json\/wp\/v2\/product\/37106\/revisions"}],"predecessor-version":[{"id":37107,"href":"https:\/\/dev.wisdomignite.pt\/marpel\/wp-json\/wp\/v2\/product\/37106\/revisions\/37107"}],"wp:featuredmedia":[{"embeddable":true,"href":"https:\/\/dev.wisdomignite.pt\/marpel\/wp-json\/wp\/v2\/media\/39861"}],"wp:attachment":[{"href":"https:\/\/dev.wisdomignite.pt\/marpel\/wp-json\/wp\/v2\/media?parent=37106"}],"wp:term":[{"taxonomy":"product_cat","embeddable":true,"href":"https:\/\/dev.wisdomignite.pt\/marpel\/wp-json\/wp\/v2\/product_cat?post=37106"},{"taxonomy":"product_tag","embeddable":true,"href":"https:\/\/dev.wisdomignite.pt\/marpel\/wp-json\/wp\/v2\/product_tag?post=37106"}],"curies":[{"name":"wp","href":"https:\/\/api.w.org\/{rel}","templated":true}]}}