{"id":37104,"date":"2023-07-01T11:28:35","date_gmt":"2023-07-01T10:28:35","guid":{"rendered":"https:\/\/dev.wisdomignite.pt\/marpel\/produto\/almofada-visco-saude\/"},"modified":"2023-07-01T11:28:36","modified_gmt":"2023-07-01T10:28:36","slug":"almofada-visco-saude","status":"publish","type":"product","link":"https:\/\/dev.wisdomignite.pt\/marpel\/produto\/almofada-visco-saude\/","title":{"rendered":"Almofada Visco Sa\u00fade"},"content":{"rendered":"<p>Almofada em viscoel\u00e1stico perfurado. Funda exterior lav\u00e1vel. Anat\u00f3mica, respir\u00e1vel.<\/p>\n","protected":false},"excerpt":{"rendered":"<p>Almofada Viscoel\u00e1stica.<\/p>\n","protected":false},"featured_media":39718,"comment_status":"closed","ping_status":"open","template":"","meta":[],"product_cat":[330],"product_tag":[],"class_list":["post-37104","product","type-product","status-publish","has-post-thumbnail","hentry","product_cat-almofadas","pa_firmeza-intermedia","pa_medidas-60x40"],"_links":{"self":[{"href":"https:\/\/dev.wisdomignite.pt\/marpel\/wp-json\/wp\/v2\/product\/37104","targetHints":{"allow":["GET"]}}],"collection":[{"href":"https:\/\/dev.wisdomignite.pt\/marpel\/wp-json\/wp\/v2\/product"}],"about":[{"href":"https:\/\/dev.wisdomignite.pt\/marpel\/wp-json\/wp\/v2\/types\/product"}],"replies":[{"embeddable":true,"href":"https:\/\/dev.wisdomignite.pt\/marpel\/wp-json\/wp\/v2\/comments?post=37104"}],"version-history":[{"count":1,"href":"https:\/\/dev.wisdomignite.pt\/marpel\/wp-json\/wp\/v2\/product\/37104\/revisions"}],"predecessor-version":[{"id":37105,"href":"https:\/\/dev.wisdomignite.pt\/marpel\/wp-json\/wp\/v2\/product\/37104\/revisions\/37105"}],"wp:featuredmedia":[{"embeddable":true,"href":"https:\/\/dev.wisdomignite.pt\/marpel\/wp-json\/wp\/v2\/media\/39718"}],"wp:attachment":[{"href":"https:\/\/dev.wisdomignite.pt\/marpel\/wp-json\/wp\/v2\/media?parent=37104"}],"wp:term":[{"taxonomy":"product_cat","embeddable":true,"href":"https:\/\/dev.wisdomignite.pt\/marpel\/wp-json\/wp\/v2\/product_cat?post=37104"},{"taxonomy":"product_tag","embeddable":true,"href":"https:\/\/dev.wisdomignite.pt\/marpel\/wp-json\/wp\/v2\/product_tag?post=37104"}],"curies":[{"name":"wp","href":"https:\/\/api.w.org\/{rel}","templated":true}]}}