{"id":37102,"date":"2023-07-01T11:28:35","date_gmt":"2023-07-01T10:28:35","guid":{"rendered":"https:\/\/dev.wisdomignite.pt\/marpel\/produto\/almofada-emma-diamond\/"},"modified":"2023-07-01T11:28:36","modified_gmt":"2023-07-01T10:28:36","slug":"almofada-emma-diamond","status":"publish","type":"product","link":"https:\/\/dev.wisdomignite.pt\/marpel\/produto\/almofada-emma-diamond\/","title":{"rendered":"Almofada Emma Diamond"},"content":{"rendered":"<p>Otimiza a temperatura do teu sono<br \/>\nA Almofada Diamond adapta-se \u00e0s tuas necessidades. Podes personalizar as camadas em altura e firmeza. Devido \u00e0 espuma Diamond Degree e \u00e0 viscoel\u00e1stica, garante a otimiza\u00e7\u00e3o do teu sono profundo, contando com um efeito regulador da temperatura. Assim, podes dormir descansado e com um clima de sono ideal.<\/p>\n<p>Diamond Degree<br \/>\nPersonaliz\u00e1vel<br \/>\nA Almofada Diamond pode ser adaptada \u00e0s tuas necessidades. Tudo o que tens de fazer \u00e9 escolher a camada de espuma que corresponde \u00e0s tuas prefer\u00eancias e posi\u00e7\u00f5es de sono. Quer durmas de lado, de barriga ou de costas, podes personaliz\u00e1-la para teres o melhor sono poss\u00edvel.<\/p>\n<p>Diamond Degree<br \/>\nOtimiza\u00e7\u00e3o do sono profundo<br \/>\nO efeito regulador da temperatura desta almofada pode adaptar-se a qualquer altura do ano, ajudando-te a otimizar o teu sono. A almofada mant\u00e9m-se fria em condi\u00e7\u00f5es quentes, e pode atuar como isolador em temperaturas frias.<\/p>\n<p>Diamond Degree<br \/>\nClima de sono ideal<br \/>\nA capa e a espuma utilizadas para esta almofada oferecem uma respirabilidade \u00fanica. Isto significa que o teu corpo pode libertar o calor em excesso durante a noite, mantendo ao mesmo tempo um clima de sono confort\u00e1vel e seco.<\/p>\n<p>Almofada Diamond<br \/>\nEmma Original<br \/>\n1. Espuma Diamond Degree<br \/>\nA espuma Diamond Degree ajuda a regular a temperatura, sem haver qualquer risco de sobreaquecimento.<\/p>\n<p>2. Espuma de suporte HRX<br \/>\nA camada de espuma de poliuretano HRX \u00e9 a mais macia e oferece um suporte \u00f3timo para o pesco\u00e7o e ombros, independentemente da posi\u00e7\u00e3o que dormes.<\/p>\n<p>3. Espuma viscoel\u00e1stica<br \/>\nA camada de espuma viscoel\u00e1stica de mem\u00f3ria adapta-se perfeitamente \u00e0 tua cabe\u00e7a e pesco\u00e7o, ao mesmo tempo que distribui o peso de forma uniforme.<\/p>\n<p>4. Cobertura respir\u00e1vel e lav\u00e1vel<br \/>\nA cobertura da almofada \u00e9 feita de microfibras que regulam a humidade e temperatura. \u00c9 remov\u00edvel e lav\u00e1vel at\u00e9 40\u00baC. Podes escolher qual a camada que se adapta melhor \u00e0s tuas prefer\u00eancias.<\/p>\n<p>Uma experi\u00eancia de sono sem preocupa\u00e7\u00f5es<br \/>\n3 anos de Garantia<br \/>\nOferecemos 3 anos de garantia sobre a durabilidade dos nossos materiais.<\/p>\n<p>100 Noites de Teste<br \/>\nOferecemos 100 noites de teste. Ningu\u00e9m consegue decidir em apenas 10 minutos se um colch\u00e3o \u00e9 perfeito para ti.<\/p>\n<p>Entregas Gratuitas<br \/>\nEntregas \u00e0 porta da tua casa de forma 100% seguras, sem contacto e gratuitas. Caso n\u00e3o fiques satisfeito com o teu produto, podes entrar em contacto connosco e devolver sem custos adicionais.<\/p>\n","protected":false},"excerpt":{"rendered":"<p>Conforto premium<br \/>\nRegula a temperatura<br \/>\nPersonaliz\u00e1vel a teu gosto<br \/>\nSuporte ideal para a tua cabe\u00e7a e pesco\u00e7o<\/p>\n","protected":false},"featured_media":39436,"comment_status":"closed","ping_status":"open","template":"","meta":[],"product_cat":[330],"product_tag":[277],"class_list":["post-37102","product","type-product","status-publish","has-post-thumbnail","hentry","product_cat-almofadas","product_tag-almofada-de-camadas","product_shipping_class-frete-grais-1","pa_firmeza-intermedia-firme","pa_medidas-70x40"],"_links":{"self":[{"href":"https:\/\/dev.wisdomignite.pt\/marpel\/wp-json\/wp\/v2\/product\/37102","targetHints":{"allow":["GET"]}}],"collection":[{"href":"https:\/\/dev.wisdomignite.pt\/marpel\/wp-json\/wp\/v2\/product"}],"about":[{"href":"https:\/\/dev.wisdomignite.pt\/marpel\/wp-json\/wp\/v2\/types\/product"}],"replies":[{"embeddable":true,"href":"https:\/\/dev.wisdomignite.pt\/marpel\/wp-json\/wp\/v2\/comments?post=37102"}],"version-history":[{"count":2,"href":"https:\/\/dev.wisdomignite.pt\/marpel\/wp-json\/wp\/v2\/product\/37102\/revisions"}],"predecessor-version":[{"id":39815,"href":"https:\/\/dev.wisdomignite.pt\/marpel\/wp-json\/wp\/v2\/product\/37102\/revisions\/39815"}],"wp:featuredmedia":[{"embeddable":true,"href":"https:\/\/dev.wisdomignite.pt\/marpel\/wp-json\/wp\/v2\/media\/39436"}],"wp:attachment":[{"href":"https:\/\/dev.wisdomignite.pt\/marpel\/wp-json\/wp\/v2\/media?parent=37102"}],"wp:term":[{"taxonomy":"product_cat","embeddable":true,"href":"https:\/\/dev.wisdomignite.pt\/marpel\/wp-json\/wp\/v2\/product_cat?post=37102"},{"taxonomy":"product_tag","embeddable":true,"href":"https:\/\/dev.wisdomignite.pt\/marpel\/wp-json\/wp\/v2\/product_tag?post=37102"}],"curies":[{"name":"wp","href":"https:\/\/api.w.org\/{rel}","templated":true}]}}