{"id":37100,"date":"2023-07-01T11:28:35","date_gmt":"2023-07-01T10:28:35","guid":{"rendered":"https:\/\/dev.wisdomignite.pt\/marpel\/produto\/almofada-emma-microfibra\/"},"modified":"2023-07-01T11:28:36","modified_gmt":"2023-07-01T10:28:36","slug":"almofada-emma-microfibra","status":"publish","type":"product","link":"https:\/\/dev.wisdomignite.pt\/marpel\/produto\/almofada-emma-microfibra\/","title":{"rendered":"Almofada Emma Microfibra"},"content":{"rendered":"<p>Dorme nas nuvens com a Almofada Microfibra<br \/>\nP\u00f5e de lado o desconforto com a nova Almofada Emma Microfibra. Ajust\u00e1vel, lav\u00e1vel e extremamente macia &#8211; dizem que \u00e9 como dormir nas nuvens. Extremamente confort\u00e1vel e perfeitamente ajust\u00e1vel \u00e0s tuas necessidades, definitivamente um sonho tornado realidade. Al\u00e9m disso, a almofada \u00e9 totalmente lav\u00e1vel. Temos a certeza que \u00e9 a coisa mais pr\u00f3xima de dormir numa nuvem.<\/p>\n<p>Breathable<br \/>\nUltra-macio e respir\u00e1vel<br \/>\nO nosso enchimento AeroSoft \u00e9 ultra-macio e maravilhosamente respir\u00e1vel. Juntamente com a nossa cobertura UltraDry de secagem r\u00e1pida, pode desfrutar de um clima agradavelmente fresco e seco para dormir. Como dormir numa nuvem!<\/p>\n<p>Washable<br \/>\nDur\u00e1vel e Lav\u00e1vel<br \/>\nA Almofada Microfibra \u00e9 completamente lav\u00e1vel, desde a cobertura at\u00e9 ao enchimento. Ao contr\u00e1rio da espuma normal e do algod\u00e3o, o enchimento em microfibra de alta qualidade pode aguentar-se na m\u00e1quina de lavar. E gra\u00e7as \u00e0 tecnologia ForeverPlush, a almofada permanece fofa durante anos &#8211; sem se agarrar como com outras almofadas!<\/p>\n<p>Adjustable<br \/>\nPersonaliz\u00e1vel<br \/>\nAdiciona e retira as camadas para criar a melhor almofada personalizada, \u00fanica a teu gosto, para todos os tipos de dorminhocos e todas as posi\u00e7\u00f5es de sono.<\/p>\n<p>Benef\u00edcios da Almofada Microfibra<\/p>\n<p>Lav\u00e1vel<br \/>\nN\u00e3o, isto n\u00e3o \u00e9 um sonho: n\u00f3s cri\u00e1mos uma almofada totalmente lav\u00e1vel. Se pretendes livrar-te da sujidade, bact\u00e9rias e outros males causadores de alergias, basta colocares esta almofada &#8211; capa e tudo &#8211; a lavar a 40\u00ba Celsius. Em pouco tempo, ter\u00e1s uma almofada limpa e brilhante. Garantimos-te um sono melhor (e mais limpo).<\/p>\n<p>Ajust\u00e1vel<br \/>\nO melhor dos dois mundos: conforto e suporte. Esta almofada em microfibra de duas camadas \u00e9 perfeitamente ajust\u00e1vel \u00e0s tuas necessidades. Quer decidas usar ambas as camadas ou apenas uma: ter\u00e1s sempre aquela sensa\u00e7\u00e3o de sonhar nas nuvens. Al\u00e9m disso, a tua cabe\u00e7a ficar\u00e1 perfeitamente apoiada &#8211; independentemente do n\u00famero de camadas que decidas utillizar. &#8230; e sempre confort\u00e1vel.<\/p>\n<p>Vers\u00e1til<br \/>\nEsta almofada vers\u00e1til \u00e9 \u00f3tima para qualquer tipo de tempo. Feita de fibras microel\u00e1sticas especiais, isola perfeitamente para te manter confortavelmente quente no inverno e confortavelmente fresco no ver\u00e3o durante toda a noite. Mas n\u00e3o \u00e9 tudo: este sonho tornado realidade \u00e9 tamb\u00e9m incrivelmente leve para aquela sensa\u00e7\u00e3o de dormir que nem uma nuvem.<\/p>\n<p>Almofada Microfibra Emma<br \/>\nMattress Core<br \/>\n1. Capa Microfibra<br \/>\nA capa acolchoada \u00e9 feita com tecnologia PeachTouch super macia para dar-te uma sensa\u00e7\u00e3o de fofura maravilhosa, enquanto a microfibra reguladora de temperatura e a microfibra respir\u00e1vel permitem que mantenhas a tua cabe\u00e7a amena durante toda a noite. Super confort\u00e1vel e super macia.<\/p>\n<p>2. Camadas Microel\u00e1sticas<br \/>\nFeita com fibras microel\u00e1sticas, a composi\u00e7\u00e3o em duas camadas d\u00e1 \u00e0 almofada Emma aquela sensa\u00e7\u00e3o de fofura maravilhosa. Este material especial \u00e9 incrivelmente macio, totalmente lav\u00e1vel e tem \u00f3timas propriedades de regula\u00e7\u00e3o da temperatura, tornando-o no produto perfeito para um sono mais feliz e limpo.<\/p>\n<p>3. Altura Ajust\u00e1vel<br \/>\nEscolhe entre uma ou duas camadas e personaliza o teu pr\u00f3prio conforto. Quer decidas utilizar apenas uma ou as duas camadas &#8211; a decis\u00e3o depende inteiramente de ti e das tuas prefer\u00eancias. Qualquer op\u00e7\u00e3o ir\u00e1 proporcionar-te o conforto e suporte que necessitas.<\/p>\n<p>Altura ajust\u00e1vel para qualquer posi\u00e7\u00e3o<\/p>\n<p>Almofada plana<br \/>\nAdoras uma almofada pequena mas n\u00e3o \u00e9s grande f\u00e3 da sensa\u00e7\u00e3o da almofada esponjosa? Ent\u00e3o recomendamos apenas o uso da camada microel\u00e1stica plana. Isso ir\u00e1 proporcionar-te todo o conforto necess\u00e1rio sem peso adicional.<\/p>\n<p>Almofada volumosa<br \/>\nAlgo no meio n\u00e3o \u00e9 o melhor para ti?Ent\u00e3o tenta usar apenas a maior camada microel\u00e1stica. Esta \u00e9 a altura perfeita para ti se gostas de almofadas que nem s\u00e3o muito altas nem muito baixas.<\/p>\n<p>Ambas as camadas<br \/>\nProcuras descansar a tua cabe\u00e7a numa nuvem fofa? Ent\u00e3o aconselhamos-te a usar ambas as camadas microel\u00e1sticas. Isso d\u00e1 \u00e0 almofada Emma aquela sensa\u00e7\u00e3o maravilhosa de almofada perfeita com a altura ideal.<\/p>\n","protected":false},"excerpt":{"rendered":"<p>Almofada Hipoalerg\u00e9nica<br \/>\nPersonaliz\u00e1vel em altura e suporte ideal<br \/>\nFeita de microfibras de alta qualidade<\/p>\n","protected":false},"featured_media":39434,"comment_status":"closed","ping_status":"open","template":"","meta":[],"product_cat":[330],"product_tag":[277],"class_list":["post-37100","product","type-product","status-publish","has-post-thumbnail","hentry","product_cat-almofadas","product_tag-almofada-de-camadas","product_shipping_class-frete-grais-1","pa_firmeza-soft","pa_medidas-70x40"],"_links":{"self":[{"href":"https:\/\/dev.wisdomignite.pt\/marpel\/wp-json\/wp\/v2\/product\/37100","targetHints":{"allow":["GET"]}}],"collection":[{"href":"https:\/\/dev.wisdomignite.pt\/marpel\/wp-json\/wp\/v2\/product"}],"about":[{"href":"https:\/\/dev.wisdomignite.pt\/marpel\/wp-json\/wp\/v2\/types\/product"}],"replies":[{"embeddable":true,"href":"https:\/\/dev.wisdomignite.pt\/marpel\/wp-json\/wp\/v2\/comments?post=37100"}],"version-history":[{"count":2,"href":"https:\/\/dev.wisdomignite.pt\/marpel\/wp-json\/wp\/v2\/product\/37100\/revisions"}],"predecessor-version":[{"id":39814,"href":"https:\/\/dev.wisdomignite.pt\/marpel\/wp-json\/wp\/v2\/product\/37100\/revisions\/39814"}],"wp:featuredmedia":[{"embeddable":true,"href":"https:\/\/dev.wisdomignite.pt\/marpel\/wp-json\/wp\/v2\/media\/39434"}],"wp:attachment":[{"href":"https:\/\/dev.wisdomignite.pt\/marpel\/wp-json\/wp\/v2\/media?parent=37100"}],"wp:term":[{"taxonomy":"product_cat","embeddable":true,"href":"https:\/\/dev.wisdomignite.pt\/marpel\/wp-json\/wp\/v2\/product_cat?post=37100"},{"taxonomy":"product_tag","embeddable":true,"href":"https:\/\/dev.wisdomignite.pt\/marpel\/wp-json\/wp\/v2\/product_tag?post=37100"}],"curies":[{"name":"wp","href":"https:\/\/api.w.org\/{rel}","templated":true}]}}