{"id":37098,"date":"2023-07-01T11:28:35","date_gmt":"2023-07-01T10:28:35","guid":{"rendered":"https:\/\/dev.wisdomignite.pt\/marpel\/produto\/almofada-emma-espuma\/"},"modified":"2023-07-01T11:28:35","modified_gmt":"2023-07-01T10:28:35","slug":"almofada-emma-espuma","status":"publish","type":"product","link":"https:\/\/dev.wisdomignite.pt\/marpel\/produto\/almofada-emma-espuma\/","title":{"rendered":"Almofada Emma Espuma"},"content":{"rendered":"<p>Uma almofada, infinitas possibilidas<br \/>\nN\u00f3s sabemos que \u00e9 dif\u00edcil encontrar a almofada certa. Foi por isso que cri\u00e1mos a Almofada Emma para ti: vem com camadas de espuma remov\u00edveis que podes facilmente ajustar para uma altura e firmeza ideias. A almofada perfeita para todas as posi\u00e7\u00f5es de dormir!<br \/>\nDESENHADA PARA QUALQUER DORMINHOCO<br \/>\nA procura pela almofada perfeita acabou! Os nossos ergonomistas testaram 100+ prot\u00f3tipos para te trazer esta almofada: vem com tr\u00eas camadas remov\u00edveis de espuma premium para que possas personalizar a altura da tua almofada \u2013 perfeita para qualquer tipo de pessoa! Quer durmas de barriga para baixo, de costas ou de lado, podes ajust\u00e1-la \u00e0s tuas necessidades.<br \/>\nSUPORTE E CONFORTO IC\u00d3NICO<br \/>\nRelaxamento total da cabe\u00e7a, ombros e pesco\u00e7o gra\u00e7as \u00e0 nossa visco-espuma adapt\u00e1vel. Prepara-te para o melhor sono da tua vida: podes misturar e combinar o n\u00edvel de suavidade certa. A espuma ZeroGravity fornece suporte sem peso. \u00c9 ultra-respir\u00e1vel gra\u00e7as \u00e0 espuma Airgocell\u00ae e \u00e0 capa UltraDry que absorve a humidade e mant\u00eam-te confort\u00e1vel a noite toda.<\/p>\n<p>UMA ALMOFADA COM QUE PODES CONTAR<br \/>\nA almofada \u00e9 composta pelas melhores e mais dur\u00e1veis espumas. Isto significa que a almofada consegue manter a sua forma durante a noite e ao longo do tempo. \u00c9 vegan, n\u00e3o-t\u00f3xica, naturalmente hipoalerg\u00e9nica e f\u00e1cil de limpar \u2013 remove simplesmente a capa e coloca-a na m\u00e1quina de lavar.<\/p>\n<p>Como personalizar a tua almofada<br \/>\nDormes de lado<br \/>\nUm dorminhoco que dorme de lado precisa que a dist\u00e2ncia entre a cabe\u00e7a e o ombro seja relativamente grande. Por isso, recomendamos o uso de todas as camadas. A ordem decides tu!<\/p>\n<p>Barriga para cima<br \/>\nSe dormes de barriga para cima recomendamos que uses duas das camadas. Escolhe a combina\u00e7\u00e3o que pensas ser mais confort\u00e1vel.<\/p>\n<p>Barriga para baixo<br \/>\nPara os que dormem de barriga para baixo recomendamos o uso de uma camada para obter a altura ideal.<\/p>\n<p>Respir\u00e1vel e antitranspirante &#8211; A tecnologia UltraDry de absor\u00e7\u00e3o de humidade garante um ambiente fresco e limpo durante toda a noite.<\/p>\n<p>Suporte sem press\u00e3o &#8211; A nossa espuma ZeroGravity viscoel\u00e1stica adapta-se perfeitamente ao teu pesco\u00e7o e cabe\u00e7a. Usa-a como uma camada superior para uma sensa\u00e7\u00e3o de suporte mais est\u00e1vel.<\/p>\n<p>Ultra respir\u00e1vel e macia &#8211; A tecnologia Airgocell proporciona uma temperatura \u00f3tima para dormir. \u00c9 a camada mais macia das tr\u00eas.<\/p>\n<p>Suporte perfeito de pesco\u00e7o e da cabe\u00e7a &#8211; Uma espuma viscoel\u00e1stica ligeiramente mais macia, mas com o mesmo suporte incr\u00edvel.<\/p>\n","protected":false},"excerpt":{"rendered":"<p>A nossa ic\u00f3nica almofada de espuma para um suporte perfeito<br \/>\nPara todas as posi\u00e7\u00f5es de dormir<br \/>\nAltura e firmeza ajust\u00e1veis<br \/>\nExtra-respir\u00e1vel e ultra-dur\u00e1vel<\/p>\n","protected":false},"featured_media":39431,"comment_status":"closed","ping_status":"open","template":"","meta":[],"product_cat":[330],"product_tag":[277],"class_list":["post-37098","product","type-product","status-publish","has-post-thumbnail","hentry","product_cat-almofadas","product_tag-almofada-de-camadas","product_shipping_class-frete-grais-1","pa_firmeza-intermedia","pa_medidas-70x40"],"_links":{"self":[{"href":"https:\/\/dev.wisdomignite.pt\/marpel\/wp-json\/wp\/v2\/product\/37098","targetHints":{"allow":["GET"]}}],"collection":[{"href":"https:\/\/dev.wisdomignite.pt\/marpel\/wp-json\/wp\/v2\/product"}],"about":[{"href":"https:\/\/dev.wisdomignite.pt\/marpel\/wp-json\/wp\/v2\/types\/product"}],"replies":[{"embeddable":true,"href":"https:\/\/dev.wisdomignite.pt\/marpel\/wp-json\/wp\/v2\/comments?post=37098"}],"version-history":[{"count":2,"href":"https:\/\/dev.wisdomignite.pt\/marpel\/wp-json\/wp\/v2\/product\/37098\/revisions"}],"predecessor-version":[{"id":39813,"href":"https:\/\/dev.wisdomignite.pt\/marpel\/wp-json\/wp\/v2\/product\/37098\/revisions\/39813"}],"wp:featuredmedia":[{"embeddable":true,"href":"https:\/\/dev.wisdomignite.pt\/marpel\/wp-json\/wp\/v2\/media\/39431"}],"wp:attachment":[{"href":"https:\/\/dev.wisdomignite.pt\/marpel\/wp-json\/wp\/v2\/media?parent=37098"}],"wp:term":[{"taxonomy":"product_cat","embeddable":true,"href":"https:\/\/dev.wisdomignite.pt\/marpel\/wp-json\/wp\/v2\/product_cat?post=37098"},{"taxonomy":"product_tag","embeddable":true,"href":"https:\/\/dev.wisdomignite.pt\/marpel\/wp-json\/wp\/v2\/product_tag?post=37098"}],"curies":[{"name":"wp","href":"https:\/\/api.w.org\/{rel}","templated":true}]}}