{"id":13738,"date":"2022-11-16T14:49:35","date_gmt":"2022-11-16T14:49:35","guid":{"rendered":"https:\/\/dev.wisdomignite.pt\/marpel\/?page_id=13738"},"modified":"2023-05-20T10:47:58","modified_gmt":"2023-05-20T09:47:58","slug":"politica-de-entrega","status":"publish","type":"page","link":"https:\/\/dev.wisdomignite.pt\/marpel\/politica-de-entrega\/","title":{"rendered":"Politica de Entrega"},"content":{"rendered":"\t\t<div data-elementor-type=\"wp-page\" data-elementor-id=\"13738\" class=\"elementor elementor-13738\">\n\t\t\t\t\t\t\t\t\t<section class=\"wd-negative-gap elementor-section elementor-top-section elementor-element elementor-element-c63539e elementor-section-boxed elementor-section-height-default elementor-section-height-default wd-section-disabled\" data-id=\"c63539e\" data-element_type=\"section\">\n\t\t\t\t\t\t<div class=\"elementor-container elementor-column-gap-default\">\n\t\t\t\t\t<div class=\"elementor-column elementor-col-100 elementor-top-column elementor-element elementor-element-e9d3796\" data-id=\"e9d3796\" data-element_type=\"column\">\n\t\t\t<div class=\"elementor-widget-wrap elementor-element-populated\">\n\t\t\t\t\t\t\t\t<div class=\"elementor-element elementor-element-6a95c39 color-scheme-inherit text-left elementor-widget elementor-widget-text-editor\" data-id=\"6a95c39\" data-element_type=\"widget\" data-widget_type=\"text-editor.default\">\n\t\t\t\t<div class=\"elementor-widget-container\">\n\t\t\t<style>\/*! elementor - v3.14.0 - 26-06-2023 *\/\n.elementor-widget-text-editor.elementor-drop-cap-view-stacked .elementor-drop-cap{background-color:#69727d;color:#fff}.elementor-widget-text-editor.elementor-drop-cap-view-framed .elementor-drop-cap{color:#69727d;border:3px solid;background-color:transparent}.elementor-widget-text-editor:not(.elementor-drop-cap-view-default) .elementor-drop-cap{margin-top:8px}.elementor-widget-text-editor:not(.elementor-drop-cap-view-default) .elementor-drop-cap-letter{width:1em;height:1em}.elementor-widget-text-editor .elementor-drop-cap{float:left;text-align:center;line-height:1;font-size:50px}.elementor-widget-text-editor .elementor-drop-cap-letter{display:inline-block}<\/style>\t\t\t\t<h1>Pol\u00edtica de entrega<\/h1><p>A <strong><em>MARPEL M\u00d3VEIS <\/em><\/strong>disponibiliza v\u00e1rias modalidades de envio que podem ou n\u00e3o ter um custo \u00a0\u00a0associado, dependendo das caracter\u00edsticas da encomenda como s\u00e3o exemplo o artigo em quest\u00e3o, o <em>peso<\/em>, <em>valor \u00a0<\/em>e a <em>regi\u00e3o de destino<\/em>.<\/p><p>Os custos de envio s\u00e3o apresentados no ato de registo de uma encomenda em loja, no segundo passo do carrinho de compras, tendo em conta as seguintes caracter\u00edsticas:<\/p><ul><li>Regi\u00e3o de destino;<\/li><li>Artigo Espec\u00edfico;<\/li><li>Peso e\/ou valor da encomenda;<\/li><li>M\u00e9todo de envio escolhido;<\/li><li>Escolha de SVA (Servi\u00e7os de valor acrescentado).<\/li><\/ul><h1>Entrega em loja<\/h1><p>Na escolha do m\u00e9todo de envio \u201c<strong>Levantamento em loja<\/strong>\u201d, n\u00e3o ser\u00e1 cobrado qualquer valor de portes.<\/p><h1>Envios via Tartaruga Veloz com destino Portugal Continental, Ilhas ou Espanha<\/h1><p>Na escolha do m\u00e9todo de envio <strong>Transportadora<\/strong>, as encomendas s\u00e3o enviadas atrav\u00e9s da transportadora <strong>Tartaruga Veloz<\/strong>.<\/p><table><tbody><tr><td width=\"149\"><p>Peso<\/p><\/td><td width=\"149\"><p><strong>Portugal Continental<\/strong><\/p><\/td><td width=\"149\"><p><strong>Ilhas &#8211; Via Mar\u00edtima<\/strong><\/p><\/td><td width=\"149\"><p><strong>Espanha<\/strong><\/p><\/td><\/tr><tr><td width=\"149\"><p><strong>2 kg.<\/strong><\/p><\/td><td width=\"149\"><p><strong>5,95\u20ac<\/strong><\/p><\/td><td width=\"149\"><p><strong>13,95\u20ac<\/strong><\/p><\/td><td width=\"149\"><p><strong>8,95\u20ac<\/strong><\/p><\/td><\/tr><tr><td width=\"149\"><p><strong>10 Kg.<\/strong><\/p><\/td><td width=\"149\"><p><strong>8,95\u20ac<\/strong><\/p><\/td><td width=\"149\"><p><strong>18,95\u20ac<\/strong><\/p><\/td><td width=\"149\"><p><strong>14,95\u20ac<\/strong><\/p><\/td><\/tr><tr><td width=\"149\"><p><strong>15 Kg.<\/strong><\/p><\/td><td width=\"149\"><p><strong>10,95\u20ac<\/strong><\/p><\/td><td width=\"149\"><p><strong>40,95\u20ac<\/strong><\/p><\/td><td width=\"149\"><p><strong>17,95\u20ac<\/strong><\/p><\/td><\/tr><tr><td width=\"149\"><p><strong>20 Kg.<\/strong><\/p><\/td><td width=\"149\"><p><strong>12,95\u20ac<\/strong><\/p><\/td><td width=\"149\"><p><strong>45,95\u20ac<\/strong><\/p><\/td><td width=\"149\"><p><strong>19,95\u20ac<\/strong><\/p><\/td><\/tr><tr><td width=\"149\"><p><strong>25 Kg.<\/strong><\/p><\/td><td width=\"149\"><p><strong>15,95\u20ac<\/strong><\/p><\/td><td width=\"149\"><p><strong>45,95\u20ac<\/strong><\/p><\/td><td width=\"149\"><p><strong>22,95\u20ac<\/strong><\/p><\/td><\/tr><tr><td width=\"149\"><p><strong>30 Kg.<\/strong><\/p><\/td><td width=\"149\"><p><strong>17,95\u20ac<\/strong><\/p><\/td><td width=\"149\"><p><strong>55,95\u20ac<\/strong><\/p><\/td><td width=\"149\"><p><strong>25,95\u20ac<\/strong><\/p><\/td><\/tr><\/tbody><\/table><h1>\u00a0<\/h1><table><tbody><tr><td width=\"149\"><p>kg adicional<\/p><\/td><td width=\"149\"><p><strong>0,95\u20ac<\/strong><\/p><\/td><td width=\"149\"><p><strong>\u00a03\u20ac<\/strong><\/p><\/td><td width=\"149\"><p><strong>1,70\u20ac<\/strong><\/p><\/td><\/tr><\/tbody><\/table><p>\u00a0<\/p><p>O pre\u00e7\u00e1rio apresentado na tabela aplica-se no servi\u00e7o \u201c<strong><em>Transportadora<\/em><\/strong>\u201d, em que a entrega \u00e9 feita no primeiro dia \u00fatil seguinte \u00e0 expedi\u00e7\u00e3o da encomenda.<\/p><h4>Aos pre\u00e7os apresentados j\u00e1 foi acrescido o IVA da taxa legal em vigor.<\/h4><h1>Envios via MARPEL M\u00d3VEIS com destino Portugal Continental \u2013 raio de 25km de sede em Rio Tinto<\/h1><p>Na escolha do m\u00e9todo de envio <strong>Entrega Local (Porto)<\/strong>, as encomendas s\u00e3o enviadas atrav\u00e9s da <strong>MARPEL M\u00d3VEIS<\/strong>.<\/p><table><tbody><tr><td width=\"149\"><p>Dist\u00e2ncia<\/p><\/td><td width=\"149\"><p><strong>Raio de 25 km da Sede (em Rio Tinto)<\/strong><\/p><\/td><\/tr><tr><td width=\"149\"><p><strong>Pre\u00e7o<\/strong><\/p><\/td><td width=\"149\"><p><strong>0\u20ac<\/strong><\/p><\/td><\/tr><\/tbody><\/table><p>\u00a0<\/p><p>O pre\u00e7\u00e1rio apresentado na tabela aplica-se no servi\u00e7o \u201c<strong><em>Entrega Local (Porto)<\/em><\/strong>\u201d, em que a entrega \u00e9 feita no primeiro dia \u00fatil seguinte \u00e0 expedi\u00e7\u00e3o da encomenda.<\/p><h1>Envios via MOLAFLEX com destino Portugal Continental<\/h1><p>Na escolha do m\u00e9todo de envio <strong>Entrega Molaflex<\/strong>, as encomendas s\u00e3o enviadas atrav\u00e9s da <strong>MOLAFLEX<\/strong>.<\/p><table><tbody><tr><td width=\"149\"><p>Dist\u00e2ncia<\/p><\/td><td width=\"149\"><p><strong>Portugal Continental<\/strong><\/p><\/td><\/tr><tr><td width=\"149\"><p><strong>Pre\u00e7o Entrega<\/strong><\/p><\/td><td width=\"149\"><p><strong>25\u20ac<\/strong><\/p><\/td><\/tr><tr><td width=\"149\"><p><strong>Pre\u00e7o Montagem<\/strong><\/p><\/td><td width=\"149\"><p><strong>25\u20ac<\/strong><\/p><\/td><\/tr><\/tbody><\/table><p>\u00a0<\/p><p>O pre\u00e7\u00e1rio apresentado na tabela aplica-se no servi\u00e7o \u201c<strong><em>Entrega Molaflex<\/em><\/strong>\u201d, em que a entrega \u00e9 feita no primeiro dia \u00fatil seguinte \u00e0 expedi\u00e7\u00e3o da encomenda.<\/p><h4>Aos pre\u00e7os apresentados j\u00e1 foi acrescido o IVA da taxa legal em vigor.<\/h4><h1>Envios via EMMA com destino Portugal Continental<\/h1><p>Na escolha do m\u00e9todo de envio <strong>Entrega EMMA<\/strong>, as encomendas s\u00e3o enviadas atrav\u00e9s da <strong>MARPEL M\u00d3VEIS<\/strong>.<\/p><table><tbody><tr><td width=\"149\"><p>Dist\u00e2ncia<\/p><\/td><td width=\"149\"><p><strong>Portugal Continental<\/strong><\/p><\/td><\/tr><tr><td width=\"149\"><p><strong>Pre\u00e7o<\/strong><\/p><\/td><td width=\"149\"><p><strong>0\u20ac<\/strong><\/p><\/td><\/tr><\/tbody><\/table><p>\u00a0<\/p><p>O pre\u00e7\u00e1rio apresentado na tabela aplica-se no servi\u00e7o \u201c<strong><em>Entrega EMMA<\/em><\/strong>\u201d, em que a entrega \u00e9 feita no primeiro dia \u00fatil seguinte \u00e0 expedi\u00e7\u00e3o da encomenda.<\/p><h1>Envios via Logic com destino Portugal Continental<\/h1><p>Na escolha do m\u00e9todo de envio <strong>Transportadora<\/strong>, as encomendas s\u00e3o enviadas atrav\u00e9s da transportadora <strong>Logic<\/strong>.<\/p><table><tbody><tr><td width=\"206\"><p>Metros C\u00fabicos<\/p><\/td><td width=\"104\"><p><strong>Zona 1<\/strong><\/p><\/td><td width=\"104\"><p><strong>Zona 2<\/strong><\/p><\/td><td width=\"104\"><p><strong>Zona 3<\/strong><\/p><\/td><td width=\"113\"><p><strong>Zona 4<\/strong><\/p><\/td><\/tr><tr><td width=\"206\"><p><strong>At\u00e9 0,04m3<\/strong><\/p><\/td><td width=\"104\"><p>3,50\u20ac<\/p><\/td><td width=\"104\"><p>4,30\u20ac<\/p><\/td><td width=\"104\"><p>5,20\u20ac<\/p><\/td><td width=\"113\"><p>6,65\u20ac<\/p><\/td><\/tr><tr><td width=\"206\"><p><strong>&gt;0,04m3 at\u00e9 &gt;0,10m3<\/strong><\/p><\/td><td width=\"104\"><p>4,90\u20ac<\/p><\/td><td width=\"104\"><p>5,30\u20ac<\/p><\/td><td width=\"104\"><p>6,70\u20ac<\/p><\/td><td width=\"113\"><p>11,10\u20ac<\/p><\/td><\/tr><tr><td width=\"206\"><p><strong>&gt;0,10m3 at\u00e9 &gt;0,15m3<\/strong><\/p><\/td><td width=\"104\"><p>26,20\u20ac<\/p><\/td><td width=\"104\"><p>34,50\u20ac<\/p><\/td><td width=\"104\"><p>38,70\u20ac<\/p><\/td><td width=\"113\"><p>43,10\u20ac<\/p><\/td><\/tr><tr><td width=\"206\"><p><strong>&gt;0,15m3 at\u00e9 &gt;0,5m3<\/strong><\/p><\/td><td width=\"104\"><p>32,30\u20ac<\/p><\/td><td width=\"104\"><p>45,00\u20ac<\/p><\/td><td width=\"104\"><p>49,80\u20ac<\/p><\/td><td width=\"113\"><p>54,10\u20ac<\/p><\/td><\/tr><tr><td width=\"206\"><p><strong>&gt;0,5m3 at\u00e9 &gt;1m3<\/strong><\/p><\/td><td width=\"104\"><p>43,80\u20ac<\/p><\/td><td width=\"104\"><p>48,10\u20ac<\/p><\/td><td width=\"104\"><p>52,10\u20ac<\/p><\/td><td width=\"113\"><p>56,50\u20ac<\/p><\/td><\/tr><tr><td width=\"206\"><p><strong>Por 0,5m3 adicional<\/strong><\/p><\/td><td width=\"104\"><p>21,30\u20ac<\/p><\/td><td width=\"104\"><p>26,30\u20ac<\/p><\/td><td width=\"104\"><p>28,20\u20ac<\/p><\/td><td width=\"113\"><p>32,60\u20ac<\/p><\/td><\/tr><tr><td width=\"206\"><p>Montagem por artigo at\u00e9 30min<\/p><\/td><td width=\"104\"><p>23,00\u20ac<\/p><\/td><td width=\"104\"><p>23,00\u20ac<\/p><\/td><td width=\"104\"><p>23,00\u20ac<\/p><\/td><td width=\"113\"><p>23,00\u20ac<\/p><\/td><\/tr><\/tbody><\/table><p>\u00a0<\/p><p>O pre\u00e7\u00e1rio apresentado na tabela aplica-se no servi\u00e7o \u201c<strong><em>Transportadora<\/em><\/strong>\u201d, em \u00a0\u00a0que a entrega \u00e9 feita no primeiro dia \u00fatil seguinte \u00e0 expedi\u00e7\u00e3o da encomenda.<\/p><h4>Aos pre\u00e7os apresentados j\u00e1 foi acrescido o IVA da taxa legal em vigor.<\/h4><h1>Envios via Logic com destino Portugal &#8211; Ilhas<\/h1><p>Na escolha do m\u00e9todo de envio <strong>Transportadora<\/strong>, as encomendas s\u00e3o enviadas atrav\u00e9s da transportadora <strong>Logic<\/strong>.<\/p><table><tbody><tr><td width=\"187\"><p>Ilhas<\/p><\/td><td width=\"113\"><p><strong>Valor por m3<\/strong><\/p><\/td><td width=\"283\"><p>Servi\u00e7o de Montagem por artigo at\u00e9 30m<\/p><\/td><\/tr><tr><td width=\"187\"><p><strong>Madeira<\/strong><\/p><\/td><td width=\"113\"><p>35,50\u20ac<\/p><\/td><td width=\"283\"><p>30,00\u20ac<\/p><\/td><\/tr><tr><td width=\"187\"><p><strong>Porto Santo<\/strong><\/p><\/td><td width=\"113\"><p>111,70\u20ac<\/p><\/td><td width=\"283\"><p>30,00\u20ac<\/p><\/td><\/tr><tr><td width=\"187\"><p><strong>S\u00e3o Miguel<\/strong><\/p><\/td><td width=\"113\"><p>37,20\u20ac<\/p><\/td><td width=\"283\"><p>30,00\u20ac<\/p><\/td><\/tr><tr><td width=\"187\"><p><strong>Terceira<\/strong><\/p><\/td><td width=\"113\"><p>37,20\u20ac<\/p><\/td><td width=\"283\"><p>30,00\u20ac<\/p><\/td><\/tr><tr><td width=\"187\"><p><strong>Faial<\/strong><\/p><\/td><td width=\"113\"><p>46,70\u20ac<\/p><\/td><td width=\"283\"><p>30,00\u20ac<\/p><\/td><\/tr><tr><td width=\"187\"><p><strong>Pico<\/strong><\/p><\/td><td width=\"113\"><p>55,90\u20ac<\/p><\/td><td width=\"283\"><p>30,00\u20ac<\/p><\/td><\/tr><tr><td width=\"187\"><p><strong>Graciosa<\/strong><\/p><\/td><td width=\"113\"><p>55,90\u20ac<\/p><\/td><td width=\"283\"><p>30,00\u20ac<\/p><\/td><\/tr><tr><td width=\"187\"><p><strong>S\u00e3o Jorge<\/strong><\/p><\/td><td width=\"113\"><p>55,90\u20ac<\/p><\/td><td width=\"283\"><p>38,20\u20ac<\/p><\/td><\/tr><tr><td width=\"187\"><p><strong>Santa Maria<\/strong><\/p><\/td><td width=\"113\"><p>55,90\u20ac<\/p><\/td><td width=\"283\"><p>38,20\u20ac<\/p><\/td><\/tr><tr><td width=\"187\"><p><strong>Flores<\/strong><\/p><\/td><td width=\"113\"><p>55,90\u20ac<\/p><\/td><td width=\"283\"><p>30,00\u20ac<\/p><\/td><\/tr><tr><td width=\"187\"><p><strong>Corvo<\/strong><\/p><\/td><td width=\"113\"><p>69,00\u20ac<\/p><\/td><td width=\"283\"><p>30,00\u20ac<\/p><\/td><\/tr><\/tbody><\/table><p>\u00a0<\/p><p>O pre\u00e7\u00e1rio apresentado na tabela aplica-se no servi\u00e7o \u201c<strong><em>Transportadora<\/em><\/strong>\u201d, em\u00a0\u00a0 que a entrega \u00e9 feita no primeiro dia \u00fatil seguinte \u00e0 expedi\u00e7\u00e3o da encomenda.<\/p><p>Aos pre\u00e7os apresentados j\u00e1 foi acrescido o IVA da taxa legal em vigor.<\/p><h1>Como \u00e9 processado o envio da encomenda<\/h1><p>A expedi\u00e7\u00e3o de uma encomenda ser\u00e1 feita tendo em conta o m\u00e9todo de envio escolhido pelo consumidor no registo da encomenda e somente ap\u00f3s valida\u00e7\u00e3o do pagamento.<\/p><p>A\u00a0\u00a0\u00a0\u00a0 encomenda\u00a0\u00a0\u00a0 pode\u00a0\u00a0\u00a0\u00a0 ser\u00a0\u00a0\u00a0\u00a0 expedida\u00a0\u00a0\u00a0\u00a0 pela Molaflex, Emma e pelas\u00a0\u00a0\u00a0\u00a0\u00a0\u00a0\u00a0\u00a0\u00a0\u00a0\u00a0\u00a0\u00a0\u00a0\u00a0\u00a0\u00a0\u00a0\u00a0\u00a0\u00a0\u00a0\u00a0\u00a0\u00a0\u00a0\u00a0 transportadoras Tartaruga Veloz e Logic.<\/p><p>Quando a encomenda for expedida, o consumidor ir\u00e1 receber um e-mail onde poder\u00e1 confirmar o c\u00f3digo de tracking para acompanhar as informa\u00e7\u00f5es de entrega ou ser contactado \u2013 este servi\u00e7o pode n\u00e3o estar dispon\u00edvel em todos os servi\u00e7os de transporte.<\/p><p>O prazo de entrega previsto poder\u00e1 variar de acordo com o servi\u00e7o de expedi\u00e7\u00e3o contratado ou consoante o prazo previsto na descri\u00e7\u00e3o do m\u00e9todo de envio.<\/p>\t\t\t\t\t\t<\/div>\n\t\t\t\t<\/div>\n\t\t\t\t\t<\/div>\n\t\t<\/div>\n\t\t\t\t\t\t\t<\/div>\n\t\t<\/section>\n\t\t\t\t\t\t\t<\/div>\n\t\t","protected":false},"excerpt":{"rendered":"<p>Pol\u00edtica de entrega A MARPEL M\u00d3VEIS disponibiliza v\u00e1rias modalidades de envio que podem ou n\u00e3o ter um custo &nbsp;&nbsp;associado, dependendo<\/p>\n","protected":false},"author":1,"featured_media":0,"parent":0,"menu_order":0,"comment_status":"closed","ping_status":"closed","template":"elementor_header_footer","meta":{"footnotes":""},"class_list":["post-13738","page","type-page","status-publish","hentry"],"_links":{"self":[{"href":"https:\/\/dev.wisdomignite.pt\/marpel\/wp-json\/wp\/v2\/pages\/13738","targetHints":{"allow":["GET"]}}],"collection":[{"href":"https:\/\/dev.wisdomignite.pt\/marpel\/wp-json\/wp\/v2\/pages"}],"about":[{"href":"https:\/\/dev.wisdomignite.pt\/marpel\/wp-json\/wp\/v2\/types\/page"}],"author":[{"embeddable":true,"href":"https:\/\/dev.wisdomignite.pt\/marpel\/wp-json\/wp\/v2\/users\/1"}],"replies":[{"embeddable":true,"href":"https:\/\/dev.wisdomignite.pt\/marpel\/wp-json\/wp\/v2\/comments?post=13738"}],"version-history":[{"count":15,"href":"https:\/\/dev.wisdomignite.pt\/marpel\/wp-json\/wp\/v2\/pages\/13738\/revisions"}],"predecessor-version":[{"id":37088,"href":"https:\/\/dev.wisdomignite.pt\/marpel\/wp-json\/wp\/v2\/pages\/13738\/revisions\/37088"}],"wp:attachment":[{"href":"https:\/\/dev.wisdomignite.pt\/marpel\/wp-json\/wp\/v2\/media?parent=13738"}],"curies":[{"name":"wp","href":"https:\/\/api.w.org\/{rel}","templated":true}]}}