{"id":11503,"date":"2022-10-06T16:23:29","date_gmt":"2022-10-06T15:23:29","guid":{"rendered":"https:\/\/dev.wisdomignite.pt\/marpel\/?page_id=11503"},"modified":"2023-06-04T18:26:56","modified_gmt":"2023-06-04T17:26:56","slug":"politica-de-devolucao","status":"publish","type":"page","link":"https:\/\/dev.wisdomignite.pt\/marpel\/politica-de-devolucao\/","title":{"rendered":"Politica de Devolu\u00e7\u00e3o"},"content":{"rendered":"\t\t<div data-elementor-type=\"wp-page\" data-elementor-id=\"11503\" class=\"elementor elementor-11503\">\n\t\t\t\t\t\t\t\t\t<section class=\"wd-negative-gap elementor-section elementor-top-section elementor-element elementor-element-486f0b4 elementor-section-boxed elementor-section-height-default elementor-section-height-default wd-section-disabled\" data-id=\"486f0b4\" data-element_type=\"section\">\n\t\t\t\t\t\t<div class=\"elementor-container elementor-column-gap-default\">\n\t\t\t\t\t<div class=\"elementor-column elementor-col-100 elementor-top-column elementor-element elementor-element-974b185\" data-id=\"974b185\" data-element_type=\"column\">\n\t\t\t<div class=\"elementor-widget-wrap elementor-element-populated\">\n\t\t\t\t\t\t\t\t<div class=\"elementor-element elementor-element-11bd3a2 color-scheme-inherit text-left elementor-widget elementor-widget-text-editor\" data-id=\"11bd3a2\" data-element_type=\"widget\" data-widget_type=\"text-editor.default\">\n\t\t\t\t<div class=\"elementor-widget-container\">\n\t\t\t<style>\/*! elementor - v3.14.0 - 26-06-2023 *\/\n.elementor-widget-text-editor.elementor-drop-cap-view-stacked .elementor-drop-cap{background-color:#69727d;color:#fff}.elementor-widget-text-editor.elementor-drop-cap-view-framed .elementor-drop-cap{color:#69727d;border:3px solid;background-color:transparent}.elementor-widget-text-editor:not(.elementor-drop-cap-view-default) .elementor-drop-cap{margin-top:8px}.elementor-widget-text-editor:not(.elementor-drop-cap-view-default) .elementor-drop-cap-letter{width:1em;height:1em}.elementor-widget-text-editor .elementor-drop-cap{float:left;text-align:center;line-height:1;font-size:50px}.elementor-widget-text-editor .elementor-drop-cap-letter{display:inline-block}<\/style>\t\t\t\t<h1>Pol\u00edtica de devolu\u00e7\u00e3o<\/h1><h2><strong>Enquadramento<\/strong><\/h2><p>A presente pol\u00edtica de devolu\u00e7\u00e3o foi elaborada com base na legisla\u00e7\u00e3o em vigor e pode ser atualizada sem aviso pr\u00e9vio.<\/p><h2>Prazo de Livre Resolu\u00e7\u00e3o e devolu\u00e7\u00e3o<\/h2><p>O cliente tem o <u>direito de resolver<\/u> o contrato sem incorrer em quaisquer custos (para al\u00e9m do custo de devolu\u00e7\u00e3o do(s) produto(s)) e sem necessidade de indicar o motivo, no <u>prazo<\/u> <u>de 30 (trinta) dias<\/u>, a contar a partir do dia em que o cliente ou um terceiro indicado pelo cliente (com exce\u00e7\u00e3o do transportador) adquira a posse f\u00edsica do(s) produto(s).<\/p><p>Assim, no caso de exerc\u00edcio do direito de livre resolu\u00e7\u00e3o, qualquer compra efetuada na loja pode ser devolvida at\u00e9 ao prazo limite de 30 dias ap\u00f3s ser rececionada. Ap\u00f3s este per\u00edodo, n\u00e3o ser\u00e1 poss\u00edvel oferecer o reembolso ou a troca do(s) artigo(s).<\/p><p>Se o cliente pretender exercer o direito de Livre resolu\u00e7\u00e3o de contrato, dever\u00e1 preencher e entregar qualquer declara\u00e7\u00e3o inequ\u00edvoca de resolu\u00e7\u00e3o do contrato. Pode atrav\u00e9s de um contacto com a loja, dentro do prazo acima referido, solicitar o formul\u00e1rio de Livre Resolu\u00e7\u00e3o ou indicar atrav\u00e9s do e-mail <strong>geral@marpelmoveis.com<\/strong>, de forma expl\u00edcita, que pretende resolver o contrato.<\/p><p>O contacto efetuado por e-mail deve fazer refer\u00eancia aos dados a seguir mencionados:<\/p><ul><li>Nome do recetor;<\/li><li>Contacto de telefone\/telem\u00f3vel;<\/li><li>N\u00famero da encomenda;<\/li><li>Data da encomenda;<\/li><li>Data de rece\u00e7\u00e3o da encomenda;<\/li><li>N\u00famero de produtos e\/ou servi\u00e7os<\/li><\/ul><p>Ap\u00f3s rece\u00e7\u00e3o do pedido de livre resolu\u00e7\u00e3o de contrato, ser\u00e1 dada uma resposta com a maior brevidade poss\u00edvel, de forma a agilizar e agendar a recolha do(s) produto(s) adquiridos.<\/p><h2>Condi\u00e7\u00f5es para a devolu\u00e7\u00e3o<\/h2><p>Para que uma compra possa ser eleg\u00edvel para devolu\u00e7\u00e3o, os artigos adquiridos devem estar nas mesmas condi\u00e7\u00f5es em que foram entregues. Ser\u00e1 tamb\u00e9m necess\u00e1rio que os mesmos sejam devolvidos na embalagem original e sem sinais de uso indevido ou mau manuseamento.<\/p><p>Os produtos considerados perec\u00edveis n\u00e3o podem ser devolvidos. S\u00e3o exemplo os seguintes: bens alimentares, flores, jornais e revistas.<\/p><p>N\u00e3o ser\u00e3o tamb\u00e9m aceites para devolu\u00e7\u00e3o produtos relacionados com a higiene ou intimidade pessoal, bem como produtos feitos \u00e0 medida. S\u00e3o exemplo os seguintes: colch\u00f5es standard ou por medida, almofadas, len\u00e7\u00f3is, mobili\u00e1rio por medida, m\u00f3veis \u00e0 cor do cliente e estofos (sof\u00e1s, cadeiras, cabeceiras, etc.) em cores personalizadas encomendadas a pedido do cliente.<\/p><p>A devolu\u00e7\u00e3o dever\u00e1 ser sempre feita para o comerciante e nunca para o fornecedor dos produtos e\/ou servi\u00e7os.<\/p><h2>Documenta\u00e7\u00e3o<\/h2><p>Para que o processo de devolu\u00e7\u00e3o possa ser conclu\u00eddo, ser\u00e1 necess\u00e1rio incluir o envio da fatura de compra, do comprovativo de pagamento e do formul\u00e1rio de devolu\u00e7\u00e3o.<\/p><h2>Reembolso<\/h2><p>O reembolso do valor do(s) produto(s), assim como dos custos de entrega, ser\u00e1 total no prazo de 14 dias a contar da data em que somos informados da decis\u00e3o de livre resolu\u00e7\u00e3o.<\/p><p>A <strong><em>MARPEL M\u00d3VEIS <\/em><\/strong>n\u00e3o \u00e9 obrigada a reembolsar custos adicionais de devolu\u00e7\u00e3o como uma modalidade de recolha do(s) produto(s) diferente e mais onerosa do que aquela que \u00e9 por n\u00f3s apresentada. No caso da recolha do(s) produto(s) no cliente ser solicitada pela <strong><em>MARPEL M\u00d3VEIS<\/em>, <\/strong>o processo de reembolso ser\u00e1 iniciado ap\u00f3s a devida rece\u00e7\u00e3o do(s) produto(s). O \u00a0cliente ser\u00e1 notificado por <strong><em>email <\/em><\/strong>relativamente a este processo.<\/p><p>O reembolso ser\u00e1 efetuado atrav\u00e9s do mesmo m\u00e9todo de pagamento utilizado pelo cliente no pagamento inicial, salvo em situa\u00e7\u00f5es de acordo expresso e em que o cliente n\u00e3o incorra em quaisquer custos como consequ\u00eancia do reembolso.<\/p><p>Se n\u00e3o receber o reembolso no prazo indicado, procure verificar novamente a sua conta banc\u00e1ria. Se ainda assim n\u00e3o confirmar o dep\u00f3sito do valor, procure tamb\u00e9m contactar o seu gestor banc\u00e1rio. Se ainda assim, n\u00e3o tiver feedback, procure contactar o banco. Ap\u00f3s estes passos, poder\u00e1 contactar-nos a partir do n\u00famero <strong><em>229731415<\/em><\/strong>.<\/p><h2>Trocas<\/h2><p>Uma troca de artigos s\u00f3 \u00e9 aceite quando a encomenda se apresenta com defeito, incompleta, incorreta ou com danos decorrentes do ato da entrega. Caso pretenda efetuar a troca de um artigo, deve contactar-nos por e-mail atrav\u00e9s do seguinte endere\u00e7o:<\/p><p><strong>geral@marpelmoveis.com<\/strong>.<\/p><p>O artigo deve ser enviado para a seguinte morada:<\/p><p><strong><em>Rua Ant\u00f3nio Marques de S\u00e1, 16 4435-107 Rio Tinto<\/em><\/strong><\/p><h2>Ofertas<\/h2><p>Se o artigo foi oferecido, o mesmo s\u00f3 ser\u00e1 aceite para troca e mediante a apresenta\u00e7\u00e3o do respetivo tal\u00e3o de oferta e se n\u00e3o for um artigo limitado.<\/p><h2>Portes de envio<\/h2><p>Os portes de envio pagos inicialmente ser\u00e3o inclu\u00eddos no valor a reembolsar, conforme est\u00e1 previsto na legisla\u00e7\u00e3o em vigor no Decreto de Lei n.\u00ba 24\/2014.<\/p><p>Caso o cliente pretenda uma modalidade de recolha diferente da definida pela <strong><em>MARPEL M\u00d3VEIS, <\/em><\/strong>o cliente ficar\u00e1 respons\u00e1vel por pagar os custos adicionais de portes de envio relativos ao retorno do produto \u00e0 loja, quer seja para efeitos de devolu\u00e7\u00e3o ou troca.<\/p><p>N\u00e3o podemos garantir que os artigos s\u00e3o devolvidos ou que chegam em condi\u00e7\u00f5es id\u00eanticas \u00e0s do momento em que s\u00e3o enviados.<\/p><h2>Devolu\u00e7\u00f5es internacionais<\/h2><p>No caso de uma encomenda entregue no estrangeiro, o processo de devolu\u00e7\u00e3o \u00e9 feito com base nas condi\u00e7\u00f5es acima mencionadas.<\/p>\t\t\t\t\t\t<\/div>\n\t\t\t\t<\/div>\n\t\t\t\t\t<\/div>\n\t\t<\/div>\n\t\t\t\t\t\t\t<\/div>\n\t\t<\/section>\n\t\t\t\t\t\t\t<\/div>\n\t\t","protected":false},"excerpt":{"rendered":"<p>Pol\u00edtica de devolu\u00e7\u00e3o Enquadramento A presente pol\u00edtica de devolu\u00e7\u00e3o foi elaborada com base na legisla\u00e7\u00e3o em vigor e pode ser<\/p>\n","protected":false},"author":1,"featured_media":0,"parent":0,"menu_order":0,"comment_status":"closed","ping_status":"closed","template":"elementor_header_footer","meta":{"footnotes":""},"class_list":["post-11503","page","type-page","status-publish","hentry"],"_links":{"self":[{"href":"https:\/\/dev.wisdomignite.pt\/marpel\/wp-json\/wp\/v2\/pages\/11503","targetHints":{"allow":["GET"]}}],"collection":[{"href":"https:\/\/dev.wisdomignite.pt\/marpel\/wp-json\/wp\/v2\/pages"}],"about":[{"href":"https:\/\/dev.wisdomignite.pt\/marpel\/wp-json\/wp\/v2\/types\/page"}],"author":[{"embeddable":true,"href":"https:\/\/dev.wisdomignite.pt\/marpel\/wp-json\/wp\/v2\/users\/1"}],"replies":[{"embeddable":true,"href":"https:\/\/dev.wisdomignite.pt\/marpel\/wp-json\/wp\/v2\/comments?post=11503"}],"version-history":[{"count":11,"href":"https:\/\/dev.wisdomignite.pt\/marpel\/wp-json\/wp\/v2\/pages\/11503\/revisions"}],"predecessor-version":[{"id":39799,"href":"https:\/\/dev.wisdomignite.pt\/marpel\/wp-json\/wp\/v2\/pages\/11503\/revisions\/39799"}],"wp:attachment":[{"href":"https:\/\/dev.wisdomignite.pt\/marpel\/wp-json\/wp\/v2\/media?parent=11503"}],"curies":[{"name":"wp","href":"https:\/\/api.w.org\/{rel}","templated":true}]}}