{"id":34338,"date":"2022-10-20T17:23:48","date_gmt":"2022-10-20T16:23:48","guid":{"rendered":"https:\/\/dev.wisdomignite.pt\/itv2\/?page_id=34338"},"modified":"2022-10-25T12:31:14","modified_gmt":"2022-10-25T11:31:14","slug":"wi-fi-seguro-watchguard","status":"publish","type":"page","link":"https:\/\/dev.wisdomignite.pt\/itv2\/seguranca-informatica\/firewall\/wi-fi-seguro-watchguard\/","title":{"rendered":"Wi-Fi Seguro WatchGuard"},"content":{"rendered":"\n\t<section class=\"section\" id=\"section_992554471\">\n\t\t<div class=\"bg section-bg fill bg-fill  bg-loaded\" >\n\n\t\t\t\n\t\t\t\n\t\t\t\n\n\t\t<\/div>\n\n\t\t\n\n\t\t<div class=\"section-content relative\">\n\t\t\t\n\n<div class=\"row align-middle\"  id=\"row-955560425\">\n\n\n\t<div id=\"col-382531190\" class=\"col small-12 large-12\"  >\n\t\t\t\t<div class=\"col-inner\"  >\n\t\t\t\n\t\t\t\n\n\t<div id=\"text-659045233\" class=\"text\">\n\t\t\n\n<h2>Wi-Fi Seguro WatchGuard<\/h2>\n\t\t\n<style>\n#text-659045233 {\n  text-align: center;\n}\n<\/style>\n\t<\/div>\n\t\n\n\t\t<\/div>\n\t\t\t\t\t<\/div>\n\n\t\n\n\t<div id=\"col-1264545421\" class=\"col small-12 large-12\"  >\n\t\t\t\t<div class=\"col-inner text-center\"  >\n\t\t\t\n\t\t\t\n\n\t<div class=\"img has-hover mw-500px x md-x lg-x y md-y lg-y\" id=\"image_226292328\">\n\t\t\t\t\t\t\t\t<div class=\"img-inner dark\" >\n\t\t\t<img width=\"468\" height=\"300\" src=\"https:\/\/dev.wisdomignite.pt\/itv2\/wp-content\/uploads\/2022\/10\/ldr-image-use-cases.jpg\" class=\"attachment-original size-original\" alt=\"\" decoding=\"async\" loading=\"lazy\" \/>\t\t\t\t\t\t\n\t\t\t\t\t<\/div>\n\t\t\t\t\t\t\t\t\n<style>\n#image_226292328 {\n  width: 100%;\n}\n<\/style>\n\t<\/div>\n\t\n\n<h2><span style=\"color: #d31f25\">Wi-Fi WatchGuard Cloud<\/span><br \/>\nSegura. Simples. Inteligente.<\/h2>\n\n\t\t<\/div>\n\t\t\t\t\t<\/div>\n\n\t\n\n\t<div id=\"col-1103319806\" class=\"col small-12 large-12\"  >\n\t\t\t\t<div class=\"col-inner\"  >\n\t\t\t\n\t\t\t\n\n<p style=\"text-align: center;\">A WatchGuard melhora a sua experi\u00eancia sem fios por meio de access points Wi-Fi 6, gest\u00e3o centralizada e gera\u00e7\u00e3o de relat\u00f3rios inteligentes.<\/p>\n\n<div class=\"row\" style=\"max-width:1300px\" id=\"row-1855491053\">\n\n\n\t<div id=\"col-818043168\" class=\"col medium-3 small-12 large-3\"  >\n\t\t\t\t<div class=\"col-inner text-center\"  >\n\t\t\t\n\t\t\t\n\n\t<div class=\"img has-hover w-auto x md-x lg-x y md-y lg-y\" id=\"image_136619210\">\n\t\t\t\t\t\t\t\t<div class=\"img-inner dark\" >\n\t\t\t<img width=\"150\" height=\"150\" src=\"https:\/\/dev.wisdomignite.pt\/itv2\/wp-content\/uploads\/2022\/10\/wifi-icon-wireless-ap.png\" class=\"attachment-original size-original\" alt=\"\" decoding=\"async\" loading=\"lazy\" srcset=\"https:\/\/dev.wisdomignite.pt\/itv2\/wp-content\/uploads\/2022\/10\/wifi-icon-wireless-ap.png 150w, https:\/\/dev.wisdomignite.pt\/itv2\/wp-content\/uploads\/2022\/10\/wifi-icon-wireless-ap-100x100.png 100w\" sizes=\"(max-width: 150px) 100vw, 150px\" \/>\t\t\t\t\t\t\n\t\t\t\t\t<\/div>\n\t\t\t\t\t\t\t\t\n<style>\n#image_136619210 {\n  width: 100%;\n}\n<\/style>\n\t<\/div>\n\t\n\n<h3>Access points<br \/>\nWi-Fi 6<\/h3>\n\n\t\t<\/div>\n\t\t\t\t\n<style>\n#col-818043168 > .col-inner {\n  padding: 0px 0px 0px 0px;\n  margin: 0px 0px 0px 0px;\n}\n<\/style>\n\t<\/div>\n\n\t\n\n\t<div id=\"col-1453218731\" class=\"col medium-3 small-12 large-3\"  >\n\t\t\t\t<div class=\"col-inner text-center\"  >\n\t\t\t\n\t\t\t\n\n\t<div class=\"img has-hover w-auto x md-x lg-x y md-y lg-y\" id=\"image_223584694\">\n\t\t\t\t\t\t\t\t<div class=\"img-inner dark\" >\n\t\t\t<img width=\"150\" height=\"150\" src=\"https:\/\/dev.wisdomignite.pt\/itv2\/wp-content\/uploads\/2022\/10\/wifi-icon-wgc.png\" class=\"attachment-original size-original\" alt=\"\" decoding=\"async\" loading=\"lazy\" srcset=\"https:\/\/dev.wisdomignite.pt\/itv2\/wp-content\/uploads\/2022\/10\/wifi-icon-wgc.png 150w, https:\/\/dev.wisdomignite.pt\/itv2\/wp-content\/uploads\/2022\/10\/wifi-icon-wgc-100x100.png 100w\" sizes=\"(max-width: 150px) 100vw, 150px\" \/>\t\t\t\t\t\t\n\t\t\t\t\t<\/div>\n\t\t\t\t\t\t\t\t\n<style>\n#image_223584694 {\n  width: 100%;\n}\n<\/style>\n\t<\/div>\n\t\n\n<h3>Wi-Fi no<br \/>WatchGuard Cloud<\/h3>\n\n\t\t<\/div>\n\t\t\t\t\n<style>\n#col-1453218731 > .col-inner {\n  padding: 0px 0px 0px 0px;\n  margin: 0px 0px 0px 0px;\n}\n<\/style>\n\t<\/div>\n\n\t\n\n\t<div id=\"col-685310543\" class=\"col medium-3 small-12 large-3\"  >\n\t\t\t\t<div class=\"col-inner text-center\"  >\n\t\t\t\n\t\t\t\n\n\t<div class=\"img has-hover w-auto x md-x lg-x y md-y lg-y\" id=\"image_76501359\">\n\t\t\t\t\t\t\t\t<div class=\"img-inner dark\" >\n\t\t\t<img width=\"150\" height=\"150\" src=\"https:\/\/dev.wisdomignite.pt\/itv2\/wp-content\/uploads\/2022\/10\/wifi-icon-reporting-visibility.png\" class=\"attachment-original size-original\" alt=\"\" decoding=\"async\" loading=\"lazy\" srcset=\"https:\/\/dev.wisdomignite.pt\/itv2\/wp-content\/uploads\/2022\/10\/wifi-icon-reporting-visibility.png 150w, https:\/\/dev.wisdomignite.pt\/itv2\/wp-content\/uploads\/2022\/10\/wifi-icon-reporting-visibility-100x100.png 100w\" sizes=\"(max-width: 150px) 100vw, 150px\" \/>\t\t\t\t\t\t\n\t\t\t\t\t<\/div>\n\t\t\t\t\t\t\t\t\n<style>\n#image_76501359 {\n  width: 100%;\n}\n<\/style>\n\t<\/div>\n\t\n\n<h3>Gera\u00e7\u00e3o de relat\u00f3rios<br \/>\ne visibilidade<\/h3>\n\n\t\t<\/div>\n\t\t\t\t\n<style>\n#col-685310543 > .col-inner {\n  padding: 0px 0px 0px 0px;\n  margin: 0px 0px 0px 0px;\n}\n<\/style>\n\t<\/div>\n\n\t\n\n\t<div id=\"col-1449735717\" class=\"col medium-3 small-12 large-3\"  >\n\t\t\t\t<div class=\"col-inner text-center\"  >\n\t\t\t\n\t\t\t\n\n\t<div class=\"img has-hover w-auto x md-x lg-x y md-y lg-y\" id=\"image_2054640457\">\n\t\t\t\t\t\t\t\t<div class=\"img-inner dark\" >\n\t\t\t<img width=\"150\" height=\"150\" src=\"https:\/\/dev.wisdomignite.pt\/itv2\/wp-content\/uploads\/2022\/10\/wifi-icon-use-cases.png\" class=\"attachment-original size-original\" alt=\"\" decoding=\"async\" loading=\"lazy\" srcset=\"https:\/\/dev.wisdomignite.pt\/itv2\/wp-content\/uploads\/2022\/10\/wifi-icon-use-cases.png 150w, https:\/\/dev.wisdomignite.pt\/itv2\/wp-content\/uploads\/2022\/10\/wifi-icon-use-cases-100x100.png 100w\" sizes=\"(max-width: 150px) 100vw, 150px\" \/>\t\t\t\t\t\t\n\t\t\t\t\t<\/div>\n\t\t\t\t\t\t\t\t\n<style>\n#image_2054640457 {\n  width: 100%;\n}\n<\/style>\n\t<\/div>\n\t\n\n<h3>Casos de uso<br \/>\nde Wi-Fi<\/h3>\n\n\t\t<\/div>\n\t\t\t\t\n<style>\n#col-1449735717 > .col-inner {\n  padding: 0px 0px 0px 0px;\n  margin: 0px 0px 0px 0px;\n}\n<\/style>\n\t<\/div>\n\n\t\n\n\n<style>\n#row-1855491053 > .col > .col-inner {\n  background-color: rgb(255,255,255);\n  border-radius: 10px;\n}\n<\/style>\n<\/div>\n\n\t\t<\/div>\n\t\t\t\t\n<style>\n#col-1103319806 > .col-inner {\n  padding: 0px 0px 0px 0px;\n  margin: 0px 0px 0px 0px;\n}\n<\/style>\n\t<\/div>\n\n\t\n\n<\/div>\n\n\t\t<\/div>\n\n\t\t\n<style>\n#section_992554471 {\n  padding-top: 30px;\n  padding-bottom: 30px;\n}\n#section_992554471 .ux-shape-divider--top svg {\n  height: 150px;\n  --divider-top-width: 100%;\n}\n#section_992554471 .ux-shape-divider--bottom svg {\n  height: 150px;\n  --divider-width: 100%;\n}\n<\/style>\n\t<\/section>\n\t\n\t<section class=\"section\" id=\"section_1904874194\">\n\t\t<div class=\"bg section-bg fill bg-fill  bg-loaded\" >\n\n\t\t\t\n\t\t\t<div class=\"section-bg-overlay absolute fill\"><\/div>\n\t\t\t\n\n\t\t<\/div>\n\n\t\t\n\n\t\t<div class=\"section-content relative\">\n\t\t\t\n\n<div class=\"row row-large align-middle\"  id=\"row-897291560\">\n\n\n\t<div id=\"col-1865580750\" class=\"col medium-6 small-12 large-6\"  >\n\t\t\t\t<div class=\"col-inner\"  >\n\t\t\t\n\t\t\t\n\n\t<div class=\"img has-hover x md-x lg-x y md-y lg-y\" id=\"image_2104760272\">\n\t\t\t\t\t\t\t\t<div class=\"img-inner dark\" >\n\t\t\t<img width=\"476\" height=\"308\" src=\"https:\/\/dev.wisdomignite.pt\/itv2\/wp-content\/uploads\/2022\/10\/ldr-image-wifi-6-aps.png\" class=\"attachment-large size-large\" alt=\"\" decoding=\"async\" loading=\"lazy\" \/>\t\t\t\t\t\t\n\t\t\t\t\t<\/div>\n\t\t\t\t\t\t\t\t\n<style>\n#image_2104760272 {\n  width: 100%;\n}\n<\/style>\n\t<\/div>\n\t\n\n\n\t\t<\/div>\n\t\t\t\t\t<\/div>\n\n\t\n\n\t<div id=\"col-877076929\" class=\"col medium-6 small-12 large-6\"  >\n\t\t\t\t<div class=\"col-inner text-left\"  >\n\t\t\t\n\t\t\t\n\n<h2>Access points Wi-Fi 6 da WatchGuard<br \/>\n<\/h2>\n<p>Redes de todas as formas e tamanhos prontas para o futuro com Wi-Fi no WatchGuard Cloud. A WatchGuard tem o access point com tecnologia Wi-Fi 6 e criptografia segura WPA3, que atende desde home offices a campus corporativos.<\/p>\n\n\t\t<\/div>\n\t\t\t\t\t<\/div>\n\n\t\n\n<\/div>\n<div class=\"row row-large align-middle\"  id=\"row-963389329\">\n\n\n\t<div id=\"col-1838598658\" class=\"col medium-6 small-12 large-6\"  >\n\t\t\t\t<div class=\"col-inner text-left\"  >\n\t\t\t\n\t\t\t\n\n<h2>Gest\u00e3o Cloud Simplificada<\/h2>\n<p>A gest\u00e3o de Wi-Fi e a configura\u00e7\u00e3o de rede no WatchGuard Cloud oferecem experi\u00eancias sem fios seguras e f\u00e1ceis de gerir. Gest\u00e3o de pol\u00edticas, implementa\u00e7\u00e3o zero-touch, portais cativos, configura\u00e7\u00e3o de VPN e atualiza\u00e7\u00f5es com um clique.<\/p>\n\n\n\t\t<\/div>\n\t\t\t\t\t<\/div>\n\n\t\n\n\t<div id=\"col-1815455099\" class=\"col medium-6 small-12 large-6 small-col-first\"  >\n\t\t\t\t<div class=\"col-inner\"  >\n\t\t\t\n\t\t\t\n\n\t<div class=\"img has-hover w-auto x md-x lg-x y md-y lg-y\" id=\"image_1391062270\">\n\t\t\t\t\t\t\t\t<div class=\"img-inner dark\" >\n\t\t\t<img width=\"468\" height=\"325\" src=\"https:\/\/dev.wisdomignite.pt\/itv2\/wp-content\/uploads\/2022\/10\/ldr-image-cloud-mgmt.png\" class=\"attachment-original size-original\" alt=\"\" decoding=\"async\" loading=\"lazy\" \/>\t\t\t\t\t\t\n\t\t\t\t\t<\/div>\n\t\t\t\t\t\t\t\t\n<style>\n#image_1391062270 {\n  width: 100%;\n}\n<\/style>\n\t<\/div>\n\t\n\n\n\t\t<\/div>\n\t\t\t\t\t<\/div>\n\n\t\n\n<\/div>\n<div class=\"row row-large align-middle\"  id=\"row-1866441282\">\n\n\n\t<div id=\"col-1037726846\" class=\"col medium-6 small-12 large-6\"  >\n\t\t\t\t<div class=\"col-inner\"  >\n\t\t\t\n\t\t\t\n\n\t<div class=\"img has-hover x md-x lg-x y md-y lg-y\" id=\"image_1751366985\">\n\t\t\t\t\t\t\t\t<div class=\"img-inner dark\" >\n\t\t\t<img width=\"468\" height=\"300\" src=\"https:\/\/dev.wisdomignite.pt\/itv2\/wp-content\/uploads\/2022\/10\/ldr-image-use-cases.jpg\" class=\"attachment-large size-large\" alt=\"\" decoding=\"async\" loading=\"lazy\" \/>\t\t\t\t\t\t\n\t\t\t\t\t<\/div>\n\t\t\t\t\t\t\t\t\n<style>\n#image_1751366985 {\n  width: 100%;\n}\n<\/style>\n\t<\/div>\n\t\n\n\n\t\t<\/div>\n\t\t\t\t\t<\/div>\n\n\t\n\n\t<div id=\"col-1919959545\" class=\"col medium-6 small-12 large-6\"  >\n\t\t\t\t<div class=\"col-inner text-left\"  >\n\t\t\t\n\t\t\t\n\n<h2>Crie qualquer tipo de rede sem fio<\/h2>\n<p>O Wi-Fi \u00e9 essencial para se manter conectado, trabalhar e gerir dispositivos de IoT. Os access points Wi-Fi 6 da WatchGuard proporcionam desempenho excecional, com seguran\u00e7a facilitada para muitos casos, como trabalho remoto, experi\u00eancias em lojas e campus expansivos.<\/p>\n\n\n\t\t<\/div>\n\t\t\t\t\t<\/div>\n\n\t\n\n<\/div>\n<div class=\"row row-large align-middle\"  id=\"row-1643518208\">\n\n\n\t<div id=\"col-1183849601\" class=\"col medium-6 small-12 large-6\"  >\n\t\t\t\t<div class=\"col-inner text-left\"  >\n\t\t\t\n\t\t\t\n\n<h2>Ecossistema de parceiro de tecnologia<\/h2>\n<p>As integra\u00e7\u00f5es a produtos de outras empresas ajudam a proteger ambientes de Wi-Fi, alcan\u00e7ar novos clientes e gerar lealdade \u00e0 marca.<\/p>\n\n\t\t<\/div>\n\t\t\t\t\t<\/div>\n\n\t\n\n\t<div id=\"col-631054255\" class=\"col medium-6 small-12 large-6 small-col-first\"  >\n\t\t\t\t<div class=\"col-inner\"  >\n\t\t\t\n\t\t\t\n\n\t<div class=\"img has-hover w-auto x md-x lg-x y md-y lg-y\" id=\"image_320554083\">\n\t\t\t\t\t\t\t\t<div class=\"img-inner dark\" >\n\t\t\t<img width=\"486\" height=\"318\" src=\"https:\/\/dev.wisdomignite.pt\/itv2\/wp-content\/uploads\/2022\/10\/ldr-image-tech-partner-ecosystem.png\" class=\"attachment-original size-original\" alt=\"\" decoding=\"async\" loading=\"lazy\" \/>\t\t\t\t\t\t\n\t\t\t\t\t<\/div>\n\t\t\t\t\t\t\t\t\n<style>\n#image_320554083 {\n  width: 100%;\n}\n<\/style>\n\t<\/div>\n\t\n\n\n\t\t<\/div>\n\t\t\t\t\t<\/div>\n\n\t\n\n<\/div>\n\n\t\t<\/div>\n\n\t\t\n<style>\n#section_1904874194 {\n  padding-top: 60px;\n  padding-bottom: 60px;\n  background-color: rgb(193, 193, 193);\n}\n#section_1904874194 .section-bg-overlay {\n  background-color: rgba(255, 255, 255, 0.85);\n}\n#section_1904874194 .ux-shape-divider--top svg {\n  height: 150px;\n  --divider-top-width: 100%;\n}\n#section_1904874194 .ux-shape-divider--bottom svg {\n  height: 150px;\n  --divider-width: 100%;\n}\n<\/style>\n\t<\/section>\n\t\n\n\t<section class=\"section dark\" id=\"section_1668982663\">\n\t\t<div class=\"bg section-bg fill bg-fill  bg-loaded\" >\n\n\t\t\t\n\t\t\t\n\t\t\t\n\n\t\t<\/div>\n\n\t\t\t<div class=\"ux-shape-divider ux-shape-divider--top ux-shape-divider--style-waves-opacity-2\">\n\t\t<svg viewBox=\"0 0 1000 300\" xmlns=\"http:\/\/www.w3.org\/2000\/svg\" preserveAspectRatio=\"none\">\n  <path class=\"ux-shape-fill\" opacity=\"0.15\" d=\"M0 299L-2 19.9998C153 -16.0002 308 155 413 184C515.64 212.35 562 152 645 153C725 154 787 206 874 233C939.54 253.34 975 248 1000 244.61V299H0Z\"\/>\n  <path class=\"ux-shape-fill\" opacity=\"0.3\" d=\"M0 300L-2 34C155 -9.00003 300 178 403 212C504.11 245.38 562 165 645 166C725 167 790.09 220.07 874 253C939.21 278.59 978.07 269.72 1000 263.61V300H0Z\"\/>\n  <path class=\"ux-shape-fill\" d=\"M0 300L-1 69.7099C216 56.9999 299.47 198.86 403 226C506 253 577 196 660 197C740 198 790.09 234.07 874 267C935.23 291 982 282.61 1000 277.61V300H0Z\"\/>\n<\/svg>\n\t<\/div>\n\n\t<div class=\"ux-shape-divider ux-shape-divider--bottom ux-shape-divider--style-waves\">\n\t\t<svg viewBox=\"0 0 1200 120\" xmlns=\"http:\/\/www.w3.org\/2000\/svg\" preserveAspectRatio=\"none\">\n  <path class=\"ux-shape-fill\" d=\"M321.39 63.56c58 10.79 114.16 30.13 172 41.86 82.39 16.72 168.19 17.73 250.45.39C823.78 89 906.67 48 985.66 27.17c70.05-18.48 146.53-26.09 214.34-3V120H0V92.65a600.21 600.21 0 01321.39-29.09z\"\/>\n<\/svg>\n\t<\/div>\n\n\t\t<div class=\"section-content relative\">\n\t\t\t\n\n<div class=\"row align-middle\"  id=\"row-1223513618\">\n\n\n\n\n\t<div id=\"col-1808238003\" class=\"col small-12 large-12\"  >\n\t\t\t\t<div class=\"col-inner\"  >\n\t\t\t\n\t\t\t\n\n\t<div id=\"text-1293733665\" class=\"text\">\n\t\t\n\n<h2>Est\u00e1 pronto para tornar a sua rede segura?<br> Fa\u00e7a uma auditoria \u00e0 sua infraestrutura inform\u00e1tica sem compromisso<\/h2>\n\t\t\n<style>\n#text-1293733665 {\n  font-size: 1.3rem;\n  text-align: center;\n}\n<\/style>\n\t<\/div>\n\t\n\t<div id=\"gap-1430176530\" class=\"gap-element clearfix\" style=\"display:block; height:auto;\">\n\t\t\n<style>\n#gap-1430176530 {\n  padding-top: 15px;\n}\n<\/style>\n\t<\/div>\n\t\n\n<div class=\"row align-center\"  id=\"row-1972766831\">\n\n\n\t<div id=\"col-443554012\" class=\"col medium-6 small-12 large-6\"  >\n\t\t\t\t<div class=\"col-inner\"  >\n\t\t\t\n\t\t\t\n\n<div class=\"row\"  id=\"row-1327305219\">\n\n\n\t<div id=\"col-830788824\" class=\"col small-12 large-12\"  >\n\t\t\t\t<div class=\"col-inner\"  >\n\t\t\t\n\t\t\t\n\n\n\t\t<div class=\"icon-box featured-box custom-icon-size-sm icon-box-top text-left\"  style=\"margin:0px 0px 20px 0px;\">\n\t\t\t\t\t<div class=\"icon-box-img\" style=\"width: 60px\">\n\t\t\t\t<div class=\"icon\">\n\t\t\t\t\t<div class=\"icon-inner\" >\n\t\t\t\t\t\t<svg xmlns=\"http:\/\/www.w3.org\/2000\/svg\" viewBox=\"0 0 384 512\"><!--! Font Awesome Pro 6.1.1 by @fontawesome - https:\/\/fontawesome.com License - https:\/\/fontawesome.com\/license (Commercial License) Copyright 2022 Fonticons, Inc. --><path d=\"M272 192C272 236.2 236.2 272 192 272C147.8 272 112 236.2 112 192C112 147.8 147.8 112 192 112C236.2 112 272 147.8 272 192zM192 240C218.5 240 240 218.5 240 192C240 165.5 218.5 144 192 144C165.5 144 144 165.5 144 192C144 218.5 165.5 240 192 240zM384 192C384 279.4 267 435 215.7 499.2C203.4 514.5 180.6 514.5 168.3 499.2C116.1 435 0 279.4 0 192C0 85.96 85.96 0 192 0C298 0 384 85.96 384 192H384zM192 32C103.6 32 32 103.6 32 192C32 207.6 37.43 229 48.56 255.4C59.47 281.3 74.8 309.4 92.14 337.5C126.2 392.8 166.6 445.7 192 477.6C217.4 445.7 257.8 392.8 291.9 337.5C309.2 309.4 324.5 281.3 335.4 255.4C346.6 229 352 207.6 352 192C352 103.6 280.4 32 192 32z\"\/><\/svg>\t\t\t\t\t<\/div>\n\t\t\t\t<\/div>\n\t\t\t<\/div>\n\t\t\t\t<div class=\"icon-box-text last-reset\">\n\t\t\t\t\t\t\t\t\t\n\n<h3 class=\"uppercase\">Morada<\/h3>\n<p>Avenida Fern\u00e3o de Magalh\u00e3es, 3548<br \/>\n1\u00b0 andar, Loja 13<br \/>4350-163 Porto<\/p>\n\n\t\t<\/div>\n\t<\/div>\n\t\n\t\n\n\t\t<div class=\"icon-box featured-box custom-icon-size-sm icon-box-top text-left\"  style=\"margin:0px 0px 20px 0px;\">\n\t\t\t\t\t<div class=\"icon-box-img\" style=\"width: 60px\">\n\t\t\t\t<div class=\"icon\">\n\t\t\t\t\t<div class=\"icon-inner\" >\n\t\t\t\t\t\t<svg xmlns=\"http:\/\/www.w3.org\/2000\/svg\" viewBox=\"0 0 512 512\"><!--! Font Awesome Pro 6.1.1 by @fontawesome - https:\/\/fontawesome.com License - https:\/\/fontawesome.com\/license (Commercial License) Copyright 2022 Fonticons, Inc. --><path d=\"M484.6 330.6C484.6 330.6 484.6 330.6 484.6 330.6l-101.8-43.66c-18.5-7.688-40.2-2.375-52.75 13.08l-33.14 40.47C244.2 311.8 200.3 267.9 171.6 215.2l40.52-33.19c15.67-12.92 20.83-34.16 12.84-52.84L181.4 27.37C172.7 7.279 150.8-3.737 129.6 1.154L35.17 23.06C14.47 27.78 0 45.9 0 67.12C0 312.4 199.6 512 444.9 512c21.23 0 39.41-14.44 44.17-35.13l21.8-94.47C515.7 361.1 504.7 339.3 484.6 330.6zM457.9 469.7c-1.375 5.969-6.844 10.31-12.98 10.31c-227.7 0-412.9-185.2-412.9-412.9c0-6.188 4.234-11.48 10.34-12.88l94.41-21.91c1-.2344 2-.3438 2.984-.3438c5.234 0 10.11 3.094 12.25 8.031l43.58 101.7C197.9 147.2 196.4 153.5 191.8 157.3L141.3 198.7C135.6 203.4 133.8 211.4 137.1 218.1c33.38 67.81 89.11 123.5 156.9 156.9c6.641 3.313 14.73 1.531 19.44-4.219l41.39-50.5c3.703-4.563 10.16-6.063 15.5-3.844l101.6 43.56c5.906 2.563 9.156 8.969 7.719 15.22L457.9 469.7z\"\/><\/svg>\t\t\t\t\t<\/div>\n\t\t\t\t<\/div>\n\t\t\t<\/div>\n\t\t\t\t<div class=\"icon-box-text last-reset\">\n\t\t\t\t\t\t\t\t\t\n\n<h3 class=\"uppercase\">Telefone<\/h3>\n<p>22 409 21 14<\/p>\n\n\t\t<\/div>\n\t<\/div>\n\t\n\t\n\n\t\t<div class=\"icon-box featured-box custom-icon-size-sm icon-box-top text-left\"  >\n\t\t\t\t\t<div class=\"icon-box-img\" style=\"width: 60px\">\n\t\t\t\t<div class=\"icon\">\n\t\t\t\t\t<div class=\"icon-inner\" >\n\t\t\t\t\t\t<svg xmlns=\"http:\/\/www.w3.org\/2000\/svg\" viewBox=\"0 0 512 512\"><!--! Font Awesome Pro 6.1.1 by @fontawesome - https:\/\/fontawesome.com License - https:\/\/fontawesome.com\/license (Commercial License) Copyright 2022 Fonticons, Inc. --><path d=\"M493.6 163c-24.88-19.62-45.5-35.37-164.3-121.6C312.7 29.21 279.7 0 256.4 0H255.6C232.3 0 199.3 29.21 182.6 41.38C63.88 127.6 43.25 143.4 18.38 163C6.75 172 0 186 0 200.8v263.2C0 490.5 21.49 512 48 512h416c26.51 0 48-21.49 48-47.1V200.8C512 186 505.3 172 493.6 163zM480 464c0 8.822-7.178 16-16 16h-416C39.18 480 32 472.8 32 464V200.8c0-4.902 2.23-9.555 6.195-12.63C61.59 169.7 80.71 154.1 201.5 67.21c2.98-2.178 6.451-4.861 10.28-7.826c9.365-7.254 34.18-26.48 44.62-27.37c9.686 .9551 34.44 20.13 43.79 27.37c3.828 2.965 7.299 5.648 10.36 7.887c120.7 87.68 139.8 102.4 163.5 121C477.8 191.2 480 195.8 480 200.8V464zM422.5 259.1l-132.8 97.72c-19.78 14.62-47.64 14.62-67.45 0L89.48 259.1C82.38 253.8 72.33 255.4 67.11 262.5C61.88 269.6 63.41 279.7 70.52 284.9l132.8 97.72C218.7 393.1 236.9 399.1 256 399.1s37.3-6.023 52.7-17.4l132.8-97.72c7.109-5.219 8.641-15.25 3.406-22.34C439.6 255.4 429.7 253.8 422.5 259.1z\"\/><\/svg>\t\t\t\t\t<\/div>\n\t\t\t\t<\/div>\n\t\t\t<\/div>\n\t\t\t\t<div class=\"icon-box-text last-reset\">\n\t\t\t\t\t\t\t\t\t\n\n<h3 class=\"uppercase\">Email<\/h3>\n<p>info@wisdomit.pt<\/p>\n\n\t\t<\/div>\n\t<\/div>\n\t\n\t\n\n\t\t<\/div>\n\t\t\t\t\t<\/div>\n\n\t\n\n<\/div>\n\n\t\t<\/div>\n\t\t\t\t\t<\/div>\n\n\t\n\n\t<div id=\"col-1663163239\" class=\"col medium-6 small-12 large-6 small-col-first\"  >\n\t\t\t\t<div class=\"col-inner\"  >\n\t\t\t\n\t\t\t\n\n\n<div class=\"wpcf7 no-js\" id=\"wpcf7-f33218-o1\" lang=\"pt-PT\" dir=\"ltr\">\n<div class=\"screen-reader-response\"><p role=\"status\" aria-live=\"polite\" aria-atomic=\"true\"><\/p> <ul><\/ul><\/div>\n<form action=\"\/itv2\/wp-json\/wp\/v2\/pages\/34338#wpcf7-f33218-o1\" method=\"post\" class=\"wpcf7-form init\" aria-label=\"Contact form\" novalidate=\"novalidate\" data-status=\"init\">\n<div style=\"display: none;\">\n<input type=\"hidden\" name=\"_wpcf7\" value=\"33218\" \/>\n<input type=\"hidden\" name=\"_wpcf7_version\" value=\"5.7.5.1\" \/>\n<input type=\"hidden\" name=\"_wpcf7_locale\" value=\"pt_PT\" \/>\n<input type=\"hidden\" name=\"_wpcf7_unit_tag\" value=\"wpcf7-f33218-o1\" \/>\n<input type=\"hidden\" name=\"_wpcf7_container_post\" value=\"0\" \/>\n<input type=\"hidden\" name=\"_wpcf7_posted_data_hash\" value=\"\" \/>\n<input type=\"hidden\" name=\"_wpcf7_recaptcha_response\" value=\"\" \/>\n<\/div>\n<p><label> Nome <span style=\"color: red\">*<\/span><br \/>\n<span class=\"wpcf7-form-control-wrap\" data-name=\"nome\"><input size=\"40\" class=\"wpcf7-form-control wpcf7-text wpcf7-validates-as-required\" aria-required=\"true\" aria-invalid=\"false\" value=\"\" type=\"text\" name=\"nome\" \/><\/span> <\/label>\n<\/p>\n<p><label> Email <span style=\"color: red\">*<\/span><br \/>\n<span class=\"wpcf7-form-control-wrap\" data-name=\"email\"><input size=\"40\" class=\"wpcf7-form-control wpcf7-text wpcf7-email wpcf7-validates-as-required wpcf7-validates-as-email\" aria-required=\"true\" aria-invalid=\"false\" value=\"\" type=\"email\" name=\"email\" \/><\/span> <\/label>\n<\/p>\n<p><label> Empresa <span style=\"color: red\">*<\/span><br \/>\n<span class=\"wpcf7-form-control-wrap\" data-name=\"empresa\"><input size=\"40\" class=\"wpcf7-form-control wpcf7-text wpcf7-validates-as-required\" aria-required=\"true\" aria-invalid=\"false\" value=\"\" type=\"text\" name=\"empresa\" \/><\/span> <\/label>\n<\/p>\n<p><label> N\u00ba Telem\u00f3vel <span style=\"color: red\">*<\/span><br \/>\n<span class=\"wpcf7-form-control-wrap\" data-name=\"telemovel\"><input size=\"40\" class=\"wpcf7-form-control wpcf7-text wpcf7-tel wpcf7-validates-as-required wpcf7-validates-as-tel\" aria-required=\"true\" aria-invalid=\"false\" value=\"\" type=\"tel\" name=\"telemovel\" \/><\/span> <\/label>\n<\/p>\n<p><label> Mensagem (opcional)<br \/>\n<span class=\"wpcf7-form-control-wrap\" data-name=\"mensagem\"><textarea cols=\"40\" rows=\"10\" class=\"wpcf7-form-control wpcf7-textarea\" aria-invalid=\"false\" name=\"mensagem\"><\/textarea><\/span> <\/label>\n<\/p>\n<p><input class=\"wpcf7-form-control has-spinner wpcf7-submit button-cta-form\" type=\"submit\" value=\"Enviar\" \/>\n<\/p><p style=\"display: none !important;\"><label>&#916;<textarea name=\"_wpcf7_ak_hp_textarea\" cols=\"45\" rows=\"8\" maxlength=\"100\"><\/textarea><\/label><input type=\"hidden\" id=\"ak_js_1\" name=\"_wpcf7_ak_js\" value=\"226\"\/><script>document.getElementById( \"ak_js_1\" ).setAttribute( \"value\", ( new Date() ).getTime() );<\/script><\/p><div class=\"wpcf7-response-output\" aria-hidden=\"true\"><\/div>\n<\/form>\n<\/div>\n\n\n\n\t\t<\/div>\n\t\t\t\t\t<\/div>\n\n\t\n\n<\/div>\n\n\t\t<\/div>\n\t\t\t\t\t<\/div>\n\n\t\n\n<\/div>\n\n\t\t<\/div>\n\n\t\t\n<style>\n#section_1668982663 {\n  padding-top: 30px;\n  padding-bottom: 30px;\n  background-color: rgb(10, 33, 59);\n}\n#section_1668982663 .ux-shape-divider--top svg {\n  height: 35px;\n  --divider-top-width: 100%;\n}\n#section_1668982663 .ux-shape-divider--bottom svg {\n  height: 10px;\n  --divider-width: 100%;\n}\n<\/style>\n\t<\/section>\n\t\n\n\n","protected":false},"excerpt":{"rendered":"","protected":false},"author":1,"featured_media":32047,"parent":33159,"menu_order":0,"comment_status":"closed","ping_status":"closed","template":"page-blank.php","meta":{"inline_featured_image":false},"_links":{"self":[{"href":"https:\/\/dev.wisdomignite.pt\/itv2\/wp-json\/wp\/v2\/pages\/34338"}],"collection":[{"href":"https:\/\/dev.wisdomignite.pt\/itv2\/wp-json\/wp\/v2\/pages"}],"about":[{"href":"https:\/\/dev.wisdomignite.pt\/itv2\/wp-json\/wp\/v2\/types\/page"}],"author":[{"embeddable":true,"href":"https:\/\/dev.wisdomignite.pt\/itv2\/wp-json\/wp\/v2\/users\/1"}],"replies":[{"embeddable":true,"href":"https:\/\/dev.wisdomignite.pt\/itv2\/wp-json\/wp\/v2\/comments?post=34338"}],"version-history":[{"count":10,"href":"https:\/\/dev.wisdomignite.pt\/itv2\/wp-json\/wp\/v2\/pages\/34338\/revisions"}],"predecessor-version":[{"id":34412,"href":"https:\/\/dev.wisdomignite.pt\/itv2\/wp-json\/wp\/v2\/pages\/34338\/revisions\/34412"}],"up":[{"embeddable":true,"href":"https:\/\/dev.wisdomignite.pt\/itv2\/wp-json\/wp\/v2\/pages\/33159"}],"wp:featuredmedia":[{"embeddable":true,"href":"https:\/\/dev.wisdomignite.pt\/itv2\/wp-json\/wp\/v2\/media\/32047"}],"wp:attachment":[{"href":"https:\/\/dev.wisdomignite.pt\/itv2\/wp-json\/wp\/v2\/media?parent=34338"}],"curies":[{"name":"wp","href":"https:\/\/api.w.org\/{rel}","templated":true}]}}