{"id":32946,"date":"2022-04-08T18:14:12","date_gmt":"2022-04-08T17:14:12","guid":{"rendered":"https:\/\/dev.wisdomignite.pt\/itv2\/?page_id=32946"},"modified":"2022-11-16T12:25:36","modified_gmt":"2022-11-16T12:25:36","slug":"xd-retail","status":"publish","type":"page","link":"https:\/\/dev.wisdomignite.pt\/itv2\/software-de-gestao-e-faturacao\/xd-software\/xd-retail\/","title":{"rendered":"XD Retail"},"content":{"rendered":"\n\t<section class=\"section\" id=\"section_610316347\">\n\t\t<div class=\"bg section-bg fill bg-fill  bg-loaded\" >\n\n\t\t\t\n\t\t\t\n\t\t\t\n\n\t\t<\/div>\n\n\t\t\n\n\t\t<div class=\"section-content relative\">\n\t\t\t\n\n<div class=\"row\" style=\"max-width:1300px\" id=\"row-1640292821\">\n\n\n\t<div id=\"col-1260182316\" class=\"col small-12 large-12\"  >\n\t\t\t\t<div class=\"col-inner text-center\"  >\n\t\t\t\n\t\t\t\n\n<h2 style=\"margin: 0\">XD Retail<\/h2>\n<h4>Para o Retalho Especializado<\/h4>\n\n\t\t<\/div>\n\t\t\t\t\t<\/div>\n\n\t\n\n<\/div>\n<div class=\"row\" style=\"max-width:1300px\" id=\"row-1378399527\">\n\n\n\t<div id=\"col-1105256262\" class=\"col medium-4 small-6 large-4\"  >\n\t\t\t\t<div class=\"col-inner text-center\"  >\n\t\t\t\n\t\t\t\n\n\n\n<img decoding=\"async\" src=\"https:\/\/dev.wisdomignite.pt\/itv2\/wp-content\/uploads\/2022\/04\/XDretail_apresentacao-geral.jpg\" \/>\n\n\t<div id=\"gap-1887670751\" class=\"gap-element clearfix\" style=\"display:block; height:auto;\">\n\t\t\n<style>\n#gap-1887670751 {\n  padding-top: 5px;\n}\n<\/style>\n\t<\/div>\n\t\n\n<h3 style=\"margin: 0\">Apresenta\u00e7\u00e3o Geral<\/h3>\n<p>De uma forma simples e intuitiva consegue aceder as v\u00e1rias op\u00e7\u00f5es dispon\u00edveis no XD Retail.<\/p>\n\n\t\t<\/div>\n\t\t\t\t\t<\/div>\n\n\t\n\n\t<div id=\"col-1166823725\" class=\"col medium-4 small-6 large-4\"  >\n\t\t\t\t<div class=\"col-inner text-center\"  >\n\t\t\t\n\t\t\t\n\n\n\n<img decoding=\"async\" src=\"https:\/\/dev.wisdomignite.pt\/itv2\/wp-content\/uploads\/2022\/04\/XDretail_apresentacao-geral-opcoes.jpg\" \/>\n\n\t<div id=\"gap-998975646\" class=\"gap-element clearfix\" style=\"display:block; height:auto;\">\n\t\t\n<style>\n#gap-998975646 {\n  padding-top: 5px;\n}\n<\/style>\n\t<\/div>\n\t\n\n<h3 style=\"margin: 0;\">Apresenta\u00e7\u00e3o Geral Op\u00e7\u00f5es<\/h3>\n<p>Permite o utilizador aceder a op\u00e7\u00f5es extras na aplica\u00e7\u00e3o ex: (emitir recibo, editar ou eliminar documento e abrir backoffice).<\/p>\n\n\t\t<\/div>\n\t\t\t\t\t<\/div>\n\n\t\n\n\t<div id=\"col-1291730939\" class=\"col medium-4 small-6 large-4\"  >\n\t\t\t\t<div class=\"col-inner text-center\"  >\n\t\t\t\n\t\t\t\n\n\n\n<img decoding=\"async\" src=\"https:\/\/dev.wisdomignite.pt\/itv2\/wp-content\/uploads\/2022\/04\/XDretail_multipagamento.jpg\" \/>\n\n\t<div id=\"gap-1384921364\" class=\"gap-element clearfix\" style=\"display:block; height:auto;\">\n\t\t\n<style>\n#gap-1384921364 {\n  padding-top: 5px;\n}\n<\/style>\n\t<\/div>\n\t\n\n<h3 style=\"margin: 0\">Multipagamento<\/h3>\n<p>Ecr\u00e3 de pagamento totalmente intuitivo e simplificado<\/p>\n\n\t\t<\/div>\n\t\t\t\t\t<\/div>\n\n\t\n\n\t<div id=\"col-1162721665\" class=\"col medium-4 small-6 large-4\"  >\n\t\t\t\t<div class=\"col-inner text-center\"  >\n\t\t\t\n\t\t\t\n\n\n\n<img decoding=\"async\" src=\"https:\/\/dev.wisdomignite.pt\/itv2\/wp-content\/uploads\/2022\/04\/XDretail_configuracao-dispositivos.jpg\" \/>\n\n\t<div id=\"gap-1695372906\" class=\"gap-element clearfix\" style=\"display:block; height:auto;\">\n\t\t\n<style>\n#gap-1695372906 {\n  padding-top: 5px;\n}\n<\/style>\n\t<\/div>\n\t\n\n<h3 style=\"margin: 0\">Configura\u00e7\u00e3o de Dispositivos<\/h3>\n<p>Compat\u00edvel com v\u00e1rios dispositivos: impressoras de tal\u00f5es e A4, gavetas, visores de cliente e balan\u00e7as.<\/p>\n\n\t\t<\/div>\n\t\t\t\t\t<\/div>\n\n\t\n\n\t<div id=\"col-1274610146\" class=\"col medium-4 small-6 large-4\"  >\n\t\t\t\t<div class=\"col-inner text-center\"  >\n\t\t\t\n\t\t\t\n\n\n\n<img decoding=\"async\" src=\"https:\/\/dev.wisdomignite.pt\/itv2\/wp-content\/uploads\/2022\/04\/XDretail_opcoes-impressao.jpg\" \/>\n\n\t<div id=\"gap-1665679660\" class=\"gap-element clearfix\" style=\"display:block; height:auto;\">\n\t\t\n<style>\n#gap-1665679660 {\n  padding-top: 5px;\n}\n<\/style>\n\t<\/div>\n\t\n\n<h3 style=\"margin: 0\">Op\u00e7\u00f5es de Impress\u00e3o<\/h3>\n<p>Possibilidade de escolher o formato de impress\u00e3o de documento por exemplo A4, A5 ou em tal\u00e3o.<\/p>\n\n\t\t<\/div>\n\t\t\t\t\t<\/div>\n\n\t\n\n\t<div id=\"col-1486433406\" class=\"col medium-4 small-6 large-4\"  >\n\t\t\t\t<div class=\"col-inner text-center\"  >\n\t\t\t\n\t\t\t\n\n\n\n<img decoding=\"async\" src=\"https:\/\/dev.wisdomignite.pt\/itv2\/wp-content\/uploads\/2022\/04\/XDretail_Balanca-Ruby-Maxima.jpg\" \/>\n\n\t<div id=\"gap-2130392656\" class=\"gap-element clearfix\" style=\"display:block; height:auto;\">\n\t\t\n<style>\n#gap-2130392656 {\n  padding-top: 5px;\n}\n<\/style>\n\t<\/div>\n\t\n\n<h3 style=\"margin: 0;\">Balan\u00e7a grande porte<\/h3>\n<p>Configura\u00e7\u00e3o Avan\u00e7ada de balan\u00e7as Ruby Maxima, permite gerir v\u00e1rias pesagens em simult\u00e2neo e fazer envio de artigos da XD Retail para as balan\u00e7as, separados por sec\u00e7\u00e3o.<\/p>\n\n\t\t<\/div>\n\t\t\t\t\t<\/div>\n\n\t\n\n\t<div id=\"col-400283466\" class=\"col medium-4 small-6 large-4\"  >\n\t\t\t\t<div class=\"col-inner text-center\"  >\n\t\t\t\n\t\t\t\n\n\n\n<img decoding=\"async\" src=\"https:\/\/dev.wisdomignite.pt\/itv2\/wp-content\/uploads\/2022\/04\/XDretail_taloes-de-oferta.jpg\" \/>\n\n\t<div id=\"gap-1512771811\" class=\"gap-element clearfix\" style=\"display:block; height:auto;\">\n\t\t\n<style>\n#gap-1512771811 {\n  padding-top: 5px;\n}\n<\/style>\n\t<\/div>\n\t\n\n<h3 style=\"margin: 0\">Tal\u00f5es de oferta<\/h3>\n<p>Poder\u00e1 facilmente imprimir v\u00e1rios tal\u00f5es de oferta detalhando os artigos para cada um individualmente.<\/p>\n\n\t\t<\/div>\n\t\t\t\t\t<\/div>\n\n\t\n\n\t<div id=\"col-721369578\" class=\"col medium-4 small-6 large-4\"  >\n\t\t\t\t<div class=\"col-inner text-center\"  >\n\t\t\t\n\t\t\t\n\n\n\n<img decoding=\"async\" src=\"https:\/\/dev.wisdomignite.pt\/itv2\/wp-content\/uploads\/2022\/04\/XDretail_teclas-de-atalho.jpg\" \/>\n\n\t<div id=\"gap-1676869854\" class=\"gap-element clearfix\" style=\"display:block; height:auto;\">\n\t\t\n<style>\n#gap-1676869854 {\n  padding-top: 5px;\n}\n<\/style>\n\t<\/div>\n\t\n\n<h3 style=\"margin: 0\">Atalhos de Teclas<\/h3>\n<p>Permite de forma simples configurar teclas de atalho para todas as fun\u00e7\u00f5es dispon\u00edveis.<\/p>\n\n\t\t<\/div>\n\t\t\t\t\t<\/div>\n\n\t\n\n\t<div id=\"col-1281960908\" class=\"col medium-4 small-6 large-4\"  >\n\t\t\t\t<div class=\"col-inner text-center\"  >\n\t\t\t\n\t\t\t\n\n\n\n<img decoding=\"async\" src=\"https:\/\/dev.wisdomignite.pt\/itv2\/wp-content\/uploads\/2022\/04\/XDretail_conversao-documentos.jpg\" \/>\n\n\t<div id=\"gap-1876508574\" class=\"gap-element clearfix\" style=\"display:block; height:auto;\">\n\t\t\n<style>\n#gap-1876508574 {\n  padding-top: 5px;\n}\n<\/style>\n\t<\/div>\n\t\n\n<h3 style=\"margin: 0;\">Convers\u00e3o de Documentos<\/h3>\n<p>Facilmente o utilizador consegue de uma forma intuitiva converter qualquer documento, ex: converter um pedido de or\u00e7amento em fatura.<\/p>\n\n\t\t<\/div>\n\t\t\t\t\t<\/div>\n\n\t\n\n\t<div id=\"col-299288480\" class=\"col medium-4 small-6 large-4\"  >\n\t\t\t\t<div class=\"col-inner text-center\"  >\n\t\t\t\n\t\t\t\n\n\n\n<img decoding=\"async\" src=\"https:\/\/dev.wisdomignite.pt\/itv2\/wp-content\/uploads\/2022\/04\/XDretail_detalhes-documento.jpg\" \/>\n\n\t<div id=\"gap-1960813052\" class=\"gap-element clearfix\" style=\"display:block; height:auto;\">\n\t\t\n<style>\n#gap-1960813052 {\n  padding-top: 5px;\n}\n<\/style>\n\t<\/div>\n\t\n\n<h3 style=\"margin: 0\">Detalhes de Documentos<\/h3>\n<p>A qualquer momento pode consultar detalhes de documentos, como por exemplo total de descontos aplicados, data de vencimento e detalhes de carga e descarga.<\/p>\n\n\t\t<\/div>\n\t\t\t\t\t<\/div>\n\n\t\n\n\t<div id=\"col-2028311581\" class=\"col medium-4 small-6 large-4\"  >\n\t\t\t\t<div class=\"col-inner text-center\"  >\n\t\t\t\n\t\t\t\n\n\n\n<img decoding=\"async\" src=\"https:\/\/dev.wisdomignite.pt\/itv2\/wp-content\/uploads\/2022\/04\/XDretail_referencia-documentos.jpg\" \/>\n\n\t<div id=\"gap-1820206607\" class=\"gap-element clearfix\" style=\"display:block; height:auto;\">\n\t\t\n<style>\n#gap-1820206607 {\n  padding-top: 5px;\n}\n<\/style>\n\t<\/div>\n\t\n\n<h3 style=\"margin: 0;\">Refer\u00eancia de Documentos<\/h3>\n<p>Facilidade de referenciar documentos, ex: lan\u00e7amento de notas de cr\u00e9dito referentes a faturas.<\/p>\n\n\t\t<\/div>\n\t\t\t\t\t<\/div>\n\n\t\n\n\t<div id=\"col-1184821312\" class=\"col medium-4 small-6 large-4\"  >\n\t\t\t\t<div class=\"col-inner text-center\"  >\n\t\t\t\n\t\t\t\n\n\n\n<img decoding=\"async\" src=\"https:\/\/dev.wisdomignite.pt\/itv2\/wp-content\/uploads\/2022\/04\/XDretail_Desenho-Fatura-A4.jpg\" \/>\n\n\t<div id=\"gap-1558126751\" class=\"gap-element clearfix\" style=\"display:block; height:auto;\">\n\t\t\n<style>\n#gap-1558126751 {\n  padding-top: 5px;\n}\n<\/style>\n\t<\/div>\n\t\n\n<h3 style=\"margin: 0\">Desenho fatura tal\u00e3o e A4<\/h3>\n<p>Compat\u00edveis com impressoras t\u00e9rmicas ou matriciais, podendo adicionar o logotipo da empresa nos diversos formatos de impress\u00e3o.<\/p>\n\n\t\t<\/div>\n\t\t\t\t\t<\/div>\n\n\t\n\n<\/div>\n\n\t\t<\/div>\n\n\t\t\n<style>\n#section_610316347 {\n  padding-top: 30px;\n  padding-bottom: 30px;\n}\n#section_610316347 .ux-shape-divider--top svg {\n  height: 150px;\n  --divider-top-width: 100%;\n}\n#section_610316347 .ux-shape-divider--bottom svg {\n  height: 150px;\n  --divider-width: 100%;\n}\n<\/style>\n\t<\/section>\n\t\n<div class=\"is-divider divider clearfix\" style=\"max-width:100%;background-color:rgb(10, 33, 59);\"><\/div>\n\n\t<section class=\"section\" id=\"section_364028704\">\n\t\t<div class=\"bg section-bg fill bg-fill  bg-loaded\" >\n\n\t\t\t\n\t\t\t\n\t\t\t\n\n\t\t<\/div>\n\n\t\t\n\n\t\t<div class=\"section-content relative\">\n\t\t\t\n\n<div class=\"row\" style=\"max-width:1300px\" id=\"row-296401553\">\n\n\n\t<div id=\"col-631854845\" class=\"col medium-7 small-12 large-7\"  >\n\t\t\t\t<div class=\"col-inner\"  >\n\t\t\t\n\t\t\t\n\n\t<div class=\"img has-hover x md-x lg-x y md-y lg-y\" id=\"image_991641012\">\n\t\t\t\t\t\t\t\t<div class=\"img-inner dark\" >\n\t\t\t<img width=\"1020\" height=\"258\" src=\"https:\/\/dev.wisdomignite.pt\/itv2\/wp-content\/uploads\/2022\/04\/xd-sat-REde-de-lojas-em-modo-cloud-big.jpg\" class=\"attachment-large size-large\" alt=\"\" decoding=\"async\" loading=\"lazy\" srcset=\"https:\/\/dev.wisdomignite.pt\/itv2\/wp-content\/uploads\/2022\/04\/xd-sat-REde-de-lojas-em-modo-cloud-big.jpg 1188w, https:\/\/dev.wisdomignite.pt\/itv2\/wp-content\/uploads\/2022\/04\/xd-sat-REde-de-lojas-em-modo-cloud-big-800x202.jpg 800w, https:\/\/dev.wisdomignite.pt\/itv2\/wp-content\/uploads\/2022\/04\/xd-sat-REde-de-lojas-em-modo-cloud-big-768x194.jpg 768w, https:\/\/dev.wisdomignite.pt\/itv2\/wp-content\/uploads\/2022\/04\/xd-sat-REde-de-lojas-em-modo-cloud-big-510x129.jpg 510w\" sizes=\"(max-width: 1020px) 100vw, 1020px\" \/>\t\t\t\t\t\t\n\t\t\t\t\t<\/div>\n\t\t\t\t\t\t\t\t\n<style>\n#image_991641012 {\n  width: 100%;\n}\n<\/style>\n\t<\/div>\n\t\n\n\n\t\t<\/div>\n\t\t\t\t\t<\/div>\n\n\t\n\n\t<div id=\"col-1926536914\" class=\"col medium-5 small-12 large-5\"  >\n\t\t\t\t<div class=\"col-inner\"  >\n\t\t\t\n\t\t\t\n\n<h3>Rede de lojas em modo cloud<\/h3>\n<p>Funciona em modo local ou na Cloud. Permite efetuar ordens de servi\u00e7os em s\u00e9ries distintas, podendo configurar uma s\u00e9rie por loja.<\/p>\n\n\t\t<\/div>\n\t\t\t\t\t<\/div>\n\n\t\n\n<\/div>\n<div class=\"row\" style=\"max-width:1300px\" id=\"row-44640581\">\n\n\n\t<div id=\"col-1546565139\" class=\"col small-12 large-12\"  >\n\t\t\t\t<div class=\"col-inner text-center\"  >\n\t\t\t\n\t\t\t\n\n\n\n<a href=\"https:\/\/www.youtube.com\/watch?v=0gHW0bxi9cw\" target=\"_blank\" rel=\"noopener\"><img decoding=\"async\" src=\"https:\/\/dev.wisdomignite.pt\/itv2\/wp-content\/uploads\/2022\/04\/xd-retail-demo.jpg\" ><\/a>\n\n\n\t\t<\/div>\n\t\t\t\t\t<\/div>\n\n\t\n\n<\/div>\n\n\t\t<\/div>\n\n\t\t\n<style>\n#section_364028704 {\n  padding-top: 30px;\n  padding-bottom: 30px;\n}\n#section_364028704 .ux-shape-divider--top svg {\n  height: 150px;\n  --divider-top-width: 100%;\n}\n#section_364028704 .ux-shape-divider--bottom svg {\n  height: 150px;\n  --divider-width: 100%;\n}\n<\/style>\n\t<\/section>\n\t\n\t<section class=\"section dark\" id=\"section_298327783\">\n\t\t<div class=\"bg section-bg fill bg-fill  bg-loaded\" >\n\n\t\t\t\n\t\t\t\n\t\t\t\n\n\t\t<\/div>\n\n\t\t\t<div class=\"ux-shape-divider ux-shape-divider--top ux-shape-divider--style-waves-opacity-2\">\n\t\t<svg viewBox=\"0 0 1000 300\" xmlns=\"http:\/\/www.w3.org\/2000\/svg\" preserveAspectRatio=\"none\">\n  <path class=\"ux-shape-fill\" opacity=\"0.15\" d=\"M0 299L-2 19.9998C153 -16.0002 308 155 413 184C515.64 212.35 562 152 645 153C725 154 787 206 874 233C939.54 253.34 975 248 1000 244.61V299H0Z\"\/>\n  <path class=\"ux-shape-fill\" opacity=\"0.3\" d=\"M0 300L-2 34C155 -9.00003 300 178 403 212C504.11 245.38 562 165 645 166C725 167 790.09 220.07 874 253C939.21 278.59 978.07 269.72 1000 263.61V300H0Z\"\/>\n  <path class=\"ux-shape-fill\" d=\"M0 300L-1 69.7099C216 56.9999 299.47 198.86 403 226C506 253 577 196 660 197C740 198 790.09 234.07 874 267C935.23 291 982 282.61 1000 277.61V300H0Z\"\/>\n<\/svg>\n\t<\/div>\n\n\t<div class=\"ux-shape-divider ux-shape-divider--bottom ux-shape-divider--style-waves\">\n\t\t<svg viewBox=\"0 0 1200 120\" xmlns=\"http:\/\/www.w3.org\/2000\/svg\" preserveAspectRatio=\"none\">\n  <path class=\"ux-shape-fill\" d=\"M321.39 63.56c58 10.79 114.16 30.13 172 41.86 82.39 16.72 168.19 17.73 250.45.39C823.78 89 906.67 48 985.66 27.17c70.05-18.48 146.53-26.09 214.34-3V120H0V92.65a600.21 600.21 0 01321.39-29.09z\"\/>\n<\/svg>\n\t<\/div>\n\n\t\t<div class=\"section-content relative\">\n\t\t\t\n\n<div class=\"row align-middle\"  id=\"row-1155843647\">\n\n\n\n\n\t<div id=\"col-2133045586\" class=\"col small-12 large-12\"  >\n\t\t\t\t<div class=\"col-inner\"  >\n\t\t\t\n\t\t\t\n\n\t<div id=\"text-1956306840\" class=\"text\">\n\t\t\n\n<h2>O novo patamar na evolu\u00e7\u00e3o do software de gest\u00e3o<\/h2>\n\t\t\n<style>\n#text-1956306840 {\n  font-size: 1.3rem;\n  text-align: center;\n}\n<\/style>\n\t<\/div>\n\t\n\t<div id=\"gap-1641560798\" class=\"gap-element clearfix\" style=\"display:block; height:auto;\">\n\t\t\n<style>\n#gap-1641560798 {\n  padding-top: 15px;\n}\n<\/style>\n\t<\/div>\n\t\n\n<div class=\"row align-center\"  id=\"row-1214630930\">\n\n\n\t<div id=\"col-1360317033\" class=\"col medium-6 small-12 large-6\"  >\n\t\t\t\t<div class=\"col-inner\"  >\n\t\t\t\n\t\t\t\n\n<div class=\"row\"  id=\"row-552967510\">\n\n\n\t<div id=\"col-1748102313\" class=\"col small-12 large-12\"  >\n\t\t\t\t<div class=\"col-inner\"  >\n\t\t\t\n\t\t\t\n\n\n\t\t<div class=\"icon-box featured-box custom-icon-size-sm icon-box-top text-left\"  style=\"margin:0px 0px 20px 0px;\">\n\t\t\t\t\t<div class=\"icon-box-img\" style=\"width: 60px\">\n\t\t\t\t<div class=\"icon\">\n\t\t\t\t\t<div class=\"icon-inner\" >\n\t\t\t\t\t\t<svg xmlns=\"http:\/\/www.w3.org\/2000\/svg\" viewBox=\"0 0 384 512\"><!--! Font Awesome Pro 6.1.1 by @fontawesome - https:\/\/fontawesome.com License - https:\/\/fontawesome.com\/license (Commercial License) Copyright 2022 Fonticons, Inc. --><path d=\"M272 192C272 236.2 236.2 272 192 272C147.8 272 112 236.2 112 192C112 147.8 147.8 112 192 112C236.2 112 272 147.8 272 192zM192 240C218.5 240 240 218.5 240 192C240 165.5 218.5 144 192 144C165.5 144 144 165.5 144 192C144 218.5 165.5 240 192 240zM384 192C384 279.4 267 435 215.7 499.2C203.4 514.5 180.6 514.5 168.3 499.2C116.1 435 0 279.4 0 192C0 85.96 85.96 0 192 0C298 0 384 85.96 384 192H384zM192 32C103.6 32 32 103.6 32 192C32 207.6 37.43 229 48.56 255.4C59.47 281.3 74.8 309.4 92.14 337.5C126.2 392.8 166.6 445.7 192 477.6C217.4 445.7 257.8 392.8 291.9 337.5C309.2 309.4 324.5 281.3 335.4 255.4C346.6 229 352 207.6 352 192C352 103.6 280.4 32 192 32z\"\/><\/svg>\t\t\t\t\t<\/div>\n\t\t\t\t<\/div>\n\t\t\t<\/div>\n\t\t\t\t<div class=\"icon-box-text last-reset\">\n\t\t\t\t\t\t\t\t\t\n\n<h3 class=\"uppercase\">Morada<\/h3>\n<p>Avenida Fern\u00e3o de Magalh\u00e3es, 3548<br \/>\n1\u00b0 andar, Loja 13<br \/>4350-163 Porto<\/p>\n\n\t\t<\/div>\n\t<\/div>\n\t\n\t\n\n\t\t<div class=\"icon-box featured-box custom-icon-size-sm icon-box-top text-left\"  style=\"margin:0px 0px 20px 0px;\">\n\t\t\t\t\t<div class=\"icon-box-img\" style=\"width: 60px\">\n\t\t\t\t<div class=\"icon\">\n\t\t\t\t\t<div class=\"icon-inner\" >\n\t\t\t\t\t\t<svg xmlns=\"http:\/\/www.w3.org\/2000\/svg\" viewBox=\"0 0 512 512\"><!--! Font Awesome Pro 6.1.1 by @fontawesome - https:\/\/fontawesome.com License - https:\/\/fontawesome.com\/license (Commercial License) Copyright 2022 Fonticons, Inc. --><path d=\"M484.6 330.6C484.6 330.6 484.6 330.6 484.6 330.6l-101.8-43.66c-18.5-7.688-40.2-2.375-52.75 13.08l-33.14 40.47C244.2 311.8 200.3 267.9 171.6 215.2l40.52-33.19c15.67-12.92 20.83-34.16 12.84-52.84L181.4 27.37C172.7 7.279 150.8-3.737 129.6 1.154L35.17 23.06C14.47 27.78 0 45.9 0 67.12C0 312.4 199.6 512 444.9 512c21.23 0 39.41-14.44 44.17-35.13l21.8-94.47C515.7 361.1 504.7 339.3 484.6 330.6zM457.9 469.7c-1.375 5.969-6.844 10.31-12.98 10.31c-227.7 0-412.9-185.2-412.9-412.9c0-6.188 4.234-11.48 10.34-12.88l94.41-21.91c1-.2344 2-.3438 2.984-.3438c5.234 0 10.11 3.094 12.25 8.031l43.58 101.7C197.9 147.2 196.4 153.5 191.8 157.3L141.3 198.7C135.6 203.4 133.8 211.4 137.1 218.1c33.38 67.81 89.11 123.5 156.9 156.9c6.641 3.313 14.73 1.531 19.44-4.219l41.39-50.5c3.703-4.563 10.16-6.063 15.5-3.844l101.6 43.56c5.906 2.563 9.156 8.969 7.719 15.22L457.9 469.7z\"\/><\/svg>\t\t\t\t\t<\/div>\n\t\t\t\t<\/div>\n\t\t\t<\/div>\n\t\t\t\t<div class=\"icon-box-text last-reset\">\n\t\t\t\t\t\t\t\t\t\n\n<h3 class=\"uppercase\">Telefone<\/h3>\n<p>22 409 21 14<\/p>\n\n\t\t<\/div>\n\t<\/div>\n\t\n\t\n\n\t\t<div class=\"icon-box featured-box custom-icon-size-sm icon-box-top text-left\"  >\n\t\t\t\t\t<div class=\"icon-box-img\" style=\"width: 60px\">\n\t\t\t\t<div class=\"icon\">\n\t\t\t\t\t<div class=\"icon-inner\" >\n\t\t\t\t\t\t<svg xmlns=\"http:\/\/www.w3.org\/2000\/svg\" viewBox=\"0 0 512 512\"><!--! Font Awesome Pro 6.1.1 by @fontawesome - https:\/\/fontawesome.com License - https:\/\/fontawesome.com\/license (Commercial License) Copyright 2022 Fonticons, Inc. --><path d=\"M493.6 163c-24.88-19.62-45.5-35.37-164.3-121.6C312.7 29.21 279.7 0 256.4 0H255.6C232.3 0 199.3 29.21 182.6 41.38C63.88 127.6 43.25 143.4 18.38 163C6.75 172 0 186 0 200.8v263.2C0 490.5 21.49 512 48 512h416c26.51 0 48-21.49 48-47.1V200.8C512 186 505.3 172 493.6 163zM480 464c0 8.822-7.178 16-16 16h-416C39.18 480 32 472.8 32 464V200.8c0-4.902 2.23-9.555 6.195-12.63C61.59 169.7 80.71 154.1 201.5 67.21c2.98-2.178 6.451-4.861 10.28-7.826c9.365-7.254 34.18-26.48 44.62-27.37c9.686 .9551 34.44 20.13 43.79 27.37c3.828 2.965 7.299 5.648 10.36 7.887c120.7 87.68 139.8 102.4 163.5 121C477.8 191.2 480 195.8 480 200.8V464zM422.5 259.1l-132.8 97.72c-19.78 14.62-47.64 14.62-67.45 0L89.48 259.1C82.38 253.8 72.33 255.4 67.11 262.5C61.88 269.6 63.41 279.7 70.52 284.9l132.8 97.72C218.7 393.1 236.9 399.1 256 399.1s37.3-6.023 52.7-17.4l132.8-97.72c7.109-5.219 8.641-15.25 3.406-22.34C439.6 255.4 429.7 253.8 422.5 259.1z\"\/><\/svg>\t\t\t\t\t<\/div>\n\t\t\t\t<\/div>\n\t\t\t<\/div>\n\t\t\t\t<div class=\"icon-box-text last-reset\">\n\t\t\t\t\t\t\t\t\t\n\n<h3 class=\"uppercase\">Email<\/h3>\n<p>info@wisdomit.pt<\/p>\n\n\t\t<\/div>\n\t<\/div>\n\t\n\t\n\n\t\t<\/div>\n\t\t\t\t\t<\/div>\n\n\t\n\n<\/div>\n\n\t\t<\/div>\n\t\t\t\t\t<\/div>\n\n\t\n\n\t<div id=\"col-1216380524\" class=\"col medium-6 small-12 large-6 small-col-first\"  >\n\t\t\t\t<div class=\"col-inner\"  >\n\t\t\t\n\t\t\t\n\n\n<div class=\"wpcf7 no-js\" id=\"wpcf7-f32968-o1\" lang=\"pt-PT\" dir=\"ltr\">\n<div class=\"screen-reader-response\"><p role=\"status\" aria-live=\"polite\" aria-atomic=\"true\"><\/p> <ul><\/ul><\/div>\n<form action=\"\/itv2\/wp-json\/wp\/v2\/pages\/32946#wpcf7-f32968-o1\" method=\"post\" class=\"wpcf7-form init\" aria-label=\"Contact form\" novalidate=\"novalidate\" data-status=\"init\">\n<div style=\"display: none;\">\n<input type=\"hidden\" name=\"_wpcf7\" value=\"32968\" \/>\n<input type=\"hidden\" name=\"_wpcf7_version\" value=\"5.7.5.1\" \/>\n<input type=\"hidden\" name=\"_wpcf7_locale\" value=\"pt_PT\" \/>\n<input type=\"hidden\" name=\"_wpcf7_unit_tag\" value=\"wpcf7-f32968-o1\" \/>\n<input type=\"hidden\" name=\"_wpcf7_container_post\" value=\"0\" \/>\n<input type=\"hidden\" name=\"_wpcf7_posted_data_hash\" value=\"\" \/>\n<input type=\"hidden\" name=\"_wpcf7_recaptcha_response\" value=\"\" \/>\n<\/div>\n<p><label> Nome <span style=\"color: red\">*<\/span><br \/>\n<span class=\"wpcf7-form-control-wrap\" data-name=\"nome\"><input size=\"40\" class=\"wpcf7-form-control wpcf7-text wpcf7-validates-as-required\" aria-required=\"true\" aria-invalid=\"false\" value=\"\" type=\"text\" name=\"nome\" \/><\/span> <\/label>\n<\/p>\n<p><label> Email <span style=\"color: red\">*<\/span><br \/>\n<span class=\"wpcf7-form-control-wrap\" data-name=\"email\"><input size=\"40\" class=\"wpcf7-form-control wpcf7-text wpcf7-email wpcf7-validates-as-required wpcf7-validates-as-email\" aria-required=\"true\" aria-invalid=\"false\" value=\"\" type=\"email\" name=\"email\" \/><\/span> <\/label>\n<\/p>\n<p><label> Empresa <span style=\"color: red\">*<\/span><br \/>\n<span class=\"wpcf7-form-control-wrap\" data-name=\"empresa\"><input size=\"40\" class=\"wpcf7-form-control wpcf7-text wpcf7-validates-as-required\" aria-required=\"true\" aria-invalid=\"false\" value=\"\" type=\"text\" name=\"empresa\" \/><\/span> <\/label>\n<\/p>\n<p><label> N\u00ba Telem\u00f3vel <span style=\"color: red\">*<\/span><br \/>\n<span class=\"wpcf7-form-control-wrap\" data-name=\"telemovel\"><input size=\"40\" class=\"wpcf7-form-control wpcf7-text wpcf7-tel wpcf7-validates-as-required wpcf7-validates-as-tel\" aria-required=\"true\" aria-invalid=\"false\" value=\"\" type=\"tel\" name=\"telemovel\" \/><\/span> <\/label>\n<\/p>\n<p><label> Mensagem (opcional)<br \/>\n<span class=\"wpcf7-form-control-wrap\" data-name=\"mensagem\"><textarea cols=\"40\" rows=\"10\" class=\"wpcf7-form-control wpcf7-textarea\" aria-invalid=\"false\" name=\"mensagem\"><\/textarea><\/span> <\/label>\n<\/p>\n<p><input class=\"wpcf7-form-control has-spinner wpcf7-submit button-cta-form\" type=\"submit\" value=\"Enviar\" \/>\n<\/p><p style=\"display: none !important;\"><label>&#916;<textarea name=\"_wpcf7_ak_hp_textarea\" cols=\"45\" rows=\"8\" maxlength=\"100\"><\/textarea><\/label><input type=\"hidden\" id=\"ak_js_1\" name=\"_wpcf7_ak_js\" value=\"82\"\/><script>document.getElementById( \"ak_js_1\" ).setAttribute( \"value\", ( new Date() ).getTime() );<\/script><\/p><div class=\"wpcf7-response-output\" aria-hidden=\"true\"><\/div>\n<\/form>\n<\/div>\n\n\n\n\t\t<\/div>\n\t\t\t\t\t<\/div>\n\n\t\n\n<\/div>\n\n\t\t<\/div>\n\t\t\t\t\t<\/div>\n\n\t\n\n<\/div>\n\n\t\t<\/div>\n\n\t\t\n<style>\n#section_298327783 {\n  padding-top: 30px;\n  padding-bottom: 30px;\n  background-color: rgb(10, 33, 59);\n}\n#section_298327783 .ux-shape-divider--top svg {\n  height: 35px;\n  --divider-top-width: 100%;\n}\n#section_298327783 .ux-shape-divider--bottom svg {\n  height: 10px;\n  --divider-width: 100%;\n}\n<\/style>\n\t<\/section>\n\t\n\n\n","protected":false},"excerpt":{"rendered":"","protected":false},"author":1,"featured_media":32047,"parent":32583,"menu_order":0,"comment_status":"closed","ping_status":"closed","template":"page-blank.php","meta":{"inline_featured_image":false},"_links":{"self":[{"href":"https:\/\/dev.wisdomignite.pt\/itv2\/wp-json\/wp\/v2\/pages\/32946"}],"collection":[{"href":"https:\/\/dev.wisdomignite.pt\/itv2\/wp-json\/wp\/v2\/pages"}],"about":[{"href":"https:\/\/dev.wisdomignite.pt\/itv2\/wp-json\/wp\/v2\/types\/page"}],"author":[{"embeddable":true,"href":"https:\/\/dev.wisdomignite.pt\/itv2\/wp-json\/wp\/v2\/users\/1"}],"replies":[{"embeddable":true,"href":"https:\/\/dev.wisdomignite.pt\/itv2\/wp-json\/wp\/v2\/comments?post=32946"}],"version-history":[{"count":14,"href":"https:\/\/dev.wisdomignite.pt\/itv2\/wp-json\/wp\/v2\/pages\/32946\/revisions"}],"predecessor-version":[{"id":34624,"href":"https:\/\/dev.wisdomignite.pt\/itv2\/wp-json\/wp\/v2\/pages\/32946\/revisions\/34624"}],"up":[{"embeddable":true,"href":"https:\/\/dev.wisdomignite.pt\/itv2\/wp-json\/wp\/v2\/pages\/32583"}],"wp:featuredmedia":[{"embeddable":true,"href":"https:\/\/dev.wisdomignite.pt\/itv2\/wp-json\/wp\/v2\/media\/32047"}],"wp:attachment":[{"href":"https:\/\/dev.wisdomignite.pt\/itv2\/wp-json\/wp\/v2\/media?parent=32946"}],"curies":[{"name":"wp","href":"https:\/\/api.w.org\/{rel}","templated":true}]}}