{"id":32908,"date":"2022-04-07T12:17:50","date_gmt":"2022-04-07T11:17:50","guid":{"rendered":"https:\/\/dev.wisdomignite.pt\/itv2\/?page_id=32908"},"modified":"2022-11-16T12:29:19","modified_gmt":"2022-11-16T12:29:19","slug":"xd-spa","status":"publish","type":"page","link":"https:\/\/dev.wisdomignite.pt\/itv2\/software-de-gestao-e-faturacao\/xd-software\/xd-spa\/","title":{"rendered":"XD SPA"},"content":{"rendered":"\n\t<section class=\"section\" id=\"section_763658081\">\n\t\t<div class=\"bg section-bg fill bg-fill  bg-loaded\" >\n\n\t\t\t\n\t\t\t\n\t\t\t\n\n\t\t<\/div>\n\n\t\t\n\n\t\t<div class=\"section-content relative\">\n\t\t\t\n\n<div class=\"row\" style=\"max-width:1300px\" id=\"row-823628373\">\n\n\n\t<div id=\"col-1379303275\" class=\"col small-12 large-12\"  >\n\t\t\t\t<div class=\"col-inner text-center\"  >\n\t\t\t\n\t\t\t\n\n<h2 style=\"margin: 0\">XD SPA<\/h2>\n<h4>Institutos de Beleza, SPA&#8217;s ou Cabeleireiro<\/h4>\n\n\t\t<\/div>\n\t\t\t\t\t<\/div>\n\n\t\n\n<\/div>\n<div class=\"row\" style=\"max-width:1300px\" id=\"row-1445763467\">\n\n\n\t<div id=\"col-634222419\" class=\"col medium-6 small-6 large-6\"  >\n\t\t\t\t<div class=\"col-inner text-center\"  >\n\t\t\t\n\t\t\t\n\n\n\n<img decoding=\"async\" src=\"https:\/\/dev.wisdomignite.pt\/itv2\/wp-content\/uploads\/2022\/04\/1_new_5.png\" style=\"max-height: 400px\" \/>\n\n\t<div id=\"gap-1075137299\" class=\"gap-element clearfix\" style=\"display:block; height:auto;\">\n\t\t\n<style>\n#gap-1075137299 {\n  padding-top: 5px;\n}\n<\/style>\n\t<\/div>\n\t\n\n\n\t\t<\/div>\n\t\t\t\t\t<\/div>\n\n\t\n\n\t<div id=\"col-1607035927\" class=\"col medium-6 small-6 large-6\"  >\n\t\t\t\t<div class=\"col-inner text-left\"  >\n\t\t\t\n\t\t\t\n\n\t<div id=\"gap-836088003\" class=\"gap-element clearfix\" style=\"display:block; height:auto;\">\n\t\t\n<style>\n#gap-836088003 {\n  padding-top: 5px;\n}\n<\/style>\n\t<\/div>\n\t\n\n\t<div id=\"text-2964907663\" class=\"text\">\n\t\t\n\n<h3 style=\"margin: 0;\">Rapidez, Flexibilidade e Facilidade de Utiliza\u00e7\u00e3o<\/h3>\n<h5>A solu\u00e7\u00e3o mais completa do mercado para gerir o seu Instituto de Beleza, SPA ou Cabeleireiro<\/h5>\n<p>XD SPA foi desenvolvido especialmente para as necessidades dos Sal\u00f5es de beleza e SPA. \u00c9 uma vers\u00e3o completa de baixo custo com funcionalidades indispens\u00e1veis para a gest\u00e3o do seu neg\u00f3cio.<\/p>\n<p>Organize a sua agenda, controle as comiss\u00f5es por funcion\u00e1rios, tenha mais flexibilidade no atendimento e personalize as salas do seu espa\u00e7o em modo real.<\/p>\n\t\t\n<style>\n#text-2964907663 {\n  text-align: left;\n}\n<\/style>\n\t<\/div>\n\t\n\n\t\t<\/div>\n\t\t\t\t\t<\/div>\n\n\t\n\n<\/div>\n<div class=\"row\" style=\"max-width:1300px\" id=\"row-1649468410\">\n\n\n\t<div id=\"col-2004837896\" class=\"col medium-3 small-6 large-3\"  >\n\t\t\t\t<div class=\"col-inner text-center\"  >\n\t\t\t\n\t\t\t\n\n\n\n<img decoding=\"async\" src=\"https:\/\/dev.wisdomignite.pt\/itv2\/wp-content\/uploads\/2022\/04\/spa-04-3.gif\" style=\"max-height: 200px\" \/>\n\n\t<div id=\"text-3721496485\" class=\"text\">\n\t\t\n\n<h3 style=\"margin: 0;\">Desenho de salas configur\u00e1vel<\/h3>\n<p>Permite criar e configurar salas com mesas e objetos realistas, permitindo definir IVA e pre\u00e7os diferentes por zonas.<\/p>\n\t\t\n<style>\n#text-3721496485 {\n  text-align: center;\n}\n<\/style>\n\t<\/div>\n\t\n\t<div id=\"gap-474361789\" class=\"gap-element clearfix\" style=\"display:block; height:auto;\">\n\t\t\n<style>\n#gap-474361789 {\n  padding-top: 5px;\n}\n<\/style>\n\t<\/div>\n\t\n\n\n\t\t<\/div>\n\t\t\t\t\t<\/div>\n\n\t\n\n\t<div id=\"col-1731122026\" class=\"col medium-3 small-6 large-3\"  >\n\t\t\t\t<div class=\"col-inner text-center\"  >\n\t\t\t\n\t\t\t\n\n\n\n<img decoding=\"async\" src=\"https:\/\/dev.wisdomignite.pt\/itv2\/wp-content\/uploads\/2022\/04\/pontos-2.jpg\" style=\"max-height: 200px\" \/>\n\n\t<div id=\"text-2519908426\" class=\"text\">\n\t\t\n\n<h3 style=\"margin: 0;\">Sistema Fideliza\u00e7\u00e3o \/ Pontos<\/h3>\n<ul>\n<li>Suporte a cart\u00f5es magn\u00e9ticos.<\/li>\n<li>Defini\u00e7\u00e3o de pontos por produto ou servi\u00e7o.<\/li>\n<li>Conta corrente de pontos<\/li>\n<li>Consulta de pontos na Web.<\/li>\n<\/ul>\n\t\t\n<style>\n#text-2519908426 {\n  text-align: left;\n}\n<\/style>\n\t<\/div>\n\t\n\t<div id=\"gap-513935227\" class=\"gap-element clearfix\" style=\"display:block; height:auto;\">\n\t\t\n<style>\n#gap-513935227 {\n  padding-top: 5px;\n}\n<\/style>\n\t<\/div>\n\t\n\n\n\t\t<\/div>\n\t\t\t\t\t<\/div>\n\n\t\n\n\t<div id=\"col-714736749\" class=\"col medium-3 small-6 large-3\"  >\n\t\t\t\t<div class=\"col-inner text-center\"  >\n\t\t\t\n\t\t\t\n\n\n\n<img decoding=\"async\" src=\"https:\/\/dev.wisdomignite.pt\/itv2\/wp-content\/uploads\/2022\/04\/agenda_spa_1024.jpg\" style=\"max-height: 200px\" \/>\n\n\t<div id=\"text-3836450956\" class=\"text\">\n\t\t\n\n<h3 style=\"margin: 0;\">Agenda de Marca\u00e7\u00e3o<\/h3>\n<ul>\n<li>Agenda coletiva ou individual.<\/li>\n<li>Avisos por SMS\/E-mail para clientes a avisar marca\u00e7\u00f5es.<\/li>\n<\/ul>\n\t\t\n<style>\n#text-3836450956 {\n  text-align: left;\n}\n<\/style>\n\t<\/div>\n\t\n\t<div id=\"gap-1589491181\" class=\"gap-element clearfix\" style=\"display:block; height:auto;\">\n\t\t\n<style>\n#gap-1589491181 {\n  padding-top: 5px;\n}\n<\/style>\n\t<\/div>\n\t\n\n\n\t\t<\/div>\n\t\t\t\t\t<\/div>\n\n\t\n\n\t<div id=\"col-889660135\" class=\"col medium-3 small-6 large-3\"  >\n\t\t\t\t<div class=\"col-inner text-center\"  >\n\t\t\t\n\t\t\t\n\n\n\n<img decoding=\"async\" src=\"https:\/\/dev.wisdomignite.pt\/itv2\/wp-content\/uploads\/2022\/04\/agenda-equipamento.jpg\" style=\"max-height: 200px\" \/>\n\n\t<div id=\"text-682957819\" class=\"text\">\n\t\t\n\n<h3 style=\"margin: 0;\">Reserva de Equipamentos<\/h3>\n<ul>\n<li>Reserva de sol\u00e1rios e outras m\u00e1quinas com liga\u00e7\u00e3o direta \u00e0 agenda.<\/li>\n<\/ul>\n\t\t\n<style>\n#text-682957819 {\n  text-align: left;\n}\n<\/style>\n\t<\/div>\n\t\n\t<div id=\"gap-428372236\" class=\"gap-element clearfix\" style=\"display:block; height:auto;\">\n\t\t\n<style>\n#gap-428372236 {\n  padding-top: 5px;\n}\n<\/style>\n\t<\/div>\n\t\n\n\n\t\t<\/div>\n\t\t\t\t\t<\/div>\n\n\t\n\n\t<div id=\"col-2100021331\" class=\"col medium-3 small-6 large-3\"  >\n\t\t\t\t<div class=\"col-inner text-center\"  >\n\t\t\t\n\t\t\t\n\n\n\n<img decoding=\"async\" src=\"https:\/\/dev.wisdomignite.pt\/itv2\/wp-content\/uploads\/2022\/04\/comissoes.jpg\" style=\"max-height: 200px\" \/>\n\n\t<div id=\"text-2755024048\" class=\"text\">\n\t\t\n\n<h3 style=\"margin: 0;\">Comiss\u00f5es<\/h3>\n<ul>\n<li>Mapas de comiss\u00f5es por produto, fam\u00edlia ou servi\u00e7o<\/li>\n<li>Pagamento de comiss\u00f5es ap\u00f3s recebimento.<\/li>\n<\/ul>\n\t\t\n<style>\n#text-2755024048 {\n  text-align: left;\n}\n<\/style>\n\t<\/div>\n\t\n\t<div id=\"gap-653738284\" class=\"gap-element clearfix\" style=\"display:block; height:auto;\">\n\t\t\n<style>\n#gap-653738284 {\n  padding-top: 5px;\n}\n<\/style>\n\t<\/div>\n\t\n\n\n\t\t<\/div>\n\t\t\t\t\t<\/div>\n\n\t\n\n\t<div id=\"col-1950407973\" class=\"col medium-3 small-6 large-3\"  >\n\t\t\t\t<div class=\"col-inner text-center\"  >\n\t\t\t\n\t\t\t\n\n\n\n<img decoding=\"async\" src=\"https:\/\/dev.wisdomignite.pt\/itv2\/wp-content\/uploads\/2022\/04\/linha-a-linha.jpg\" style=\"max-height: 200px\" \/>\n\n\t<div id=\"text-3821171542\" class=\"text\">\n\t\t\n\n<h3 style=\"margin: 0;\">Vendedor Linha a Linha<\/h3>\n<ul>\n<li>Possibilidade de indicar por servi\u00e7o prestado o vendedor que o executou.<\/li>\n<li>V\u00e1rios vendedores no mesmo tal\u00e3o.<\/li>\n<\/ul>\n\t\t\n<style>\n#text-3821171542 {\n  text-align: left;\n}\n<\/style>\n\t<\/div>\n\t\n\t<div id=\"gap-1455907771\" class=\"gap-element clearfix\" style=\"display:block; height:auto;\">\n\t\t\n<style>\n#gap-1455907771 {\n  padding-top: 5px;\n}\n<\/style>\n\t<\/div>\n\t\n\n\n\t\t<\/div>\n\t\t\t\t\t<\/div>\n\n\t\n\n\t<div id=\"col-1762675499\" class=\"col medium-3 small-6 large-3\"  >\n\t\t\t\t<div class=\"col-inner text-center\"  >\n\t\t\t\n\t\t\t\n\n\n\n<img decoding=\"async\" src=\"https:\/\/dev.wisdomignite.pt\/itv2\/wp-content\/uploads\/2022\/04\/especifico-para-o-sector.jpg\" style=\"max-height: 200px\" \/>\n\n\t<div id=\"text-278019837\" class=\"text\">\n\t\t\n\n<h3 style=\"margin: 0;\">Espec\u00edfico para o Sector<\/h3>\n<ul>\n<li>Ficha de artigos com indica\u00e7\u00e3o de informa\u00e7\u00e3o adicional: indica\u00e7\u00f5es, contra indica\u00e7\u00f5es, instru\u00e7\u00f5es de uso.<\/li>\n<\/ul>\n\t\t\n<style>\n#text-278019837 {\n  text-align: left;\n}\n<\/style>\n\t<\/div>\n\t\n\t<div id=\"gap-511551812\" class=\"gap-element clearfix\" style=\"display:block; height:auto;\">\n\t\t\n<style>\n#gap-511551812 {\n  padding-top: 5px;\n}\n<\/style>\n\t<\/div>\n\t\n\n\n\t\t<\/div>\n\t\t\t\t\t<\/div>\n\n\t\n\n\t<div id=\"col-193181771\" class=\"col medium-3 small-6 large-3\"  >\n\t\t\t\t<div class=\"col-inner text-center\"  >\n\t\t\t\n\t\t\t\n\n\n\n<img decoding=\"async\" src=\"https:\/\/dev.wisdomignite.pt\/itv2\/wp-content\/uploads\/2022\/04\/tlm_xd-spa.jpg\" style=\"max-height: 200px\" \/>\n\n\t<div id=\"text-833875456\" class=\"text\">\n\t\t\n\n<h3 style=\"margin: 0;\">Relat\u00f3rios no seu Telem\u00f3vel<\/h3>\n<ul>\n<li>Relat\u00f3rios diretamente no seu telem\u00f3vel<\/li>\n<\/ul>\n\t\t\n<style>\n#text-833875456 {\n  text-align: left;\n}\n<\/style>\n\t<\/div>\n\t\n\t<div id=\"gap-1533311721\" class=\"gap-element clearfix\" style=\"display:block; height:auto;\">\n\t\t\n<style>\n#gap-1533311721 {\n  padding-top: 5px;\n}\n<\/style>\n\t<\/div>\n\t\n\n\n\t\t<\/div>\n\t\t\t\t\t<\/div>\n\n\t\n\n<\/div>\n<div class=\"row\" style=\"max-width:1300px\" id=\"row-1652567377\">\n\n\n\t<div id=\"col-1833465977\" class=\"col small-12 large-12\"  >\n\t\t\t\t<div class=\"col-inner text-center\"  >\n\t\t\t\n\t\t\t\n\n<h2 style=\"margin: 0\">Galeria de Imagens<\/h2>\n\n\t\t<\/div>\n\t\t\t\t\t<\/div>\n\n\t\n\n<\/div>\n<div class=\"row\"  id=\"row-825257487\">\n\n\n\t<div id=\"col-604069629\" class=\"col medium-3 small-6 large-3\"  >\n\t\t\t\t<div class=\"col-inner\"  >\n\t\t\t\n\t\t\t\n\n\t<div class=\"img has-hover x md-x lg-x y md-y lg-y\" id=\"image_452115449\">\n\t\t<a class=\"image-lightbox lightbox-gallery\" title=\"\" href=\"https:\/\/dev.wisdomignite.pt\/itv2\/wp-content\/uploads\/2022\/04\/1.jpg\">\t\t\t\t\t\t<div class=\"img-inner dark\" >\n\t\t\t<img width=\"978\" height=\"740\" src=\"https:\/\/dev.wisdomignite.pt\/itv2\/wp-content\/uploads\/2022\/04\/1.jpg\" class=\"attachment-large size-large\" alt=\"\" decoding=\"async\" loading=\"lazy\" srcset=\"https:\/\/dev.wisdomignite.pt\/itv2\/wp-content\/uploads\/2022\/04\/1.jpg 978w, https:\/\/dev.wisdomignite.pt\/itv2\/wp-content\/uploads\/2022\/04\/1-529x400.jpg 529w, https:\/\/dev.wisdomignite.pt\/itv2\/wp-content\/uploads\/2022\/04\/1-768x581.jpg 768w, https:\/\/dev.wisdomignite.pt\/itv2\/wp-content\/uploads\/2022\/04\/1-510x386.jpg 510w\" sizes=\"(max-width: 978px) 100vw, 978px\" \/>\t\t\t\t\t\t\n\t\t\t\t\t<\/div>\n\t\t\t\t\t\t<\/a>\t\t\n<style>\n#image_452115449 {\n  width: 100%;\n}\n<\/style>\n\t<\/div>\n\t\n\n\n\t\t<\/div>\n\t\t\t\t\t<\/div>\n\n\t\n\n\t<div id=\"col-488640242\" class=\"col medium-3 small-6 large-3\"  >\n\t\t\t\t<div class=\"col-inner\"  >\n\t\t\t\n\t\t\t\n\n\t<div class=\"img has-hover x md-x lg-x y md-y lg-y\" id=\"image_1398083880\">\n\t\t<a class=\"image-lightbox lightbox-gallery\" title=\"\" href=\"https:\/\/dev.wisdomignite.pt\/itv2\/wp-content\/uploads\/2022\/04\/3.jpg\">\t\t\t\t\t\t<div class=\"img-inner dark\" >\n\t\t\t<img width=\"978\" height=\"740\" src=\"https:\/\/dev.wisdomignite.pt\/itv2\/wp-content\/uploads\/2022\/04\/3.jpg\" class=\"attachment-large size-large\" alt=\"\" decoding=\"async\" loading=\"lazy\" srcset=\"https:\/\/dev.wisdomignite.pt\/itv2\/wp-content\/uploads\/2022\/04\/3.jpg 978w, https:\/\/dev.wisdomignite.pt\/itv2\/wp-content\/uploads\/2022\/04\/3-529x400.jpg 529w, https:\/\/dev.wisdomignite.pt\/itv2\/wp-content\/uploads\/2022\/04\/3-768x581.jpg 768w, https:\/\/dev.wisdomignite.pt\/itv2\/wp-content\/uploads\/2022\/04\/3-510x386.jpg 510w\" sizes=\"(max-width: 978px) 100vw, 978px\" \/>\t\t\t\t\t\t\n\t\t\t\t\t<\/div>\n\t\t\t\t\t\t<\/a>\t\t\n<style>\n#image_1398083880 {\n  width: 100%;\n}\n<\/style>\n\t<\/div>\n\t\n\n\n\t\t<\/div>\n\t\t\t\t\t<\/div>\n\n\t\n\n\t<div id=\"col-1196465288\" class=\"col medium-3 small-6 large-3\"  >\n\t\t\t\t<div class=\"col-inner\"  >\n\t\t\t\n\t\t\t\n\n\t<div class=\"img has-hover x md-x lg-x y md-y lg-y\" id=\"image_1537175674\">\n\t\t<a class=\"image-lightbox lightbox-gallery\" title=\"\" href=\"https:\/\/dev.wisdomignite.pt\/itv2\/wp-content\/uploads\/2022\/04\/2.jpg\">\t\t\t\t\t\t<div class=\"img-inner dark\" >\n\t\t\t<img width=\"978\" height=\"740\" src=\"https:\/\/dev.wisdomignite.pt\/itv2\/wp-content\/uploads\/2022\/04\/2.jpg\" class=\"attachment-large size-large\" alt=\"\" decoding=\"async\" loading=\"lazy\" srcset=\"https:\/\/dev.wisdomignite.pt\/itv2\/wp-content\/uploads\/2022\/04\/2.jpg 978w, https:\/\/dev.wisdomignite.pt\/itv2\/wp-content\/uploads\/2022\/04\/2-529x400.jpg 529w, https:\/\/dev.wisdomignite.pt\/itv2\/wp-content\/uploads\/2022\/04\/2-768x581.jpg 768w, https:\/\/dev.wisdomignite.pt\/itv2\/wp-content\/uploads\/2022\/04\/2-510x386.jpg 510w\" sizes=\"(max-width: 978px) 100vw, 978px\" \/>\t\t\t\t\t\t\n\t\t\t\t\t<\/div>\n\t\t\t\t\t\t<\/a>\t\t\n<style>\n#image_1537175674 {\n  width: 100%;\n}\n<\/style>\n\t<\/div>\n\t\n\n\n\t\t<\/div>\n\t\t\t\t\t<\/div>\n\n\t\n\n\t<div id=\"col-1087981855\" class=\"col medium-3 small-6 large-3\"  >\n\t\t\t\t<div class=\"col-inner\"  >\n\t\t\t\n\t\t\t\n\n\t<div class=\"img has-hover x md-x lg-x y md-y lg-y\" id=\"image_2070543848\">\n\t\t<a class=\"image-lightbox lightbox-gallery\" title=\"\" href=\"https:\/\/dev.wisdomignite.pt\/itv2\/wp-content\/uploads\/2022\/04\/4.jpg\">\t\t\t\t\t\t<div class=\"img-inner dark\" >\n\t\t\t<img width=\"978\" height=\"740\" src=\"https:\/\/dev.wisdomignite.pt\/itv2\/wp-content\/uploads\/2022\/04\/4.jpg\" class=\"attachment-large size-large\" alt=\"\" decoding=\"async\" loading=\"lazy\" srcset=\"https:\/\/dev.wisdomignite.pt\/itv2\/wp-content\/uploads\/2022\/04\/4.jpg 978w, https:\/\/dev.wisdomignite.pt\/itv2\/wp-content\/uploads\/2022\/04\/4-529x400.jpg 529w, https:\/\/dev.wisdomignite.pt\/itv2\/wp-content\/uploads\/2022\/04\/4-768x581.jpg 768w, https:\/\/dev.wisdomignite.pt\/itv2\/wp-content\/uploads\/2022\/04\/4-510x386.jpg 510w\" sizes=\"(max-width: 978px) 100vw, 978px\" \/>\t\t\t\t\t\t\n\t\t\t\t\t<\/div>\n\t\t\t\t\t\t<\/a>\t\t\n<style>\n#image_2070543848 {\n  width: 100%;\n}\n<\/style>\n\t<\/div>\n\t\n\n\n\t\t<\/div>\n\t\t\t\t\t<\/div>\n\n\t\n\n<\/div>\n\n\t\t<\/div>\n\n\t\t\n<style>\n#section_763658081 {\n  padding-top: 30px;\n  padding-bottom: 30px;\n}\n#section_763658081 .ux-shape-divider--top svg {\n  height: 150px;\n  --divider-top-width: 100%;\n}\n#section_763658081 .ux-shape-divider--bottom svg {\n  height: 150px;\n  --divider-width: 100%;\n}\n<\/style>\n\t<\/section>\n\t\n\t<section class=\"section dark\" id=\"section_1209958424\">\n\t\t<div class=\"bg section-bg fill bg-fill  bg-loaded\" >\n\n\t\t\t\n\t\t\t\n\t\t\t\n\n\t\t<\/div>\n\n\t\t\t<div class=\"ux-shape-divider ux-shape-divider--top ux-shape-divider--style-waves-opacity-2\">\n\t\t<svg viewBox=\"0 0 1000 300\" xmlns=\"http:\/\/www.w3.org\/2000\/svg\" preserveAspectRatio=\"none\">\n  <path class=\"ux-shape-fill\" opacity=\"0.15\" d=\"M0 299L-2 19.9998C153 -16.0002 308 155 413 184C515.64 212.35 562 152 645 153C725 154 787 206 874 233C939.54 253.34 975 248 1000 244.61V299H0Z\"\/>\n  <path class=\"ux-shape-fill\" opacity=\"0.3\" d=\"M0 300L-2 34C155 -9.00003 300 178 403 212C504.11 245.38 562 165 645 166C725 167 790.09 220.07 874 253C939.21 278.59 978.07 269.72 1000 263.61V300H0Z\"\/>\n  <path class=\"ux-shape-fill\" d=\"M0 300L-1 69.7099C216 56.9999 299.47 198.86 403 226C506 253 577 196 660 197C740 198 790.09 234.07 874 267C935.23 291 982 282.61 1000 277.61V300H0Z\"\/>\n<\/svg>\n\t<\/div>\n\n\t<div class=\"ux-shape-divider ux-shape-divider--bottom ux-shape-divider--style-waves\">\n\t\t<svg viewBox=\"0 0 1200 120\" xmlns=\"http:\/\/www.w3.org\/2000\/svg\" preserveAspectRatio=\"none\">\n  <path class=\"ux-shape-fill\" d=\"M321.39 63.56c58 10.79 114.16 30.13 172 41.86 82.39 16.72 168.19 17.73 250.45.39C823.78 89 906.67 48 985.66 27.17c70.05-18.48 146.53-26.09 214.34-3V120H0V92.65a600.21 600.21 0 01321.39-29.09z\"\/>\n<\/svg>\n\t<\/div>\n\n\t\t<div class=\"section-content relative\">\n\t\t\t\n\n<div class=\"row align-middle\"  id=\"row-1903269091\">\n\n\n\n\n\t<div id=\"col-811757056\" class=\"col small-12 large-12\"  >\n\t\t\t\t<div class=\"col-inner\"  >\n\t\t\t\n\t\t\t\n\n\t<div id=\"text-4141374521\" class=\"text\">\n\t\t\n\n<h2>O novo patamar na evolu\u00e7\u00e3o do software de gest\u00e3o<\/h2>\n\t\t\n<style>\n#text-4141374521 {\n  font-size: 1.3rem;\n  text-align: center;\n}\n<\/style>\n\t<\/div>\n\t\n\t<div id=\"gap-1937696873\" class=\"gap-element clearfix\" style=\"display:block; height:auto;\">\n\t\t\n<style>\n#gap-1937696873 {\n  padding-top: 15px;\n}\n<\/style>\n\t<\/div>\n\t\n\n<div class=\"row align-center\"  id=\"row-451424688\">\n\n\n\t<div id=\"col-1678896137\" class=\"col medium-6 small-12 large-6\"  >\n\t\t\t\t<div class=\"col-inner\"  >\n\t\t\t\n\t\t\t\n\n<div class=\"row\"  id=\"row-609218498\">\n\n\n\t<div id=\"col-2004584542\" class=\"col small-12 large-12\"  >\n\t\t\t\t<div class=\"col-inner\"  >\n\t\t\t\n\t\t\t\n\n\n\t\t<div class=\"icon-box featured-box custom-icon-size-sm icon-box-top text-left\"  style=\"margin:0px 0px 20px 0px;\">\n\t\t\t\t\t<div class=\"icon-box-img\" style=\"width: 60px\">\n\t\t\t\t<div class=\"icon\">\n\t\t\t\t\t<div class=\"icon-inner\" >\n\t\t\t\t\t\t<svg xmlns=\"http:\/\/www.w3.org\/2000\/svg\" viewBox=\"0 0 384 512\"><!--! Font Awesome Pro 6.1.1 by @fontawesome - https:\/\/fontawesome.com License - https:\/\/fontawesome.com\/license (Commercial License) Copyright 2022 Fonticons, Inc. --><path d=\"M272 192C272 236.2 236.2 272 192 272C147.8 272 112 236.2 112 192C112 147.8 147.8 112 192 112C236.2 112 272 147.8 272 192zM192 240C218.5 240 240 218.5 240 192C240 165.5 218.5 144 192 144C165.5 144 144 165.5 144 192C144 218.5 165.5 240 192 240zM384 192C384 279.4 267 435 215.7 499.2C203.4 514.5 180.6 514.5 168.3 499.2C116.1 435 0 279.4 0 192C0 85.96 85.96 0 192 0C298 0 384 85.96 384 192H384zM192 32C103.6 32 32 103.6 32 192C32 207.6 37.43 229 48.56 255.4C59.47 281.3 74.8 309.4 92.14 337.5C126.2 392.8 166.6 445.7 192 477.6C217.4 445.7 257.8 392.8 291.9 337.5C309.2 309.4 324.5 281.3 335.4 255.4C346.6 229 352 207.6 352 192C352 103.6 280.4 32 192 32z\"\/><\/svg>\t\t\t\t\t<\/div>\n\t\t\t\t<\/div>\n\t\t\t<\/div>\n\t\t\t\t<div class=\"icon-box-text last-reset\">\n\t\t\t\t\t\t\t\t\t\n\n<h3 class=\"uppercase\">Morada<\/h3>\n<p>Avenida Fern\u00e3o de Magalh\u00e3es, 3548<br \/>\n1\u00b0 andar, Loja 13<br \/>4350-163 Porto<\/p>\n\n\t\t<\/div>\n\t<\/div>\n\t\n\t\n\n\t\t<div class=\"icon-box featured-box custom-icon-size-sm icon-box-top text-left\"  style=\"margin:0px 0px 20px 0px;\">\n\t\t\t\t\t<div class=\"icon-box-img\" style=\"width: 60px\">\n\t\t\t\t<div class=\"icon\">\n\t\t\t\t\t<div class=\"icon-inner\" >\n\t\t\t\t\t\t<svg xmlns=\"http:\/\/www.w3.org\/2000\/svg\" viewBox=\"0 0 512 512\"><!--! Font Awesome Pro 6.1.1 by @fontawesome - https:\/\/fontawesome.com License - https:\/\/fontawesome.com\/license (Commercial License) Copyright 2022 Fonticons, Inc. --><path d=\"M484.6 330.6C484.6 330.6 484.6 330.6 484.6 330.6l-101.8-43.66c-18.5-7.688-40.2-2.375-52.75 13.08l-33.14 40.47C244.2 311.8 200.3 267.9 171.6 215.2l40.52-33.19c15.67-12.92 20.83-34.16 12.84-52.84L181.4 27.37C172.7 7.279 150.8-3.737 129.6 1.154L35.17 23.06C14.47 27.78 0 45.9 0 67.12C0 312.4 199.6 512 444.9 512c21.23 0 39.41-14.44 44.17-35.13l21.8-94.47C515.7 361.1 504.7 339.3 484.6 330.6zM457.9 469.7c-1.375 5.969-6.844 10.31-12.98 10.31c-227.7 0-412.9-185.2-412.9-412.9c0-6.188 4.234-11.48 10.34-12.88l94.41-21.91c1-.2344 2-.3438 2.984-.3438c5.234 0 10.11 3.094 12.25 8.031l43.58 101.7C197.9 147.2 196.4 153.5 191.8 157.3L141.3 198.7C135.6 203.4 133.8 211.4 137.1 218.1c33.38 67.81 89.11 123.5 156.9 156.9c6.641 3.313 14.73 1.531 19.44-4.219l41.39-50.5c3.703-4.563 10.16-6.063 15.5-3.844l101.6 43.56c5.906 2.563 9.156 8.969 7.719 15.22L457.9 469.7z\"\/><\/svg>\t\t\t\t\t<\/div>\n\t\t\t\t<\/div>\n\t\t\t<\/div>\n\t\t\t\t<div class=\"icon-box-text last-reset\">\n\t\t\t\t\t\t\t\t\t\n\n<h3 class=\"uppercase\">Telefone<\/h3>\n<p>22 409 21 14<\/p>\n\n\t\t<\/div>\n\t<\/div>\n\t\n\t\n\n\t\t<div class=\"icon-box featured-box custom-icon-size-sm icon-box-top text-left\"  >\n\t\t\t\t\t<div class=\"icon-box-img\" style=\"width: 60px\">\n\t\t\t\t<div class=\"icon\">\n\t\t\t\t\t<div class=\"icon-inner\" >\n\t\t\t\t\t\t<svg xmlns=\"http:\/\/www.w3.org\/2000\/svg\" viewBox=\"0 0 512 512\"><!--! Font Awesome Pro 6.1.1 by @fontawesome - https:\/\/fontawesome.com License - https:\/\/fontawesome.com\/license (Commercial License) Copyright 2022 Fonticons, Inc. --><path d=\"M493.6 163c-24.88-19.62-45.5-35.37-164.3-121.6C312.7 29.21 279.7 0 256.4 0H255.6C232.3 0 199.3 29.21 182.6 41.38C63.88 127.6 43.25 143.4 18.38 163C6.75 172 0 186 0 200.8v263.2C0 490.5 21.49 512 48 512h416c26.51 0 48-21.49 48-47.1V200.8C512 186 505.3 172 493.6 163zM480 464c0 8.822-7.178 16-16 16h-416C39.18 480 32 472.8 32 464V200.8c0-4.902 2.23-9.555 6.195-12.63C61.59 169.7 80.71 154.1 201.5 67.21c2.98-2.178 6.451-4.861 10.28-7.826c9.365-7.254 34.18-26.48 44.62-27.37c9.686 .9551 34.44 20.13 43.79 27.37c3.828 2.965 7.299 5.648 10.36 7.887c120.7 87.68 139.8 102.4 163.5 121C477.8 191.2 480 195.8 480 200.8V464zM422.5 259.1l-132.8 97.72c-19.78 14.62-47.64 14.62-67.45 0L89.48 259.1C82.38 253.8 72.33 255.4 67.11 262.5C61.88 269.6 63.41 279.7 70.52 284.9l132.8 97.72C218.7 393.1 236.9 399.1 256 399.1s37.3-6.023 52.7-17.4l132.8-97.72c7.109-5.219 8.641-15.25 3.406-22.34C439.6 255.4 429.7 253.8 422.5 259.1z\"\/><\/svg>\t\t\t\t\t<\/div>\n\t\t\t\t<\/div>\n\t\t\t<\/div>\n\t\t\t\t<div class=\"icon-box-text last-reset\">\n\t\t\t\t\t\t\t\t\t\n\n<h3 class=\"uppercase\">Email<\/h3>\n<p>info@wisdomit.pt<\/p>\n\n\t\t<\/div>\n\t<\/div>\n\t\n\t\n\n\t\t<\/div>\n\t\t\t\t\t<\/div>\n\n\t\n\n<\/div>\n\n\t\t<\/div>\n\t\t\t\t\t<\/div>\n\n\t\n\n\t<div id=\"col-1388731191\" class=\"col medium-6 small-12 large-6 small-col-first\"  >\n\t\t\t\t<div class=\"col-inner\"  >\n\t\t\t\n\t\t\t\n\n\n<div class=\"wpcf7 no-js\" id=\"wpcf7-f32936-o1\" lang=\"pt-PT\" dir=\"ltr\">\n<div class=\"screen-reader-response\"><p role=\"status\" aria-live=\"polite\" aria-atomic=\"true\"><\/p> <ul><\/ul><\/div>\n<form action=\"\/itv2\/wp-json\/wp\/v2\/pages\/32908#wpcf7-f32936-o1\" method=\"post\" class=\"wpcf7-form init\" aria-label=\"Contact form\" novalidate=\"novalidate\" data-status=\"init\">\n<div style=\"display: none;\">\n<input type=\"hidden\" name=\"_wpcf7\" value=\"32936\" \/>\n<input type=\"hidden\" name=\"_wpcf7_version\" value=\"5.7.5.1\" \/>\n<input type=\"hidden\" name=\"_wpcf7_locale\" value=\"pt_PT\" \/>\n<input type=\"hidden\" name=\"_wpcf7_unit_tag\" value=\"wpcf7-f32936-o1\" \/>\n<input type=\"hidden\" name=\"_wpcf7_container_post\" value=\"0\" \/>\n<input type=\"hidden\" name=\"_wpcf7_posted_data_hash\" value=\"\" \/>\n<input type=\"hidden\" name=\"_wpcf7_recaptcha_response\" value=\"\" \/>\n<\/div>\n<p><label> Nome <span style=\"color: red\">*<\/span><br \/>\n<span class=\"wpcf7-form-control-wrap\" data-name=\"nome\"><input size=\"40\" class=\"wpcf7-form-control wpcf7-text wpcf7-validates-as-required\" aria-required=\"true\" aria-invalid=\"false\" value=\"\" type=\"text\" name=\"nome\" \/><\/span> <\/label>\n<\/p>\n<p><label> Email <span style=\"color: red\">*<\/span><br \/>\n<span class=\"wpcf7-form-control-wrap\" data-name=\"email\"><input size=\"40\" class=\"wpcf7-form-control wpcf7-text wpcf7-email wpcf7-validates-as-required wpcf7-validates-as-email\" aria-required=\"true\" aria-invalid=\"false\" value=\"\" type=\"email\" name=\"email\" \/><\/span> <\/label>\n<\/p>\n<p><label> Empresa <span style=\"color: red\">*<\/span><br \/>\n<span class=\"wpcf7-form-control-wrap\" data-name=\"empresa\"><input size=\"40\" class=\"wpcf7-form-control wpcf7-text wpcf7-validates-as-required\" aria-required=\"true\" aria-invalid=\"false\" value=\"\" type=\"text\" name=\"empresa\" \/><\/span> <\/label>\n<\/p>\n<p><label> N\u00ba Telem\u00f3vel <span style=\"color: red\">*<\/span><br \/>\n<span class=\"wpcf7-form-control-wrap\" data-name=\"telemovel\"><input size=\"40\" class=\"wpcf7-form-control wpcf7-text wpcf7-tel wpcf7-validates-as-required wpcf7-validates-as-tel\" aria-required=\"true\" aria-invalid=\"false\" value=\"\" type=\"tel\" name=\"telemovel\" \/><\/span> <\/label>\n<\/p>\n<p><label> Mensagem (opcional)<br \/>\n<span class=\"wpcf7-form-control-wrap\" data-name=\"mensagem\"><textarea cols=\"40\" rows=\"10\" class=\"wpcf7-form-control wpcf7-textarea\" aria-invalid=\"false\" name=\"mensagem\"><\/textarea><\/span> <\/label>\n<\/p>\n<p><input class=\"wpcf7-form-control has-spinner wpcf7-submit button-cta-form\" type=\"submit\" value=\"Enviar\" \/>\n<\/p><p style=\"display: none !important;\"><label>&#916;<textarea name=\"_wpcf7_ak_hp_textarea\" cols=\"45\" rows=\"8\" maxlength=\"100\"><\/textarea><\/label><input type=\"hidden\" id=\"ak_js_1\" name=\"_wpcf7_ak_js\" value=\"51\"\/><script>document.getElementById( \"ak_js_1\" ).setAttribute( \"value\", ( new Date() ).getTime() );<\/script><\/p><div class=\"wpcf7-response-output\" aria-hidden=\"true\"><\/div>\n<\/form>\n<\/div>\n\n\n\n\t\t<\/div>\n\t\t\t\t\t<\/div>\n\n\t\n\n<\/div>\n\n\t\t<\/div>\n\t\t\t\t\t<\/div>\n\n\t\n\n<\/div>\n\n\t\t<\/div>\n\n\t\t\n<style>\n#section_1209958424 {\n  padding-top: 30px;\n  padding-bottom: 30px;\n  background-color: rgb(10, 33, 59);\n}\n#section_1209958424 .ux-shape-divider--top svg {\n  height: 35px;\n  --divider-top-width: 100%;\n}\n#section_1209958424 .ux-shape-divider--bottom svg {\n  height: 10px;\n  --divider-width: 100%;\n}\n<\/style>\n\t<\/section>\n\t\n\n\n","protected":false},"excerpt":{"rendered":"","protected":false},"author":1,"featured_media":32047,"parent":32583,"menu_order":0,"comment_status":"closed","ping_status":"closed","template":"page-blank.php","meta":{"inline_featured_image":false},"_links":{"self":[{"href":"https:\/\/dev.wisdomignite.pt\/itv2\/wp-json\/wp\/v2\/pages\/32908"}],"collection":[{"href":"https:\/\/dev.wisdomignite.pt\/itv2\/wp-json\/wp\/v2\/pages"}],"about":[{"href":"https:\/\/dev.wisdomignite.pt\/itv2\/wp-json\/wp\/v2\/types\/page"}],"author":[{"embeddable":true,"href":"https:\/\/dev.wisdomignite.pt\/itv2\/wp-json\/wp\/v2\/users\/1"}],"replies":[{"embeddable":true,"href":"https:\/\/dev.wisdomignite.pt\/itv2\/wp-json\/wp\/v2\/comments?post=32908"}],"version-history":[{"count":19,"href":"https:\/\/dev.wisdomignite.pt\/itv2\/wp-json\/wp\/v2\/pages\/32908\/revisions"}],"predecessor-version":[{"id":34628,"href":"https:\/\/dev.wisdomignite.pt\/itv2\/wp-json\/wp\/v2\/pages\/32908\/revisions\/34628"}],"up":[{"embeddable":true,"href":"https:\/\/dev.wisdomignite.pt\/itv2\/wp-json\/wp\/v2\/pages\/32583"}],"wp:featuredmedia":[{"embeddable":true,"href":"https:\/\/dev.wisdomignite.pt\/itv2\/wp-json\/wp\/v2\/media\/32047"}],"wp:attachment":[{"href":"https:\/\/dev.wisdomignite.pt\/itv2\/wp-json\/wp\/v2\/media?parent=32908"}],"curies":[{"name":"wp","href":"https:\/\/api.w.org\/{rel}","templated":true}]}}