{"id":32420,"date":"2022-03-21T17:19:22","date_gmt":"2022-03-21T16:19:22","guid":{"rendered":"https:\/\/dev.wisdomignite.pt\/itv2\/?page_id=32420"},"modified":"2022-04-29T16:29:05","modified_gmt":"2022-04-29T15:29:05","slug":"termos-e-condicoes","status":"publish","type":"page","link":"https:\/\/dev.wisdomignite.pt\/itv2\/termos-e-condicoes\/","title":{"rendered":"Termos e Condi\u00e7\u00f5es"},"content":{"rendered":"\n\t<section class=\"section\" id=\"section_191280656\">\n\t\t<div class=\"bg section-bg fill bg-fill  bg-loaded\" >\n\n\t\t\t\n\t\t\t\n\t\t\t\n\n\t\t<\/div>\n\n\t\t\n\n\t\t<div class=\"section-content relative\">\n\t\t\t\n\n<div class=\"row\"  id=\"row-700329099\">\n\n\n\t<div id=\"col-380994439\" class=\"col small-12 large-12\"  >\n\t\t\t\t<div class=\"col-inner\"  >\n\t\t\t\n\t\t\t\n\n<h1>Condi\u00e7\u00f5es gerais da wisdom IT CONSULTING<\/h1>\n<p>As presentes Condi\u00e7\u00f5es gerais destinam-se a regular os termos e condi\u00e7\u00f5es pelos quais a loja <strong><em>wisdom IT CONSULTING<\/em><\/strong>, pessoa coletiva com NIF <strong>510956343<\/strong>, com sede na <strong>Avenida Fern\u00e3o de Magalh\u00e3es, 3548 1\u00b0, Loja 13 4350-163 Porto<\/strong>, em <strong>Rio Tinto <\/strong>(doravante \u201c<strong>wisdom IT CONSULTING<\/strong>\u201d) se reger\u00e1.<\/p>\n<p>O servi\u00e7o da <strong><em>wisdom IT CONSULTING <\/em><\/strong>consiste na disponibiliza\u00e7\u00e3o e fornecimento de um conjunto de produtos e\/ou servi\u00e7os, no sentido de permitir ao utilizador, ao qual \u00e9 atribu\u00edda a condi\u00e7\u00e3o de cliente, a encomenda e compra online, dos produtos nela apresentados.<\/p>\n<p>Ao utilizar a <strong><em>wisdom IT CONSULTING <\/em><\/strong>implica a aceita\u00e7\u00e3o e concord\u00e2ncia plena de todos os par\u00e2metros presentes nos Termos e condi\u00e7\u00f5es descritos, assim como da Pol\u00edtica de Privacidade em vigor quando acede \u00e0 <strong><em>wisdom IT CONSULTING<\/em><\/strong>.<\/p>\n<p>Caso n\u00e3o aceite, parcial ou integralmente, qualquer das condi\u00e7\u00f5es estipuladas n\u00e3o dever\u00e1 efetuar compras na <strong><em>wisdom IT CONSULTING<\/em><\/strong>. Se aceder \u00e0 <strong><em>wisdom IT CONSULTING<\/em><\/strong>, estar\u00e1 a comprometer-se e responsabilizar-se a respeitar as condi\u00e7\u00f5es determinadas na presente p\u00e1gina e na Pol\u00edtica de privacidade.<\/p>\n<p>A <strong><em>wisdom IT CONSULTING <\/em><\/strong>reserva o direito de atualizar e alterar os Termos e Condi\u00e7\u00f5es sem aviso pr\u00e9vio. \u00c9 aconselh\u00e1vel verificar periodicamente os Termos e condi\u00e7\u00f5es para averiguar qualquer altera\u00e7\u00e3o ou atualiza\u00e7\u00e3o.<\/p>\n<h1>Informa\u00e7\u00f5es de produtos e pre\u00e7os<\/h1>\n<p>A <strong><em>wisdom IT CONSULTING <\/em><\/strong>informa os clientes sobre as caracter\u00edsticas, descri\u00e7\u00f5es, imagens ou v\u00eddeos de cada produto e\/ou servi\u00e7o em cada p\u00e1gina disponibilizada. A <strong><em>wisdom IT CONSULTING <\/em><\/strong>compromete-se a disponibilizar os seus produtos e\/ou servi\u00e7os de forma clara e a corrigir poss\u00edveis erros que possam ocorrer com a maior brevidade poss\u00edvel.<\/p>\n<p>A <strong><em>wisdom IT CONSULTING <\/em><\/strong>apresenta, de forma concisa, os pre\u00e7os de cada produto e\/ou servi\u00e7o, incluindo taxas de IVA, portes de envio aplicados a cada encomenda e outros custos complementares que possam ser aplic\u00e1veis.<\/p>\n<p>Informa\u00e7\u00f5es sobre produtos, pre\u00e7os, conte\u00fados, imagens, v\u00eddeos, campanhas promocionais e servi\u00e7os podem ser atualizadas e alteradas pela <strong><em>wisdom IT CONSULTING <\/em><\/strong>a qualquer momento.<\/p>\n<h1>Propriedade intelectual<\/h1>\n<p>A <strong><em>wisdom IT CONSULTING <\/em><\/strong>\u00e9 uma loja online registada, sendo o servi\u00e7o prestado da responsabilidade da <strong><em>wisdom CONSTELLATION Lda.<\/em><\/strong>.<\/p>\n<p>O conte\u00fado, dom\u00ednio, informa\u00e7\u00f5es presentes e disponibilizadas na <strong><em>wisdom IT CONSULTING <\/em><\/strong>s\u00e3o propriedade da <strong><em>wisdom CONSTELLATION Lda. <\/em><\/strong>ou foram concedidos a esta, encontrando-se assim protegidos pelos direitos de autor e direitos conexos. Toda e qualquer utiliza\u00e7\u00e3o,<\/p>\n<p>reprodu\u00e7\u00e3o, c\u00f3pia ou divulga\u00e7\u00e3o de conte\u00fados visuais, audiovisuais ou escritos, est\u00e1 sujeita a aprova\u00e7\u00e3o pr\u00e9via por parte da <strong>wisdom IT CONSULTING<\/strong>.<\/p>\n<p>O cliente compromete-se a respeitar integralmente as condi\u00e7\u00f5es e direitos referidos, bem como a abster-se de atos que possam ir contra a lei e direitos como direitos de autor, direitos conexos, entre outras legisla\u00e7\u00f5es aplic\u00e1veis \u00e0 utiliza\u00e7\u00e3o de imagens, v\u00eddeos, conte\u00fados, etc sem aprova\u00e7\u00e3o expressa da <strong><em>wisdom IT CONSULTING<\/em><\/strong>. A <strong><em>wisdom IT CONSULTING <\/em><\/strong>n\u00e3o poder\u00e1 ser responsabilizada pela eventual utiliza\u00e7\u00e3o indevida de tais produtos.<\/p>\n<h1>M\u00e9todos de pagamento<\/h1>\n<p>A <strong>wisdom IT CONSULTING <\/strong>disponibiliza os seguintes m\u00e9todos de pagamento:<\/p>\n<ul>\n<li><strong><em>Multibanco<\/em><\/strong><\/li>\n<li><strong><em>MB WAY<\/em><\/strong><\/li>\n<li><strong><em>Paypal<\/em><\/strong><\/li>\n<li><strong><em>Transfer\u00eancia banc\u00e1ria<\/em><\/strong><\/li>\n<li><strong><em>\u00c0 Cobran\u00e7a<\/em><\/strong><\/li>\n<li><strong><em>Cart\u00e3o de cr\u00e9dito<\/em><\/strong><\/li>\n<\/ul>\n<p>Ap\u00f3s o pagamento ser conclu\u00eddo, a <strong><em>wisdom IT CONSULTING <\/em><\/strong>ir\u00e1 proceder com uma verifica\u00e7\u00e3o padr\u00e3o, de forma a que seja poss\u00edvel processar e enviar a encomenda. O cliente receber\u00e1 um e-mail com a confirma\u00e7\u00e3o de que a encomenda se encontra paga, assim como a fatura correspondente.<\/p>\n<p><strong>Condi\u00e7\u00f5es de compra na <em>wisdom IT CONSULTING<\/em>:<\/strong><\/p>\n<h1>Disponibilidade dos produtos<\/h1>\n<p>Todos os produtos e\/ou servi\u00e7os dispon\u00edveis na <strong><em>wisdom IT CONSULTING <\/em><\/strong>podem ser adquiridos, salvo em casos de quebra ou limita\u00e7\u00e3o de stock, bem como em produtos por encomenda, cuja disponibilidade pode ser vari\u00e1vel. Os produtos podem ficar indispon\u00edveis sem aviso pr\u00e9vio, mas, nestas circunst\u00e2ncias, ser\u00e3o devidamente identificados na <strong><em>wisdom IT CONSULTING<\/em><\/strong>.<\/p>\n<p>Em caso de o produto deixar de estar dispon\u00edvel ap\u00f3s a compra ter sido conclu\u00edda, a <strong><em>wisdom IT CONSULTING <\/em><\/strong>compromete-se a contactar o cliente, por contacto telef\u00f3nico ou e-mail, com a maior brevidade poss\u00edvel de forma a agilizar o processo junto do mesmo.<\/p>\n<h1>Taxas e impostos<\/h1>\n<p>Na <strong><em>wisdom IT CONSULTING <\/em><\/strong>os pre\u00e7os apresentados s\u00e3o em <strong><em>Euros<\/em><\/strong>, sendo aplicadas as devidas taxas de IVA e impostos de acordo com a lei em vigor, os quais j\u00e1 est\u00e3o inclu\u00eddos no pre\u00e7o apresentado.<\/p>\n<h1>Cancelamento da encomenda<\/h1>\n<p>O cliente poder\u00e1 cancelar uma encomenda realizada enquanto a mesma se encontra em processamento. \u00c9 solicitado que informe a <strong><em>wisdom IT CONSULTING <\/em><\/strong>atrav\u00e9s do seguinte contacto de e-mail: <strong><em>info@wisdomit.pt<\/em>.<\/strong><\/p>\n<p>Caso o pedido de cancelamento tenha sido efetuado ap\u00f3s a encomenda ter sido expedida, ser\u00e1 encaminhada para entrega e o cliente poder\u00e1 escolher recusar-se em aceitar a mesma. A <strong><em>wisdom IT CONSULTING <\/em><\/strong>n\u00e3o \u00e9 respons\u00e1vel por poss\u00edveis atrasos no tratamento do cancelamento de encomendas.<\/p>\n<p>A <strong><em>wisdom IT CONSULTING <\/em><\/strong>reserva-se o direito de n\u00e3o processar encomendas ou reembolsos em casos de inconsist\u00eancia de dados, fraude ou m\u00e1 conduta do cliente, assim como por quest\u00f5es t\u00e9cnicas alheias \u00e0 <strong><em>wisdom IT CONSULTING<\/em><\/strong>.<\/p>\n<h1>Livre Resolu\u00e7\u00e3o<\/h1>\n<p>O cliente tem o direito a rescindir o contrato no prazo de 14 (catorze) dias a contar da data de celebra\u00e7\u00e3o do contrato.<\/p>\n<p>Se o cliente pretender rescindir o contrato, poder\u00e1 faz\u00ea-lo atrav\u00e9s do e-mail <strong><em>info@wisdomit.pt <\/em><\/strong>ou ao preencher o formul\u00e1rio de contacto dispon\u00edvel na <strong><em>wisdom IT CONSULTING<\/em><\/strong>.<\/p>\n<p>Ao rescindir o contrato dentro do prazo legal, para al\u00e9m da devolu\u00e7\u00e3o do produto, o cliente deve devolver quaisquer ofertas que acompanhem o produto principal. A <strong><em>wisdom IT CONSULTING <\/em><\/strong>dever\u00e1 reembolsar o valor pago no prazo m\u00e1ximo de 14 dias ap\u00f3s a rece\u00e7\u00e3o da encomenda devolvida acompanhada pela fatura de compra, comprovativo de pagamento e formul\u00e1rio de devolu\u00e7\u00e3o.<\/p>\n<p>O reembolso ser\u00e1 efetuado atrav\u00e9s do mesmo m\u00e9todo de pagamento utilizado pelo cliente no pagamento inicial, salvo em situa\u00e7\u00f5es de acordo expresso e em que o cliente n\u00e3o incorre em quaisquer custos como consequ\u00eancia do reembolso.<\/p>\n<p>Qualquer procedimento de reembolso ser\u00e1 processado conforme est\u00e1 previsto na legisla\u00e7\u00e3o em vigor no Decreto de Lei n.\u00ba 24\/2014.<\/p>\n<h1>Reclama\u00e7\u00f5es<\/h1>\n<p>O cliente poder\u00e1 apresentar uma reclama\u00e7\u00e3o relativa a qualquer quest\u00e3o, ato, informa\u00e7\u00e3o ou servi\u00e7o prestado referentes \u00e0 <strong><em>wisdom IT CONSULTING <\/em><\/strong>atrav\u00e9s do contacto de e-mail <strong><em>info@wisdomit.pt <\/em><\/strong>ou atrav\u00e9s do Livro de reclama\u00e7\u00f5es eletr\u00f3nico dispon\u00edvel pelo link: <strong><em>https:\/\/www.livroreclamacoes.pt\/Inicio\/<\/em><\/strong>.<\/p>\n<h1>Aviso de responsabilidade<\/h1>\n<p>Ao criar e usar a conta na <strong><em>wisdom IT CONSULTING<\/em><\/strong>, o cliente \u00e9 respons\u00e1vel pela manuten\u00e7\u00e3o da conta, confidencialidade e por toda a atividade proveniente da sua conta.<\/p>\n<p>Ao criar a conta de utilizador e ao efetuar encomendas, o cliente aceita expressa e inequivocamente os Termos e Condi\u00e7\u00f5es na sua vers\u00e3o mais atualizada.<\/p>\n<p>A <strong><em>wisdom IT CONSULTING <\/em><\/strong>n\u00e3o \u00e9 respons\u00e1vel por eventuais informa\u00e7\u00f5es divulgadas por terceiros, falhas t\u00e9cnicas ou quaisquer outros problemas que impe\u00e7am o acesso e bom funcionamento da loja online.<\/p>\n<p>A <strong><em>wisdom IT CONSULTING <\/em><\/strong>n\u00e3o \u00e9 respons\u00e1vel por poss\u00edveis danos, direta ou indiretamente relacionados com o uso, ou incapacidade de uso, dos produtos e\/ou servi\u00e7os disponibilizados, assim como por qualquer atraso ou imprevisto na entrega de encomendas.<\/p>\n<h1>PROCESSAMENTO DE DADOS PESSOAIS<\/h1>\n<p>Por favor, verifique a Pol\u00edtica de Privacidade e Cookies.<\/p>\n<h1>LEI APLIC\u00c1VEL \u2013 JURISDI\u00c7\u00c3O<\/h1>\n<p>Este contrato est\u00e1 sujeito \u00e0 Lei portuguesa e legisla\u00e7\u00e3o em vigor.<\/p>\n\n\t\t<\/div>\n\t\t\t\t\t<\/div>\n\n\t\n\n<\/div>\n\n\t\t<\/div>\n\n\t\t\n<style>\n#section_191280656 {\n  padding-top: 30px;\n  padding-bottom: 30px;\n}\n#section_191280656 .ux-shape-divider--top svg {\n  height: 150px;\n  --divider-top-width: 100%;\n}\n#section_191280656 .ux-shape-divider--bottom svg {\n  height: 150px;\n  --divider-width: 100%;\n}\n<\/style>\n\t<\/section>\n\t\n","protected":false},"excerpt":{"rendered":"","protected":false},"author":1,"featured_media":0,"parent":0,"menu_order":0,"comment_status":"closed","ping_status":"closed","template":"","meta":{"inline_featured_image":false},"_links":{"self":[{"href":"https:\/\/dev.wisdomignite.pt\/itv2\/wp-json\/wp\/v2\/pages\/32420"}],"collection":[{"href":"https:\/\/dev.wisdomignite.pt\/itv2\/wp-json\/wp\/v2\/pages"}],"about":[{"href":"https:\/\/dev.wisdomignite.pt\/itv2\/wp-json\/wp\/v2\/types\/page"}],"author":[{"embeddable":true,"href":"https:\/\/dev.wisdomignite.pt\/itv2\/wp-json\/wp\/v2\/users\/1"}],"replies":[{"embeddable":true,"href":"https:\/\/dev.wisdomignite.pt\/itv2\/wp-json\/wp\/v2\/comments?post=32420"}],"version-history":[{"count":2,"href":"https:\/\/dev.wisdomignite.pt\/itv2\/wp-json\/wp\/v2\/pages\/32420\/revisions"}],"predecessor-version":[{"id":32422,"href":"https:\/\/dev.wisdomignite.pt\/itv2\/wp-json\/wp\/v2\/pages\/32420\/revisions\/32422"}],"wp:attachment":[{"href":"https:\/\/dev.wisdomignite.pt\/itv2\/wp-json\/wp\/v2\/media?parent=32420"}],"curies":[{"name":"wp","href":"https:\/\/api.w.org\/{rel}","templated":true}]}}