{"id":32130,"date":"2013-08-11T19:06:15","date_gmt":"2013-08-11T18:06:15","guid":{"rendered":"http:\/\/localhost:8888\/test\/?page_id=520"},"modified":"2022-11-16T11:44:25","modified_gmt":"2022-11-16T11:44:25","slug":"sobre-nos","status":"publish","type":"page","link":"https:\/\/dev.wisdomignite.pt\/itv2\/sobre-nos\/","title":{"rendered":"Sobre N\u00f3s"},"content":{"rendered":"\n\t<section class=\"section\" id=\"section_1600949181\">\n\t\t<div class=\"bg section-bg fill bg-fill  bg-loaded\" >\n\n\t\t\t\n\t\t\t\n\t\t\t\n\n\t\t<\/div>\n\n\t\t\n\n\t\t<div class=\"section-content relative\">\n\t\t\t\n\n<div class=\"row\"  id=\"row-950128418\">\n\n\n\t<div id=\"col-457028651\" class=\"col small-12 large-12\"  >\n\t\t\t\t<div class=\"col-inner\"  >\n\t\t\t\n\t\t\t\n\n\t<div id=\"text-2794603566\" class=\"text\">\n\t\t\n\n<h2>Sobre N\u00f3s<\/h2>\n\t\t\n<style>\n#text-2794603566 {\n  text-align: center;\n}\n<\/style>\n\t<\/div>\n\t\n<p>A wisdom IT CONSULTING traz \u00e0 \u00e1rea de TI\u2019s um servi\u00e7o de qualidade baseado na an\u00e1lise das necessidades dos seus clientes. Com uma equipa especializada e experiente, colocamos as nossas ideias em pr\u00e1tica atrav\u00e9s de uma estrat\u00e9gia coerente.<\/p>\n<p>A wisdom IT tem a capacidade de resolver qualquer quest\u00e3o das tecnologias de informa\u00e7\u00e3o, devido \u00e0 intera\u00e7\u00e3o de diversas \u00e1reas complementares: com\u00e9rcio de equipamentos inform\u00e1ticos e eletr\u00f3nicos, renting de equipamento inform\u00e1tico e software, instala\u00e7\u00e3o e configura\u00e7\u00e3o de redes inform\u00e1ticas, software de gest\u00e3o, solu\u00e7\u00f5es para parques inform\u00e1ticos e consultoria.<\/p>\n\n\t\t<\/div>\n\t\t\t\t\t<\/div>\n\n\t\n\n<\/div>\n\n\t\t<\/div>\n\n\t\t\n<style>\n#section_1600949181 {\n  padding-top: 30px;\n  padding-bottom: 30px;\n}\n#section_1600949181 .ux-shape-divider--top svg {\n  height: 150px;\n  --divider-top-width: 100%;\n}\n#section_1600949181 .ux-shape-divider--bottom svg {\n  height: 150px;\n  --divider-width: 100%;\n}\n<\/style>\n\t<\/section>\n\t\n\t<section class=\"section\" id=\"section_325333489\">\n\t\t<div class=\"bg section-bg fill bg-fill  bg-loaded\" >\n\n\t\t\t\n\t\t\t\n\t\t\t\n\n\t\t<\/div>\n\n\t\t\n\n\t\t<div class=\"section-content relative\">\n\t\t\t\n\n<div class=\"row\"  id=\"row-1198053414\">\n\n\n\t<div id=\"col-1017340660\" class=\"col small-12 large-12\"  >\n\t\t\t\t<div class=\"col-inner\"  >\n\t\t\t\n\t\t\t\n\n\t<div id=\"text-1624652275\" class=\"text\">\n\t\t\n\n<h2>A Nossa Equipa<\/h2>\n\t\t\n<style>\n#text-1624652275 {\n  text-align: center;\n}\n<\/style>\n\t<\/div>\n\t\n\n\t\t<\/div>\n\t\t\t\t\t<\/div>\n\n\t\n\n\t<div id=\"col-700564279\" class=\"col medium-3 small-12 large-3\"  >\n\t\t\t\t<div class=\"col-inner\"  >\n\t\t\t\n\t\t\t\n\n    <div class=\"box has-hover has-hover box-text-bottom\" >\n\n                  <div class=\"box-image \" style=\"width:80%;\">\n           <div class=\"box-image-inner image-cover\" style=\"border-radius:100%;padding-top:100%;\">\n              <img width=\"500\" height=\"500\" src=\"https:\/\/dev.wisdomignite.pt\/itv2\/wp-content\/uploads\/2022\/04\/jose-marques.jpg\" class=\"attachment- size-\" alt=\"\" decoding=\"async\" loading=\"lazy\" srcset=\"https:\/\/dev.wisdomignite.pt\/itv2\/wp-content\/uploads\/2022\/04\/jose-marques.jpg 500w, https:\/\/dev.wisdomignite.pt\/itv2\/wp-content\/uploads\/2022\/04\/jose-marques-400x400.jpg 400w, https:\/\/dev.wisdomignite.pt\/itv2\/wp-content\/uploads\/2022\/04\/jose-marques-280x280.jpg 280w, https:\/\/dev.wisdomignite.pt\/itv2\/wp-content\/uploads\/2022\/04\/jose-marques-100x100.jpg 100w\" sizes=\"(max-width: 500px) 100vw, 500px\" \/>                         <\/div>\n          <\/div>\n         \n          <div class=\"box-text text-center\" >\n                <div class=\"box-text-inner\">\n                  <h4 class=\"uppercase\">\n                    <span class=\"person-name\">Jos\u00e9 Marques<\/span><br\/>\n                    <span class=\"person-title is-small thin-font op-7\">\n                      Diretor Geral \/ T\u00e9cnico de Sistemas e Redes                    <\/span>\n                  <\/h4>\n                                  \n\n\n                <\/div>\n          <\/div>\n    <\/div>\n\n\t\n    \n\n\t\t<\/div>\n\t\t\t\t\t<\/div>\n\n\t\n\n\t<div id=\"col-1021226179\" class=\"col medium-3 small-12 large-3\"  >\n\t\t\t\t<div class=\"col-inner\"  >\n\t\t\t\n\t\t\t\n\n    <div class=\"box has-hover has-hover box-text-bottom\" >\n\n                  <div class=\"box-image \" style=\"width:80%;\">\n           <div class=\"box-image-inner image-cover\" style=\"border-radius:100%;padding-top:100%;\">\n              <img width=\"500\" height=\"500\" src=\"https:\/\/dev.wisdomignite.pt\/itv2\/wp-content\/uploads\/2022\/04\/tiago-rocha.jpg\" class=\"attachment- size-\" alt=\"\" decoding=\"async\" loading=\"lazy\" srcset=\"https:\/\/dev.wisdomignite.pt\/itv2\/wp-content\/uploads\/2022\/04\/tiago-rocha.jpg 500w, https:\/\/dev.wisdomignite.pt\/itv2\/wp-content\/uploads\/2022\/04\/tiago-rocha-400x400.jpg 400w, https:\/\/dev.wisdomignite.pt\/itv2\/wp-content\/uploads\/2022\/04\/tiago-rocha-280x280.jpg 280w, https:\/\/dev.wisdomignite.pt\/itv2\/wp-content\/uploads\/2022\/04\/tiago-rocha-100x100.jpg 100w\" sizes=\"(max-width: 500px) 100vw, 500px\" \/>                         <\/div>\n          <\/div>\n         \n          <div class=\"box-text text-center\" >\n                <div class=\"box-text-inner\">\n                  <h4 class=\"uppercase\">\n                    <span class=\"person-name\">Tiago Rocha<\/span><br\/>\n                    <span class=\"person-title is-small thin-font op-7\">\n                      T\u00e9cnico de Inform\u00e1tica                    <\/span>\n                  <\/h4>\n                                  \n\n\n                <\/div>\n          <\/div>\n    <\/div>\n\n\t\n    \n\n\t\t<\/div>\n\t\t\t\t\t<\/div>\n\n\t\n\n\t<div id=\"col-584042604\" class=\"col medium-3 small-12 large-3\"  >\n\t\t\t\t<div class=\"col-inner\"  >\n\t\t\t\n\t\t\t\n\n    <div class=\"box has-hover has-hover box-text-bottom\" >\n\n                  <div class=\"box-image \" style=\"width:80%;\">\n           <div class=\"box-image-inner image-cover\" style=\"border-radius:100%;padding-top:100%;\">\n              <img width=\"500\" height=\"500\" src=\"https:\/\/dev.wisdomignite.pt\/itv2\/wp-content\/uploads\/2022\/04\/sergio-moreira.jpg\" class=\"attachment- size-\" alt=\"\" decoding=\"async\" loading=\"lazy\" srcset=\"https:\/\/dev.wisdomignite.pt\/itv2\/wp-content\/uploads\/2022\/04\/sergio-moreira.jpg 500w, https:\/\/dev.wisdomignite.pt\/itv2\/wp-content\/uploads\/2022\/04\/sergio-moreira-400x400.jpg 400w, https:\/\/dev.wisdomignite.pt\/itv2\/wp-content\/uploads\/2022\/04\/sergio-moreira-280x280.jpg 280w, https:\/\/dev.wisdomignite.pt\/itv2\/wp-content\/uploads\/2022\/04\/sergio-moreira-100x100.jpg 100w\" sizes=\"(max-width: 500px) 100vw, 500px\" \/>                         <\/div>\n          <\/div>\n         \n          <div class=\"box-text text-center\" >\n                <div class=\"box-text-inner\">\n                  <h4 class=\"uppercase\">\n                    <span class=\"person-name\">S\u00e9rgio Moreira<\/span><br\/>\n                    <span class=\"person-title is-small thin-font op-7\">\n                      T\u00e9cnico de Inform\u00e1tica                    <\/span>\n                  <\/h4>\n                                  \n\n\n                <\/div>\n          <\/div>\n    <\/div>\n\n\t\n    \n\n\t\t<\/div>\n\t\t\t\t\t<\/div>\n\n\t\n\n\t<div id=\"col-690547574\" class=\"col medium-3 small-12 large-3\"  >\n\t\t\t\t<div class=\"col-inner\"  >\n\t\t\t\n\t\t\t\n\n    <div class=\"box has-hover has-hover box-text-bottom\" >\n\n                  <div class=\"box-image \" style=\"width:80%;\">\n           <div class=\"box-image-inner image-cover\" style=\"border-radius:100%;padding-top:100%;\">\n              <img width=\"500\" height=\"500\" src=\"https:\/\/dev.wisdomignite.pt\/itv2\/wp-content\/uploads\/2022\/04\/luis-ribeiro.jpg\" class=\"attachment- size-\" alt=\"\" decoding=\"async\" loading=\"lazy\" srcset=\"https:\/\/dev.wisdomignite.pt\/itv2\/wp-content\/uploads\/2022\/04\/luis-ribeiro.jpg 500w, https:\/\/dev.wisdomignite.pt\/itv2\/wp-content\/uploads\/2022\/04\/luis-ribeiro-400x400.jpg 400w, https:\/\/dev.wisdomignite.pt\/itv2\/wp-content\/uploads\/2022\/04\/luis-ribeiro-280x280.jpg 280w, https:\/\/dev.wisdomignite.pt\/itv2\/wp-content\/uploads\/2022\/04\/luis-ribeiro-100x100.jpg 100w\" sizes=\"(max-width: 500px) 100vw, 500px\" \/>                         <\/div>\n          <\/div>\n         \n          <div class=\"box-text text-center\" >\n                <div class=\"box-text-inner\">\n                  <h4 class=\"uppercase\">\n                    <span class=\"person-name\">Luis Ribeiro<\/span><br\/>\n                    <span class=\"person-title is-small thin-font op-7\">\n                      Gestor de Cliente                    <\/span>\n                  <\/h4>\n                                  \n\n\n                <\/div>\n          <\/div>\n    <\/div>\n\n\t\n    \n\n\t\t<\/div>\n\t\t\t\t\t<\/div>\n\n\t\n\n\t<div id=\"col-2049624513\" class=\"col medium-3 small-12 large-3\"  >\n\t\t\t\t<div class=\"col-inner\"  >\n\t\t\t\n\t\t\t\n\n    <div class=\"box has-hover has-hover box-text-bottom\" >\n\n                  <div class=\"box-image \" style=\"width:80%;\">\n           <div class=\"box-image-inner image-cover\" style=\"border-radius:100%;padding-top:100%;\">\n              <img width=\"500\" height=\"500\" src=\"https:\/\/dev.wisdomignite.pt\/itv2\/wp-content\/uploads\/2022\/04\/ana-rocha.jpg\" class=\"attachment- size-\" alt=\"\" decoding=\"async\" loading=\"lazy\" srcset=\"https:\/\/dev.wisdomignite.pt\/itv2\/wp-content\/uploads\/2022\/04\/ana-rocha.jpg 500w, https:\/\/dev.wisdomignite.pt\/itv2\/wp-content\/uploads\/2022\/04\/ana-rocha-400x400.jpg 400w, https:\/\/dev.wisdomignite.pt\/itv2\/wp-content\/uploads\/2022\/04\/ana-rocha-280x280.jpg 280w, https:\/\/dev.wisdomignite.pt\/itv2\/wp-content\/uploads\/2022\/04\/ana-rocha-100x100.jpg 100w\" sizes=\"(max-width: 500px) 100vw, 500px\" \/>                         <\/div>\n          <\/div>\n         \n          <div class=\"box-text text-center\" >\n                <div class=\"box-text-inner\">\n                  <h4 class=\"uppercase\">\n                    <span class=\"person-name\">Ana Rocha<\/span><br\/>\n                    <span class=\"person-title is-small thin-font op-7\">\n                      Administrativa                    <\/span>\n                  <\/h4>\n                                  \n\n\n                <\/div>\n          <\/div>\n    <\/div>\n\n\t\n    \n\n\t\t<\/div>\n\t\t\t\t\t<\/div>\n\n\t\n\n<\/div>\n\n\t\t<\/div>\n\n\t\t\n<style>\n#section_325333489 {\n  padding-top: 30px;\n  padding-bottom: 30px;\n}\n#section_325333489 .ux-shape-divider--top svg {\n  height: 150px;\n  --divider-top-width: 100%;\n}\n#section_325333489 .ux-shape-divider--bottom svg {\n  height: 150px;\n  --divider-width: 100%;\n}\n<\/style>\n\t<\/section>\n\t\n\t<div id=\"gap-1013561578\" class=\"gap-element clearfix\" style=\"display:block; height:auto;\">\n\t\t\n<style>\n#gap-1013561578 {\n  padding-top: 30px;\n}\n<\/style>\n\t<\/div>\n\t\n\n\t<section class=\"section\" id=\"section_816638390\">\n\t\t<div class=\"bg section-bg fill bg-fill  bg-loaded\" >\n\n\t\t\t\n\t\t\t\n\t\t\t\n\n\t\t<\/div>\n\n\t\t\n\n\t\t<div class=\"section-content relative\">\n\t\t\t\n\n<div class=\"row\"  id=\"row-2007160312\">\n\n\n\t<div id=\"col-832060306\" class=\"col small-12 large-12\"  >\n\t\t\t\t<div class=\"col-inner text-center\"  >\n\t\t\t\n\t\t\t\n\n<p>Testemunhos<\/p>\n<h2>O que dizem os nossos clientes.<\/h2>\n\n\t\t<\/div>\n\t\t\t\t\n<style>\n#col-832060306 > .col-inner {\n  margin: 20px 0px 0px 0px;\n}\n<\/style>\n\t<\/div>\n\n\t\n\n<\/div>\n<div class=\"row align-equal\"  id=\"row-1687670197\">\n\n\n\t<div id=\"col-1920060432\" class=\"col medium-6 small-12 large-6\"  >\n\t\t\t\t<div class=\"col-inner\"  >\n\t\t\t\n\t\t\t\n\n<blockquote style=\"font-size:100%; font-style: normal;\">\n<p>Empresa com elevada aten\u00e7\u00e3o e dedica\u00e7\u00e3o ao cliente denotando rigor profissional e conhecimento t\u00e9cnico na resolu\u00e7\u00e3o das situa\u00e7\u00f5es.<\/p>\n<\/blockquote>\n\n\t\t<div class=\"icon-box featured-box circle icon-box-left text-left is-small\"  >\n\t\t\t\t\t<div class=\"icon-box-img\" style=\"width: 50px\">\n\t\t\t\t<div class=\"icon\">\n\t\t\t\t\t<div class=\"icon-inner\" >\n\t\t\t\t\t\t<img width=\"390\" height=\"372\" src=\"https:\/\/dev.wisdomignite.pt\/itv2\/wp-content\/uploads\/2022\/05\/Logo_Horizontal-sem-texto.jpg\" class=\"attachment-medium size-medium\" alt=\"\" decoding=\"async\" loading=\"lazy\" \/>\t\t\t\t\t<\/div>\n\t\t\t\t<\/div>\n\t\t\t<\/div>\n\t\t\t\t<div class=\"icon-box-text last-reset\">\n\t\t\t\t\t\t\t\t\t\n\n<h3 style=\"margin-bottom:0px;\">Dr. Paulo Direito<\/h3>\n<p>Agrupamento de Escolas de Santa B\u00e1rbara<\/p>\n\n\t\t<\/div>\n\t<\/div>\n\t\n\t\n\n\t\t<\/div>\n\t\t\t\t\t<\/div>\n\n\t\n\n\t<div id=\"col-694774403\" class=\"col medium-6 small-12 large-6\"  >\n\t\t\t\t<div class=\"col-inner\"  >\n\t\t\t\n\t\t\t\n\n<blockquote style=\"font-size:100%; font-style: normal;\">\n<p>A wisdom \u00e9 uma empresa jovem mas muito competente no que toca \u00e0 assist\u00eancia inform\u00e1tica. Trabalhamos em parceria desde a sua abertura. Recomendo.<\/p>\n<\/blockquote>\n\n\t\t<div class=\"icon-box featured-box circle icon-box-left text-left is-small\"  >\n\t\t\t\t\t<div class=\"icon-box-img\" style=\"width: 50px\">\n\t\t\t\t<div class=\"icon\">\n\t\t\t\t\t<div class=\"icon-inner\" >\n\t\t\t\t\t\t<img width=\"400\" height=\"400\" src=\"https:\/\/dev.wisdomignite.pt\/itv2\/wp-content\/uploads\/2022\/03\/logo-coutinho-e-arezes-400x400-1.webp\" class=\"attachment-medium size-medium\" alt=\"\" decoding=\"async\" loading=\"lazy\" srcset=\"https:\/\/dev.wisdomignite.pt\/itv2\/wp-content\/uploads\/2022\/03\/logo-coutinho-e-arezes-400x400-1.webp 400w, https:\/\/dev.wisdomignite.pt\/itv2\/wp-content\/uploads\/2022\/03\/logo-coutinho-e-arezes-400x400-1-280x280.webp 280w, https:\/\/dev.wisdomignite.pt\/itv2\/wp-content\/uploads\/2022\/03\/logo-coutinho-e-arezes-400x400-1-100x100.webp 100w\" sizes=\"(max-width: 400px) 100vw, 400px\" \/>\t\t\t\t\t<\/div>\n\t\t\t\t<\/div>\n\t\t\t<\/div>\n\t\t\t\t<div class=\"icon-box-text last-reset\">\n\t\t\t\t\t\t\t\t\t\n\n<h3 style=\"margin-bottom:0px;\">Concei\u00e7\u00e3o Arezes<\/h3>\n<p>Coutinho & Arezes<\/p>\n\n\t\t<\/div>\n\t<\/div>\n\t\n\t\n\n\t\t<\/div>\n\t\t\t\t\t<\/div>\n\n\t\n\n\n<style>\n#row-1687670197 > .col > .col-inner {\n  padding: 40px 40px 40px 40px;\n  background-color: rgb(255,255,255);\n}\n<\/style>\n<\/div>\n\n\t\t<\/div>\n\n\t\t\n<style>\n#section_816638390 {\n  padding-top: 0px;\n  padding-bottom: 0px;\n  background-color: rgb(244, 244, 244);\n}\n#section_816638390 .ux-shape-divider--top svg {\n  height: 150px;\n  --divider-top-width: 100%;\n}\n#section_816638390 .ux-shape-divider--bottom svg {\n  height: 150px;\n  --divider-width: 100%;\n}\n<\/style>\n\t<\/section>\n\t\n\n\n","protected":false},"excerpt":{"rendered":"","protected":false},"author":1,"featured_media":32047,"parent":0,"menu_order":0,"comment_status":"closed","ping_status":"closed","template":"page-blank.php","meta":{"inline_featured_image":false},"_links":{"self":[{"href":"https:\/\/dev.wisdomignite.pt\/itv2\/wp-json\/wp\/v2\/pages\/32130"}],"collection":[{"href":"https:\/\/dev.wisdomignite.pt\/itv2\/wp-json\/wp\/v2\/pages"}],"about":[{"href":"https:\/\/dev.wisdomignite.pt\/itv2\/wp-json\/wp\/v2\/types\/page"}],"author":[{"embeddable":true,"href":"https:\/\/dev.wisdomignite.pt\/itv2\/wp-json\/wp\/v2\/users\/1"}],"replies":[{"embeddable":true,"href":"https:\/\/dev.wisdomignite.pt\/itv2\/wp-json\/wp\/v2\/comments?post=32130"}],"version-history":[{"count":18,"href":"https:\/\/dev.wisdomignite.pt\/itv2\/wp-json\/wp\/v2\/pages\/32130\/revisions"}],"predecessor-version":[{"id":34603,"href":"https:\/\/dev.wisdomignite.pt\/itv2\/wp-json\/wp\/v2\/pages\/32130\/revisions\/34603"}],"wp:featuredmedia":[{"embeddable":true,"href":"https:\/\/dev.wisdomignite.pt\/itv2\/wp-json\/wp\/v2\/media\/32047"}],"wp:attachment":[{"href":"https:\/\/dev.wisdomignite.pt\/itv2\/wp-json\/wp\/v2\/media?parent=32130"}],"curies":[{"name":"wp","href":"https:\/\/api.w.org\/{rel}","templated":true}]}}