{"id":33177,"date":"2022-04-27T14:34:36","date_gmt":"2022-04-27T13:34:36","guid":{"rendered":"https:\/\/dev.wisdomignite.pt\/itconsulting\/?page_id=33177"},"modified":"2022-04-29T15:11:37","modified_gmt":"2022-04-29T14:11:37","slug":"renting-de-equipamentos","status":"publish","type":"page","link":"https:\/\/dev.wisdomignite.pt\/itconsulting\/renting-de-equipamentos\/","title":{"rendered":"Renting de Equipamentos"},"content":{"rendered":"\n\t<section class=\"section\" id=\"section_584868401\">\n\t\t<div class=\"bg section-bg fill bg-fill  bg-loaded\" >\n\n\t\t\t\n\t\t\t\n\t\t\t\n\n\t\t<\/div>\n\n\t\t\n\n\t\t<div class=\"section-content relative\">\n\t\t\t\n\n<div class=\"row\"  id=\"row-1636221465\">\n\n\n\t<div id=\"col-363404418\" class=\"col small-12 large-12\"  >\n\t\t\t\t<div class=\"col-inner\"  >\n\t\t\t\n\t\t\t\n\n\t<div id=\"text-619342418\" class=\"text\">\n\t\t\n\n<h2>Renting de Equipamentos Inform\u00e1ticos<\/h2>\n\t\t\n<style>\n#text-619342418 {\n  text-align: center;\n}\n<\/style>\n\t<\/div>\n\t\n<p>Na wisdom IT CONSULTING fornecemos servi\u00e7os de <em>renting<\/em> de equipamento inform\u00e1tico.<\/p>\n<p>Estamos ao seu dispor para lhe apresentar uma diversidade de propostas \u00e0 sua medida. Ajudamos os nossos clientes a reduzir os custos, ao obter os mesmos servi\u00e7os por um valor mais baixo.<\/p>\n\t<div id=\"gap-1405049252\" class=\"gap-element clearfix\" style=\"display:block; height:auto;\">\n\t\t\n<style>\n#gap-1405049252 {\n  padding-top: 15px;\n}\n<\/style>\n\t<\/div>\n\t\n\n\n\t\t<\/div>\n\t\t\t\t\t<\/div>\n\n\t\n\n<\/div>\n\n\t\t<\/div>\n\n\t\t\n<style>\n#section_584868401 {\n  padding-top: 30px;\n  padding-bottom: 30px;\n}\n#section_584868401 .ux-shape-divider--top svg {\n  height: 150px;\n  --divider-top-width: 100%;\n}\n#section_584868401 .ux-shape-divider--bottom svg {\n  height: 150px;\n  --divider-width: 100%;\n}\n<\/style>\n\t<\/section>\n\t\n\t<section class=\"section has-parallax\" id=\"section_1191677661\">\n\t\t<div class=\"bg section-bg fill bg-fill  \" data-parallax-container=\".section\" data-parallax-background data-parallax=\"-4\">\n\n\t\t\t\n\t\t\t<div class=\"section-bg-overlay absolute fill\"><\/div>\n\t\t\t\n\t<div class=\"is-border\"\n\t\tstyle=\"border-color:rgb(235, 235, 235);border-width:1px 0px 0px 0px;\">\n\t<\/div>\n\n\t\t<\/div>\n\n\t\t\n\n\t\t<div class=\"section-content relative\">\n\t\t\t\n\n<div class=\"row row-large align-center\"  id=\"row-376004965\">\n\n\n\t<div id=\"col-208073538\" class=\"col medium-6 small-12 large-6\"  >\n\t\t\t\t<div class=\"col-inner box-shadow-2 box-shadow-5-hover\" style=\"background-color:rgb(255, 255, 255);\" >\n\t\t\t\n\t\t\t\n\n\t<div id=\"text-2726951014\" class=\"text\">\n\t\t\n\n<h3>Precisa de mais informa\u00e7\u00f5es?<\/h3>\n\t\t\n<style>\n#text-2726951014 {\n  text-align: center;\n}\n<\/style>\n\t<\/div>\n\t\n<div role=\"form\" class=\"wpcf7\" id=\"wpcf7-f33180-o1\" lang=\"pt-PT\" dir=\"ltr\">\n<div class=\"screen-reader-response\"><p role=\"status\" aria-live=\"polite\" aria-atomic=\"true\"><\/p> <ul><\/ul><\/div>\n<form action=\"\/itconsulting\/wp-json\/wp\/v2\/pages\/33177#wpcf7-f33180-o1\" method=\"post\" class=\"wpcf7-form init\" novalidate=\"novalidate\" data-status=\"init\">\n<div style=\"display: none;\">\n<input type=\"hidden\" name=\"_wpcf7\" value=\"33180\" \/>\n<input type=\"hidden\" name=\"_wpcf7_version\" value=\"5.5.6.1\" \/>\n<input type=\"hidden\" name=\"_wpcf7_locale\" value=\"pt_PT\" \/>\n<input type=\"hidden\" name=\"_wpcf7_unit_tag\" value=\"wpcf7-f33180-o1\" \/>\n<input type=\"hidden\" name=\"_wpcf7_container_post\" value=\"0\" \/>\n<input type=\"hidden\" name=\"_wpcf7_posted_data_hash\" value=\"\" \/>\n<\/div>\n<p><label> Nome <span style=\"color: red\">*<\/span><br \/>\n    <span class=\"wpcf7-form-control-wrap nome\"><input type=\"text\" name=\"nome\" value=\"\" size=\"40\" class=\"wpcf7-form-control wpcf7-text wpcf7-validates-as-required\" aria-required=\"true\" aria-invalid=\"false\" \/><\/span> <\/label><\/p>\n<p><label> Email <span style=\"color: red\">*<\/span><br \/>\n    <span class=\"wpcf7-form-control-wrap email\"><input type=\"email\" name=\"email\" value=\"\" size=\"40\" class=\"wpcf7-form-control wpcf7-text wpcf7-email wpcf7-validates-as-required wpcf7-validates-as-email\" aria-required=\"true\" aria-invalid=\"false\" \/><\/span> <\/label><\/p>\n<p><label> N\u00ba Telem\u00f3vel <span style=\"color: red\">*<\/span><br \/>\n    <span class=\"wpcf7-form-control-wrap telemovel\"><input type=\"tel\" name=\"telemovel\" value=\"\" size=\"40\" class=\"wpcf7-form-control wpcf7-text wpcf7-tel wpcf7-validates-as-required wpcf7-validates-as-tel\" aria-required=\"true\" aria-invalid=\"false\" \/><\/span> <\/label><\/p>\n<p><label> Mensagem <span style=\"color: red\">*<\/span><br \/>\n    <span class=\"wpcf7-form-control-wrap mensagem\"><textarea name=\"mensagem\" cols=\"40\" rows=\"10\" class=\"wpcf7-form-control wpcf7-textarea wpcf7-validates-as-required\" aria-required=\"true\" aria-invalid=\"false\"><\/textarea><\/span> <\/label><\/p>\n<p><input type=\"submit\" value=\"Enviar\" class=\"wpcf7-form-control has-spinner wpcf7-submit\" \/><\/p>\n<div class=\"wpcf7-response-output\" aria-hidden=\"true\"><\/div><\/form><\/div>\n\n\n\t\t<\/div>\n\t\t\t\t\n<style>\n#col-208073538 > .col-inner {\n  padding: 20px 20px 20px 20px;\n  border-radius: 10px;\n}\n<\/style>\n\t<\/div>\n\n\t\n\n\t<div id=\"col-2029183322\" class=\"col medium-6 small-12 large-6\"  >\n\t\t\t\t<div class=\"col-inner text-center dark\"  >\n\t\t\t\n\t\t\t\n\n<h2>Contactos<\/h2>\n\n\t\t<div class=\"icon-box featured-box icon-box-left text-left\"  >\n\t\t\t\t\t<div class=\"icon-box-img\" style=\"width: 25px\">\n\t\t\t\t<div class=\"icon\">\n\t\t\t\t\t<div class=\"icon-inner\" style=\"color:rgb(255, 255, 255);\">\n\t\t\t\t\t\t<svg xmlns=\"http:\/\/www.w3.org\/2000\/svg\" viewBox=\"0 0 512 512\"><!--! Font Awesome Pro 6.0.0-alpha3 by @fontawesome - https:\/\/fontawesome.com License - https:\/\/fontawesome.com\/license (Commercial License) --><path d=\"M480.3 320.3L382.1 278.2c-21.41-9.281-46.64-3.109-61.2 14.95l-27.44 33.5c-44.78-25.75-82.29-63.25-108-107.1l33.55-27.48c17.91-14.62 24.09-39.7 15.02-61.05L191.7 31.53c-10.16-23.2-35.34-35.86-59.87-30.19l-91.25 21.06C16.7 27.86 0 48.83 0 73.39c0 241.9 196.7 438.6 438.6 438.6c24.56 0 45.53-16.69 50.1-40.53l21.06-91.34C516.4 355.5 503.6 330.3 480.3 320.3zM463.9 369.3l-21.09 91.41c-.4687 1.1-2.109 3.281-4.219 3.281c-215.4 0-390.6-175.2-390.6-390.6c0-2.094 1.297-3.734 3.344-4.203l91.34-21.08c.3125-.0781 .6406-.1094 .9531-.1094c1.734 0 3.359 1.047 4.047 2.609l42.14 98.33c.75 1.766 .25 3.828-1.25 5.062L139.8 193.1c-8.625 7.062-11.25 19.14-6.344 29.14c33.01 67.23 88.26 122.5 155.5 155.5c9.1 4.906 22.09 2.281 29.16-6.344l40.01-48.87c1.109-1.406 3.187-1.938 4.922-1.125l98.26 42.09C463.2 365.2 464.3 367.3 463.9 369.3z\"\/><\/svg>\t\t\t\t\t<\/div>\n\t\t\t\t<\/div>\n\t\t\t<\/div>\n\t\t\t\t<div class=\"icon-box-text last-reset\">\n\t\t\t\t\t\t\t\t\t\n\n<h3><a href=\"tel:+351224092114\">+351 22 409 21 14<\/a><\/h3>\n\n\t\t<\/div>\n\t<\/div>\n\t\n\t\n\t<div id=\"gap-1718342370\" class=\"gap-element clearfix\" style=\"display:block; height:auto;\">\n\t\t\n<style>\n#gap-1718342370 {\n  padding-top: 5px;\n}\n<\/style>\n\t<\/div>\n\t\n\n\n\t\t<div class=\"icon-box featured-box icon-box-left text-left\"  >\n\t\t\t\t\t<div class=\"icon-box-img\" style=\"width: 25px\">\n\t\t\t\t<div class=\"icon\">\n\t\t\t\t\t<div class=\"icon-inner\" style=\"color:rgb(255, 255, 255);\">\n\t\t\t\t\t\t<svg xmlns=\"http:\/\/www.w3.org\/2000\/svg\" viewBox=\"0 0 448 512\"><!--! Font Awesome Pro 6.0.0-alpha3 by @fontawesome - https:\/\/fontawesome.com License - https:\/\/fontawesome.com\/license (Commercial License) --><path d=\"M380.9 97.1C339 55.1 283.2 32 223.9 32c-122.4 0-222 99.6-222 222 0 39.1 10.2 77.3 29.6 111L0 480l117.7-30.9c32.4 17.7 68.9 27 106.1 27h.1c122.3 0 224.1-99.6 224.1-222 0-59.3-25.2-115-67.1-157zm-157 341.6c-33.2 0-65.7-8.9-94-25.7l-6.7-4-69.8 18.3L72 359.2l-4.4-7c-18.5-29.4-28.2-63.3-28.2-98.2 0-101.7 82.8-184.5 184.6-184.5 49.3 0 95.6 19.2 130.4 54.1 34.8 34.9 56.2 81.2 56.1 130.5 0 101.8-84.9 184.6-186.6 184.6zm101.2-138.2c-5.5-2.8-32.8-16.2-37.9-18-5.1-1.9-8.8-2.8-12.5 2.8-3.7 5.6-14.3 18-17.6 21.8-3.2 3.7-6.5 4.2-12 1.4-32.6-16.3-54-29.1-75.5-66-5.7-9.8 5.7-9.1 16.3-30.3 1.8-3.7.9-6.9-.5-9.7-1.4-2.8-12.5-30.1-17.1-41.2-4.5-10.8-9.1-9.3-12.5-9.5-3.2-.2-6.9-.2-10.6-.2-3.7 0-9.7 1.4-14.8 6.9-5.1 5.6-19.4 19-19.4 46.3 0 27.3 19.9 53.7 22.6 57.4 2.8 3.7 39.1 59.7 94.8 83.8 35.2 15.2 49 16.5 66.6 13.9 10.7-1.6 32.8-13.4 37.4-26.4 4.6-13 4.6-24.1 3.2-26.4-1.3-2.5-5-3.9-10.5-6.6z\"\/><\/svg>\t\t\t\t\t<\/div>\n\t\t\t\t<\/div>\n\t\t\t<\/div>\n\t\t\t\t<div class=\"icon-box-text last-reset\">\n\t\t\t\t\t\t\t\t\t\n\n<h3><a href=\"#\">+351 91 677 74 17<\/a><\/h3>\n\n\t\t<\/div>\n\t<\/div>\n\t\n\t\n\t<div id=\"gap-472343291\" class=\"gap-element clearfix\" style=\"display:block; height:auto;\">\n\t\t\n<style>\n#gap-472343291 {\n  padding-top: 5px;\n}\n<\/style>\n\t<\/div>\n\t\n\n\n\t\t<div class=\"icon-box featured-box icon-box-left text-left\"  >\n\t\t\t\t\t<div class=\"icon-box-img\" style=\"width: 25px\">\n\t\t\t\t<div class=\"icon\">\n\t\t\t\t\t<div class=\"icon-inner\" style=\"color:rgb(255, 255, 255);\">\n\t\t\t\t\t\t<svg xmlns=\"http:\/\/www.w3.org\/2000\/svg\" viewBox=\"0 0 512 512\"><!--! Font Awesome Pro 6.0.0-alpha3 by @fontawesome - https:\/\/fontawesome.com License - https:\/\/fontawesome.com\/license (Commercial License) --><path d=\"M448 64H64C28.65 64 0 92.65 0 128v256c0 35.35 28.65 64 64 64h384c35.35 0 64-28.65 64-64V128C512 92.65 483.3 64 448 64zM64 112h384c8.822 0 16 7.178 16 16v22.16l-166.8 138.1c-23.19 19.28-59.34 19.27-82.47 .0156L48 150.2V128C48 119.2 55.18 112 64 112zM448 400H64c-8.822 0-16-7.178-16-16V212.7l136.1 113.4C204.3 342.8 229.8 352 256 352s51.75-9.188 71.97-25.98L464 212.7V384C464 392.8 456.8 400 448 400z\"\/><\/svg>\t\t\t\t\t<\/div>\n\t\t\t\t<\/div>\n\t\t\t<\/div>\n\t\t\t\t<div class=\"icon-box-text last-reset\">\n\t\t\t\t\t\t\t\t\t\n\n<h3><a href=\"mailto:info@wisdomit.pt\">info@wisdomit.pt<\/a><\/h3>\n\n\t\t<\/div>\n\t<\/div>\n\t\n\t\n\n\t\t<\/div>\n\t\t\t\t\t<\/div>\n\n\t\n\n<\/div>\n\n\t\t<\/div>\n\n\t\t\n<style>\n#section_1191677661 {\n  padding-top: 59px;\n  padding-bottom: 59px;\n  min-height: 300px;\n  background-color: rgb(240, 240, 240);\n}\n#section_1191677661 .section-bg-overlay {\n  background-color: rgba(10, 33, 59, 0.7);\n}\n#section_1191677661 .section-bg.bg-loaded {\n  background-image: url(https:\/\/dev.wisdomignite.pt\/itconsulting\/wp-content\/uploads\/2022\/03\/cta.jpg);\n}\n#section_1191677661 .ux-shape-divider--top svg {\n  height: 150px;\n  --divider-top-width: 100%;\n}\n#section_1191677661 .ux-shape-divider--bottom svg {\n  height: 150px;\n  --divider-width: 100%;\n}\n<\/style>\n\t<\/section>\n\t\n\n\t<div id=\"gap-127143966\" class=\"gap-element clearfix\" style=\"display:block; height:auto;\">\n\t\t\n<style>\n#gap-127143966 {\n  padding-top: 70px;\n}\n<\/style>\n\t<\/div>\n\t\n\n\t<section class=\"section dark\" id=\"section_1466437895\">\n\t\t<div class=\"bg section-bg fill bg-fill  \" >\n\n\t\t\t\n\t\t\t<div class=\"section-bg-overlay absolute fill\"><\/div>\n\t\t\t\n\n\t\t<\/div>\n\n\t\t\n\n\t\t<div class=\"section-content relative\">\n\t\t\t\n\n<div class=\"row\"  id=\"row-550456684\">\n\n\n\t<div id=\"col-910143404\" class=\"col small-12 large-12\"  >\n\t\t\t\t<div class=\"col-inner\" style=\"background-color:rgb(10, 33, 59);\" >\n\t\t\t\n\t\t\t\n\n<div class=\"slider-wrapper relative\" id=\"slider-1279537993\" >\n    <div class=\"slider slider-nav-dots-square slider-nav-simple slider-nav-normal slider-nav-light slider-style-normal\"\n        data-flickity-options='{\n            \"cellAlign\": \"center\",\n            \"imagesLoaded\": true,\n            \"lazyLoad\": 1,\n            \"freeScroll\": false,\n            \"wrapAround\": true,\n            \"autoPlay\": 3000,\n            \"pauseAutoPlayOnHover\" : true,\n            \"prevNextButtons\": true,\n            \"contain\" : true,\n            \"adaptiveHeight\" : true,\n            \"dragThreshold\" : 10,\n            \"percentPosition\": true,\n            \"pageDots\": true,\n            \"rightToLeft\": false,\n            \"draggable\": true,\n            \"selectedAttraction\": 0.1,\n            \"parallax\" : 0,\n            \"friction\": 0.6        }'\n        >\n        \n\n<div class=\"row align-center\"  id=\"row-1112216101\">\n\n\n\t<div id=\"col-272193617\" class=\"col medium-10 small-11 large-8\"  >\n\t\t\t\t<div class=\"col-inner text-center\"  >\n\t\t\t\n\t\t\t\n\n\n\t\t<div class=\"icon-box featured-box circle icon-box-center text-center\"  >\n\t\t\t\t\t<div class=\"icon-box-img\" style=\"width: 70px\">\n\t\t\t\t<div class=\"icon\">\n\t\t\t\t\t<div class=\"icon-inner\" >\n\t\t\t\t\t\t<img width=\"390\" height=\"372\" src=\"https:\/\/dev.wisdomignite.pt\/itconsulting\/wp-content\/uploads\/2022\/05\/Logo_Horizontal-sem-texto.jpg\" class=\"attachment-medium size-medium\" alt=\"\" loading=\"lazy\" \/>\t\t\t\t\t<\/div>\n\t\t\t\t<\/div>\n\t\t\t<\/div>\n\t\t\t\t<div class=\"icon-box-text last-reset\">\n\t\t\t\t\t\t\t\t\t\n\n<p>Empresa com elevada aten\u00e7\u00e3o e dedica\u00e7\u00e3o ao cliente denotando rigor profissional e conhecimento t\u00e9cnico na resolu\u00e7\u00e3o das situa\u00e7\u00f5es.<\/p>\n\n\t\t<\/div>\n\t<\/div>\n\t\n\t\n<div class=\"is-divider divider clearfix\" style=\"height:2px;\"><\/div>\n\n<h6>Dr. Paulo Direito<\/h6>\n<p>Agrupamento de Escolas de Santa B\u00e1rbara<\/p>\n\n\t\t<\/div>\n\t\t\t\t\t<\/div>\n\n\t\n\n<\/div>\n<div class=\"row align-center\"  id=\"row-954073737\">\n\n\n\t<div id=\"col-593085899\" class=\"col medium-10 small-11 large-8\"  >\n\t\t\t\t<div class=\"col-inner text-center\"  >\n\t\t\t\n\t\t\t\n\n\n\t\t<div class=\"icon-box featured-box circle icon-box-center text-center\"  >\n\t\t\t\t\t<div class=\"icon-box-img\" style=\"width: 70px\">\n\t\t\t\t<div class=\"icon\">\n\t\t\t\t\t<div class=\"icon-inner\" >\n\t\t\t\t\t\t<img width=\"400\" height=\"400\" src=\"https:\/\/dev.wisdomignite.pt\/itconsulting\/wp-content\/uploads\/2022\/03\/logo-coutinho-e-arezes-400x400-1.webp\" class=\"attachment-medium size-medium\" alt=\"\" loading=\"lazy\" srcset=\"https:\/\/dev.wisdomignite.pt\/itconsulting\/wp-content\/uploads\/2022\/03\/logo-coutinho-e-arezes-400x400-1.webp 400w, https:\/\/dev.wisdomignite.pt\/itconsulting\/wp-content\/uploads\/2022\/03\/logo-coutinho-e-arezes-400x400-1-280x280.webp 280w, https:\/\/dev.wisdomignite.pt\/itconsulting\/wp-content\/uploads\/2022\/03\/logo-coutinho-e-arezes-400x400-1-100x100.webp 100w\" sizes=\"(max-width: 400px) 100vw, 400px\" \/>\t\t\t\t\t<\/div>\n\t\t\t\t<\/div>\n\t\t\t<\/div>\n\t\t\t\t<div class=\"icon-box-text last-reset\">\n\t\t\t\t\t\t\t\t\t\n\n<p>A wisdom \u00e9 uma empresa jovem mas muito competente no que toca \u00e0 assist\u00eancia inform\u00e1tica. Trabalhamos em parceria desde a sua abertura. Recomendo.<\/p>\n\n\t\t<\/div>\n\t<\/div>\n\t\n\t\n<div class=\"is-divider divider clearfix\" style=\"height:2px;\"><\/div>\n\n<h6>Concei\u00e7\u00e3o Arezes<\/h6>\n<p>Coutinho & Arezes<\/p>\n\n\t\t<\/div>\n\t\t\t\t\t<\/div>\n\n\t\n\n<\/div>\n<div class=\"row align-center\"  id=\"row-1455360861\">\n\n\n\t<div id=\"col-1854576376\" class=\"col medium-10 small-11 large-8\"  >\n\t\t\t\t<div class=\"col-inner text-center\"  >\n\t\t\t\n\t\t\t\n\n\n\t\t<div class=\"icon-box featured-box circle icon-box-center text-center\"  >\n\t\t\t\t\t<div class=\"icon-box-img\" style=\"width: 70px\">\n\t\t\t\t<div class=\"icon\">\n\t\t\t\t\t<div class=\"icon-inner\" >\n\t\t\t\t\t\t<img width=\"400\" height=\"400\" src=\"https:\/\/dev.wisdomignite.pt\/itconsulting\/wp-content\/uploads\/2022\/03\/maqmais-400x400-1.webp\" class=\"attachment-medium size-medium\" alt=\"\" loading=\"lazy\" srcset=\"https:\/\/dev.wisdomignite.pt\/itconsulting\/wp-content\/uploads\/2022\/03\/maqmais-400x400-1.webp 400w, https:\/\/dev.wisdomignite.pt\/itconsulting\/wp-content\/uploads\/2022\/03\/maqmais-400x400-1-280x280.webp 280w, https:\/\/dev.wisdomignite.pt\/itconsulting\/wp-content\/uploads\/2022\/03\/maqmais-400x400-1-100x100.webp 100w\" sizes=\"(max-width: 400px) 100vw, 400px\" \/>\t\t\t\t\t<\/div>\n\t\t\t\t<\/div>\n\t\t\t<\/div>\n\t\t\t\t<div class=\"icon-box-text last-reset\">\n\t\t\t\t\t\t\t\t\t\n\n<p>A MAQMAIS, com uma parceria de alguns anos com a Wisdom, com diversificados servi\u00e7os na inform\u00e1tica e outros, sempre pautados, por uma rela\u00e7\u00e3o de confian\u00e7a perfeito compromisso e efic\u00e1cia. Gratos pela vossa disponibilidade e efici\u00eancia. Pretendemos continuar o nosso caminho em parceria, no sentido de continuar a inovar a nossa empresa com a vossa colabora\u00e7\u00e3o. Obrigado por tudo. Parab\u00e9ns!<\/p>\n\n\t\t<\/div>\n\t<\/div>\n\t\n\t\n<div class=\"is-divider divider clearfix\" style=\"height:2px;\"><\/div>\n\n<h6>Jos\u00e9 Sousa<\/h6>\n<p>MAQMAIS<\/p>\n\n\t\t<\/div>\n\t\t\t\t\t<\/div>\n\n\t\n\n<\/div>\n\n     <\/div>\n\n     <div class=\"loading-spin dark large centered\"><\/div>\n\n     \t<\/div>\n\n\n\n\t\t<\/div>\n\t\t\t\t\n<style>\n#col-910143404 > .col-inner {\n  padding: 5% 0px 5% 0px;\n  margin: -110px 0px 0px 0px;\n}\n<\/style>\n\t<\/div>\n\n\t\n\n\n<style>\n#row-550456684 > .col > .col-inner {\n  background-color: #2e36ff;\n}\n<\/style>\n<\/div>\n\n\t\t<\/div>\n\n\t\t\n<style>\n#section_1466437895 {\n  padding-top: 70px;\n  padding-bottom: 70px;\n  background-color: rgb(242, 242, 242);\n}\n#section_1466437895 .section-bg-overlay {\n  background-color: rgba(10, 33, 59, 0.4);\n}\n#section_1466437895 .section-bg.bg-loaded {\n  background-image: url(https:\/\/dev.wisdomignite.pt\/itconsulting\/wp-content\/uploads\/2022\/03\/equipamento-informatico.jpg);\n}\n#section_1466437895 .section-bg {\n  background-position: 10% 24%;\n}\n#section_1466437895 .ux-shape-divider--top svg {\n  height: 150px;\n  --divider-top-width: 100%;\n}\n#section_1466437895 .ux-shape-divider--bottom svg {\n  height: 150px;\n  --divider-width: 100%;\n}\n<\/style>\n\t<\/section>\n\t\n","protected":false},"excerpt":{"rendered":"","protected":false},"author":1,"featured_media":32047,"parent":0,"menu_order":0,"comment_status":"closed","ping_status":"closed","template":"page-blank.php","meta":{"inline_featured_image":false},"_links":{"self":[{"href":"https:\/\/dev.wisdomignite.pt\/itconsulting\/wp-json\/wp\/v2\/pages\/33177"}],"collection":[{"href":"https:\/\/dev.wisdomignite.pt\/itconsulting\/wp-json\/wp\/v2\/pages"}],"about":[{"href":"https:\/\/dev.wisdomignite.pt\/itconsulting\/wp-json\/wp\/v2\/types\/page"}],"author":[{"embeddable":true,"href":"https:\/\/dev.wisdomignite.pt\/itconsulting\/wp-json\/wp\/v2\/users\/1"}],"replies":[{"embeddable":true,"href":"https:\/\/dev.wisdomignite.pt\/itconsulting\/wp-json\/wp\/v2\/comments?post=33177"}],"version-history":[{"count":4,"href":"https:\/\/dev.wisdomignite.pt\/itconsulting\/wp-json\/wp\/v2\/pages\/33177\/revisions"}],"predecessor-version":[{"id":33238,"href":"https:\/\/dev.wisdomignite.pt\/itconsulting\/wp-json\/wp\/v2\/pages\/33177\/revisions\/33238"}],"wp:featuredmedia":[{"embeddable":true,"href":"https:\/\/dev.wisdomignite.pt\/itconsulting\/wp-json\/wp\/v2\/media\/32047"}],"wp:attachment":[{"href":"https:\/\/dev.wisdomignite.pt\/itconsulting\/wp-json\/wp\/v2\/media?parent=33177"}],"curies":[{"name":"wp","href":"https:\/\/api.w.org\/{rel}","templated":true}]}}